{"id":434,"date":"2023-08-22T02:47:23","date_gmt":"2023-08-22T02:47:23","guid":{"rendered":"https:\/\/hoanmy.com\/dongnai\/phaco\/?page_id=434"},"modified":"2026-03-26T10:26:43","modified_gmt":"2026-03-26T10:26:43","slug":"trang-chu","status":"publish","type":"page","link":"https:\/\/hoanmy.com\/vinh\/thai-san\/","title":{"rendered":"Trang ch\u1ee7"},"content":{"rendered":"","protected":false},"excerpt":{"rendered":"","protected":false},"author":1,"featured_media":0,"parent":0,"menu_order":0,"comment_status":"closed","ping_status":"closed","template":"page-templates\/page-template-3.php","meta":{"inline_featured_image":false,"footnotes":""},"class_list":["post-434","page","type-page","status-publish","hentry"],"acf":[],"yoast_head":"<!-- This site is optimized with the Yoast SEO plugin v23.1 - https:\/\/yoast.com\/wordpress\/plugins\/seo\/ -->\n<title>Sinh con tr\u1ecdn g\u00f3i Ho\u00e0n M\u1ef9 Vinh - T\u1eadp \u0111o\u00e0n y khoa Ho\u00e0n M\u1ef9<\/title>\n<meta name=\"description\" content=\"Sinh con tr\u1ecdn g\u00f3i t\u1ea1i B\u1ec7nh vi\u1ec7n Ho\u00e0n M\u1ef9 Vinh l\u00e0 s\u1ef1 l\u1ef1a ch\u1ecdn h\u00e0ng \u0111\u1ea7u t\u1ea1i khu v\u1ef1c Ngh\u1ec7 An n\u00f3i ri\u00eang v\u00e0 B\u1eafc Trung B\u1ed9 n\u00f3i chung. Xem th\u00eam \u0111\u1ec3 nh\u1eadn \u01b0u \u0111\u00e3i chi ti\u1ebft.\" \/>\n<meta name=\"robots\" content=\"index, follow, max-snippet:-1, max-image-preview:large, max-video-preview:-1\" \/>\n<link rel=\"canonical\" href=\"https:\/\/hoanmy.com\/vinh\/thai-san\/\" \/>\n<meta property=\"og:locale\" content=\"vi_VN\" \/>\n<meta property=\"og:type\" content=\"article\" \/>\n<meta property=\"og:title\" content=\"Sinh con tr\u1ecdn g\u00f3i Ho\u00e0n M\u1ef9 Vinh\" \/>\n<meta property=\"og:description\" content=\"Sinh con tr\u1ecdn g\u00f3i t\u1ea1i B\u1ec7nh vi\u1ec7n Ho\u00e0n M\u1ef9 Vinh l\u00e0 s\u1ef1 l\u1ef1a ch\u1ecdn h\u00e0ng \u0111\u1ea7u t\u1ea1i khu v\u1ef1c Ngh\u1ec7 An n\u00f3i ri\u00eang v\u00e0 B\u1eafc Trung B\u1ed9 n\u00f3i chung. Xem th\u00eam \u0111\u1ec3 nh\u1eadn \u01b0u \u0111\u00e3i chi ti\u1ebft.\" \/>\n<meta property=\"og:url\" content=\"https:\/\/hoanmy.com\/vinh\/thai-san\/\" \/>\n<meta property=\"og:site_name\" content=\"Hoan My\" \/>\n<meta property=\"article:modified_time\" content=\"2026-03-26T10:26:43+00:00\" \/>\n<meta property=\"og:image\" content=\"https:\/\/hoanmy.com\/vinh\/thai-san\/wp-content\/uploads\/2025\/04\/Landing-page_Phan-12_Thumbnail.jpg\" \/>\n\t<meta property=\"og:image:width\" content=\"1617\" \/>\n\t<meta property=\"og:image:height\" content=\"897\" \/>\n\t<meta property=\"og:image:type\" content=\"image\/jpeg\" \/>\n<meta name=\"twitter:card\" content=\"summary_large_image\" \/>\n<meta name=\"twitter:title\" content=\"Sinh con tr\u1ecdn g\u00f3i Ho\u00e0n M\u1ef9 Vinh\" \/>\n<meta name=\"twitter:description\" content=\"Sinh con tr\u1ecdn g\u00f3i t\u1ea1i B\u1ec7nh vi\u1ec7n Ho\u00e0n M\u1ef9 Vinh l\u00e0 s\u1ef1 l\u1ef1a ch\u1ecdn h\u00e0ng \u0111\u1ea7u t\u1ea1i khu v\u1ef1c Ngh\u1ec7 An n\u00f3i ri\u00eang v\u00e0 B\u1eafc Trung B\u1ed9 n\u00f3i chung. Xem th\u00eam \u0111\u1ec3 nh\u1eadn \u01b0u \u0111\u00e3i chi ti\u1ebft.\" \/>\n<meta name=\"twitter:image\" content=\"https:\/\/hoanmy.com\/vinh\/thai-san\/wp-content\/uploads\/2025\/04\/Landing-page_Phan-12_Thumbnail.jpg\" \/>\n<script type=\"application\/ld+json\" class=\"yoast-schema-graph\">{\"@context\":\"https:\/\/schema.org\",\"@graph\":[{\"@type\":\"WebPage\",\"@id\":\"https:\/\/hoanmy.com\/vinh\/thai-san\/\",\"url\":\"https:\/\/hoanmy.com\/vinh\/thai-san\/\",\"name\":\"Sinh con tr\u1ecdn g\u00f3i Ho\u00e0n M\u1ef9 Vinh - T\u1eadp \u0111o\u00e0n y khoa Ho\u00e0n M\u1ef9\",\"isPartOf\":{\"@id\":\"https:\/\/hoanmy.com\/vinh\/thai-san\/#website\"},\"datePublished\":\"2023-08-22T02:47:23+00:00\",\"dateModified\":\"2026-03-26T10:26:43+00:00\",\"description\":\"Sinh con tr\u1ecdn g\u00f3i t\u1ea1i B\u1ec7nh vi\u1ec7n Ho\u00e0n M\u1ef9 Vinh l\u00e0 s\u1ef1 l\u1ef1a ch\u1ecdn h\u00e0ng \u0111\u1ea7u t\u1ea1i khu v\u1ef1c Ngh\u1ec7 An n\u00f3i ri\u00eang v\u00e0 B\u1eafc Trung B\u1ed9 n\u00f3i chung. Xem th\u00eam \u0111\u1ec3 nh\u1eadn \u01b0u \u0111\u00e3i chi ti\u1ebft.\",\"breadcrumb\":{\"@id\":\"https:\/\/hoanmy.com\/vinh\/thai-san\/#breadcrumb\"},\"inLanguage\":\"vi\",\"potentialAction\":[{\"@type\":\"ReadAction\",\"target\":[\"https:\/\/hoanmy.com\/vinh\/thai-san\/\"]}]},{\"@type\":\"BreadcrumbList\",\"@id\":\"https:\/\/hoanmy.com\/vinh\/thai-san\/#breadcrumb\",\"itemListElement\":[{\"@type\":\"ListItem\",\"position\":1,\"name\":\"Trang ch\u1ee7\",\"item\":\"https:\/\/hoanmy.com\/vinh\/thai-san\/\"},{\"@type\":\"ListItem\",\"position\":2,\"name\":\"Trang ch\u1ee7\"}]},{\"@type\":\"WebSite\",\"@id\":\"https:\/\/hoanmy.com\/vinh\/thai-san\/#website\",\"url\":\"https:\/\/hoanmy.com\/vinh\/thai-san\/\",\"name\":\"Hoan My\",\"description\":\"M\u1ed9t trang web m\u1edbi s\u1eed d\u1ee5ng WordPress\",\"potentialAction\":[{\"@type\":\"SearchAction\",\"target\":{\"@type\":\"EntryPoint\",\"urlTemplate\":\"https:\/\/hoanmy.com\/vinh\/thai-san\/?s={search_term_string}\"},\"query-input\":\"required name=search_term_string\"}],\"inLanguage\":\"vi\"}]}<\/script>\n<!-- \/ Yoast SEO plugin. -->","yoast_head_json":{"title":"Sinh con tr\u1ecdn g\u00f3i Ho\u00e0n M\u1ef9 Vinh - T\u1eadp \u0111o\u00e0n y khoa Ho\u00e0n M\u1ef9","description":"Sinh con tr\u1ecdn g\u00f3i t\u1ea1i B\u1ec7nh vi\u1ec7n Ho\u00e0n M\u1ef9 Vinh l\u00e0 s\u1ef1 l\u1ef1a ch\u1ecdn h\u00e0ng \u0111\u1ea7u t\u1ea1i khu v\u1ef1c Ngh\u1ec7 An n\u00f3i ri\u00eang v\u00e0 B\u1eafc Trung B\u1ed9 n\u00f3i chung. Xem th\u00eam \u0111\u1ec3 nh\u1eadn \u01b0u \u0111\u00e3i chi ti\u1ebft.","robots":{"index":"index","follow":"follow","max-snippet":"max-snippet:-1","max-image-preview":"max-image-preview:large","max-video-preview":"max-video-preview:-1"},"canonical":"https:\/\/hoanmy.com\/vinh\/thai-san\/","og_locale":"vi_VN","og_type":"article","og_title":"Sinh con tr\u1ecdn g\u00f3i Ho\u00e0n M\u1ef9 Vinh","og_description":"Sinh con tr\u1ecdn g\u00f3i t\u1ea1i B\u1ec7nh vi\u1ec7n Ho\u00e0n M\u1ef9 Vinh l\u00e0 s\u1ef1 l\u1ef1a ch\u1ecdn h\u00e0ng \u0111\u1ea7u t\u1ea1i khu v\u1ef1c Ngh\u1ec7 An n\u00f3i ri\u00eang v\u00e0 B\u1eafc Trung B\u1ed9 n\u00f3i chung. Xem th\u00eam \u0111\u1ec3 nh\u1eadn \u01b0u \u0111\u00e3i chi ti\u1ebft.","og_url":"https:\/\/hoanmy.com\/vinh\/thai-san\/","og_site_name":"Hoan My","article_modified_time":"2026-03-26T10:26:43+00:00","og_image":[{"width":1617,"height":897,"url":"https:\/\/hoanmy.com\/vinh\/thai-san\/wp-content\/uploads\/2025\/04\/Landing-page_Phan-12_Thumbnail.jpg","type":"image\/jpeg"}],"twitter_card":"summary_large_image","twitter_title":"Sinh con tr\u1ecdn g\u00f3i Ho\u00e0n M\u1ef9 Vinh","twitter_description":"Sinh con tr\u1ecdn g\u00f3i t\u1ea1i B\u1ec7nh vi\u1ec7n Ho\u00e0n M\u1ef9 Vinh l\u00e0 s\u1ef1 l\u1ef1a ch\u1ecdn h\u00e0ng \u0111\u1ea7u t\u1ea1i khu v\u1ef1c Ngh\u1ec7 An n\u00f3i ri\u00eang v\u00e0 B\u1eafc Trung B\u1ed9 n\u00f3i chung. Xem th\u00eam \u0111\u1ec3 nh\u1eadn \u01b0u \u0111\u00e3i chi ti\u1ebft.","twitter_image":"https:\/\/hoanmy.com\/vinh\/thai-san\/wp-content\/uploads\/2025\/04\/Landing-page_Phan-12_Thumbnail.jpg","schema":{"@context":"https:\/\/schema.org","@graph":[{"@type":"WebPage","@id":"https:\/\/hoanmy.com\/vinh\/thai-san\/","url":"https:\/\/hoanmy.com\/vinh\/thai-san\/","name":"Sinh con tr\u1ecdn g\u00f3i Ho\u00e0n M\u1ef9 Vinh - T\u1eadp \u0111o\u00e0n y khoa Ho\u00e0n M\u1ef9","isPartOf":{"@id":"https:\/\/hoanmy.com\/vinh\/thai-san\/#website"},"datePublished":"2023-08-22T02:47:23+00:00","dateModified":"2026-03-26T10:26:43+00:00","description":"Sinh con tr\u1ecdn g\u00f3i t\u1ea1i B\u1ec7nh vi\u1ec7n Ho\u00e0n M\u1ef9 Vinh l\u00e0 s\u1ef1 l\u1ef1a ch\u1ecdn h\u00e0ng \u0111\u1ea7u t\u1ea1i khu v\u1ef1c Ngh\u1ec7 An n\u00f3i ri\u00eang v\u00e0 B\u1eafc Trung B\u1ed9 n\u00f3i chung. Xem th\u00eam \u0111\u1ec3 nh\u1eadn \u01b0u \u0111\u00e3i chi ti\u1ebft.","breadcrumb":{"@id":"https:\/\/hoanmy.com\/vinh\/thai-san\/#breadcrumb"},"inLanguage":"vi","potentialAction":[{"@type":"ReadAction","target":["https:\/\/hoanmy.com\/vinh\/thai-san\/"]}]},{"@type":"BreadcrumbList","@id":"https:\/\/hoanmy.com\/vinh\/thai-san\/#breadcrumb","itemListElement":[{"@type":"ListItem","position":1,"name":"Trang ch\u1ee7","item":"https:\/\/hoanmy.com\/vinh\/thai-san\/"},{"@type":"ListItem","position":2,"name":"Trang ch\u1ee7"}]},{"@type":"WebSite","@id":"https:\/\/hoanmy.com\/vinh\/thai-san\/#website","url":"https:\/\/hoanmy.com\/vinh\/thai-san\/","name":"Hoan My","description":"M\u1ed9t trang web m\u1edbi s\u1eed d\u1ee5ng WordPress","potentialAction":[{"@type":"SearchAction","target":{"@type":"EntryPoint","urlTemplate":"https:\/\/hoanmy.com\/vinh\/thai-san\/?s={search_term_string}"},"query-input":"required name=search_term_string"}],"inLanguage":"vi"}]}},"_links":{"self":[{"href":"https:\/\/hoanmy.com\/vinh\/thai-san\/wp-json\/wp\/v2\/pages\/434"}],"collection":[{"href":"https:\/\/hoanmy.com\/vinh\/thai-san\/wp-json\/wp\/v2\/pages"}],"about":[{"href":"https:\/\/hoanmy.com\/vinh\/thai-san\/wp-json\/wp\/v2\/types\/page"}],"author":[{"embeddable":true,"href":"https:\/\/hoanmy.com\/vinh\/thai-san\/wp-json\/wp\/v2\/users\/1"}],"replies":[{"embeddable":true,"href":"https:\/\/hoanmy.com\/vinh\/thai-san\/wp-json\/wp\/v2\/comments?post=434"}],"version-history":[{"count":327,"href":"https:\/\/hoanmy.com\/vinh\/thai-san\/wp-json\/wp\/v2\/pages\/434\/revisions"}],"predecessor-version":[{"id":1277,"href":"https:\/\/hoanmy.com\/vinh\/thai-san\/wp-json\/wp\/v2\/pages\/434\/revisions\/1277"}],"wp:attachment":[{"href":"https:\/\/hoanmy.com\/vinh\/thai-san\/wp-json\/wp\/v2\/media?parent=434"}],"curies":[{"name":"wp","href":"https:\/\/api.w.org\/{rel}","templated":true}]}}