{"id":5,"date":"2023-04-10T07:54:47","date_gmt":"2023-04-10T07:54:47","guid":{"rendered":"https:\/\/hoanmy.com\/cuulong\/san\/?page_id=5"},"modified":"2025-12-11T08:45:39","modified_gmt":"2025-12-11T08:45:39","slug":"homepage","status":"publish","type":"page","link":"https:\/\/hoanmy.com\/saigon\/thai-san\/","title":{"rendered":"Homepage"},"content":{"rendered":"","protected":false},"excerpt":{"rendered":"","protected":false},"author":1,"featured_media":62,"parent":0,"menu_order":0,"comment_status":"closed","ping_status":"closed","template":"page-templates\/page-campaign.php","meta":{"inline_featured_image":false,"footnotes":""},"class_list":["post-5","page","type-page","status-publish","has-post-thumbnail","hentry"],"acf":[],"yoast_head":"<!-- This site is optimized with the Yoast SEO plugin v23.1 - https:\/\/yoast.com\/wordpress\/plugins\/seo\/ -->\n<title>Sinh con tr\u1ecdn g\u00f3i - B\u1ec7nh vi\u1ec7n Ho\u00e0n M\u1ef9 S\u00e0i G\u00f2n<\/title>\n<meta name=\"description\" content=\"H\u1ea1nh ph\u00fac Ho\u00e0n M\u1ef9, b\u00e9 kh\u1ecfe m\u1eb9 y\u00eau. B\u1ec7nh vi\u1ec7n Ho\u00e0n M\u1ef9 S\u00e0i G\u00f2n xin ng\u1ecf l\u1eddi tr\u1edf th\u00e0nh ng\u01b0\u1eddi b\u1ea1n \u0111\u1ed3ng h\u00e0nh c\u00f9ng m\u1eb9 \u201cv\u01b0\u1ee3t c\u1ea1n y\u00eau th\u01b0\u01a1ng\u201d v\u1edbi g\u00f3i sinh H\u1ea1nh Ph\u00fac Ho\u00e0n M\u1ef9. Theo \u0111\u00f3, khi tham gia g\u00f3i sinh \u1edf b\u1ea5t k\u1ef3 tu\u1ea7n thai n\u00e0o, b\u1ea1n s\u1ebd nh\u1eadn \u0111\u01b0\u1ee3c s\u1ef1 h\u1ed7 tr\u1ee3 t\u1ed1t nh\u1ea5t t\u1eeb \u0111\u1ed9i ng\u0169 y b\u00e1c s\u0129, \u0111i\u1ec1u d\u01b0\u1ee1ng c\u0169ng nh\u01b0 h\u1ed9 l\u00fd t\u1ea1i Khoa S\u1ea3n. Ch\u00fang t\u00f4i tin r\u1eb1ng b\u1eb1ng vi\u1ec7c cung c\u1ea5p nh\u1eefng ngu\u1ed3n th\u00f4ng tin \u0111\u1ea3m b\u1ea3o t\u1eeb c\u00e1c B\u00e1c s\u0129 c\u00f3 chuy\u00ean m\u00f4n cao ch\u00ednh l\u00e0 h\u00e0nh trang c\u1ea7n thi\u1ebft \u0111\u1ec3 b\u1ea1n \u0111\u00f3n ch\u00e0o thi\u00ean th\u1ea7n nh\u1ecf c\u1ee7a m\u00ecnh.\" \/>\n<meta name=\"robots\" content=\"index, follow, max-snippet:-1, max-image-preview:large, max-video-preview:-1\" \/>\n<link rel=\"canonical\" href=\"https:\/\/hoanmy.com\/saigon\/thai-san\/\" \/>\n<meta property=\"og:locale\" content=\"vi_VN\" \/>\n<meta property=\"og:type\" content=\"article\" \/>\n<meta property=\"og:title\" content=\"Sinh con tr\u1ecdn g\u00f3i - B\u1ec7nh vi\u1ec7n Ho\u00e0n M\u1ef9 S\u00e0i G\u00f2n\" \/>\n<meta property=\"og:description\" content=\"H\u1ea1nh ph\u00fac Ho\u00e0n M\u1ef9, b\u00e9 kh\u1ecfe m\u1eb9 y\u00eau. B\u1ec7nh vi\u1ec7n Ho\u00e0n M\u1ef9 S\u00e0i G\u00f2n xin ng\u1ecf l\u1eddi tr\u1edf th\u00e0nh ng\u01b0\u1eddi b\u1ea1n \u0111\u1ed3ng h\u00e0nh c\u00f9ng m\u1eb9 \u201cv\u01b0\u1ee3t c\u1ea1n y\u00eau th\u01b0\u01a1ng\u201d v\u1edbi g\u00f3i sinh H\u1ea1nh Ph\u00fac Ho\u00e0n M\u1ef9. Theo \u0111\u00f3, khi tham gia g\u00f3i sinh \u1edf b\u1ea5t k\u1ef3 tu\u1ea7n thai n\u00e0o, b\u1ea1n s\u1ebd nh\u1eadn \u0111\u01b0\u1ee3c s\u1ef1 h\u1ed7 tr\u1ee3 t\u1ed1t nh\u1ea5t t\u1eeb \u0111\u1ed9i ng\u0169 y b\u00e1c s\u0129, \u0111i\u1ec1u d\u01b0\u1ee1ng c\u0169ng nh\u01b0 h\u1ed9 l\u00fd t\u1ea1i Khoa S\u1ea3n. Ch\u00fang t\u00f4i tin r\u1eb1ng b\u1eb1ng vi\u1ec7c cung c\u1ea5p nh\u1eefng ngu\u1ed3n th\u00f4ng tin \u0111\u1ea3m b\u1ea3o t\u1eeb c\u00e1c B\u00e1c s\u0129 c\u00f3 chuy\u00ean m\u00f4n cao ch\u00ednh l\u00e0 h\u00e0nh trang c\u1ea7n thi\u1ebft \u0111\u1ec3 b\u1ea1n \u0111\u00f3n ch\u00e0o thi\u00ean th\u1ea7n nh\u1ecf c\u1ee7a m\u00ecnh.\" \/>\n<meta property=\"og:url\" content=\"https:\/\/hoanmy.com\/saigon\/thai-san\/\" \/>\n<meta property=\"og:site_name\" content=\"Hoan My\" \/>\n<meta property=\"article:modified_time\" content=\"2025-12-11T08:45:39+00:00\" \/>\n<meta property=\"og:image\" content=\"https:\/\/hoanmy.com\/saigon\/thai-san\/wp-content\/uploads\/2023\/04\/thumbnail.png\" \/>\n\t<meta property=\"og:image:width\" content=\"786\" \/>\n\t<meta property=\"og:image:height\" content=\"544\" \/>\n\t<meta property=\"og:image:type\" content=\"image\/png\" \/>\n<meta name=\"twitter:card\" content=\"summary_large_image\" \/>\n<meta name=\"twitter:title\" content=\"Sinh con tr\u1ecdn g\u00f3i - B\u1ec7nh vi\u1ec7n Ho\u00e0n M\u1ef9 S\u00e0i G\u00f2n\" \/>\n<meta name=\"twitter:description\" content=\"H\u1ea1nh ph\u00fac Ho\u00e0n M\u1ef9, b\u00e9 kh\u1ecfe m\u1eb9 y\u00eau. B\u1ec7nh vi\u1ec7n Ho\u00e0n M\u1ef9 S\u00e0i G\u00f2n xin ng\u1ecf l\u1eddi tr\u1edf th\u00e0nh ng\u01b0\u1eddi b\u1ea1n \u0111\u1ed3ng h\u00e0nh c\u00f9ng m\u1eb9 \u201cv\u01b0\u1ee3t c\u1ea1n y\u00eau th\u01b0\u01a1ng\u201d v\u1edbi g\u00f3i sinh H\u1ea1nh Ph\u00fac Ho\u00e0n M\u1ef9. Theo \u0111\u00f3, khi tham gia g\u00f3i sinh \u1edf b\u1ea5t k\u1ef3 tu\u1ea7n thai n\u00e0o, b\u1ea1n s\u1ebd nh\u1eadn \u0111\u01b0\u1ee3c s\u1ef1 h\u1ed7 tr\u1ee3 t\u1ed1t nh\u1ea5t t\u1eeb \u0111\u1ed9i ng\u0169 y b\u00e1c s\u0129, \u0111i\u1ec1u d\u01b0\u1ee1ng c\u0169ng nh\u01b0 h\u1ed9 l\u00fd t\u1ea1i Khoa S\u1ea3n. Ch\u00fang t\u00f4i tin r\u1eb1ng b\u1eb1ng vi\u1ec7c cung c\u1ea5p nh\u1eefng ngu\u1ed3n th\u00f4ng tin \u0111\u1ea3m b\u1ea3o t\u1eeb c\u00e1c B\u00e1c s\u0129 c\u00f3 chuy\u00ean m\u00f4n cao ch\u00ednh l\u00e0 h\u00e0nh trang c\u1ea7n thi\u1ebft \u0111\u1ec3 b\u1ea1n \u0111\u00f3n ch\u00e0o thi\u00ean th\u1ea7n nh\u1ecf c\u1ee7a m\u00ecnh.\" \/>\n<meta name=\"twitter:image\" content=\"https:\/\/hoanmy.com\/saigon\/thai-san\/wp-content\/uploads\/2023\/04\/thumbnail.png\" \/>\n<meta name=\"twitter:label1\" content=\"\u01af\u1edbc t\u00ednh th\u1eddi gian \u0111\u1ecdc\" \/>\n\t<meta name=\"twitter:data1\" content=\"1 ph\u00fat\" \/>\n<script type=\"application\/ld+json\" class=\"yoast-schema-graph\">{\"@context\":\"https:\/\/schema.org\",\"@graph\":[{\"@type\":\"WebPage\",\"@id\":\"https:\/\/hoanmy.com\/saigon\/thai-san\/\",\"url\":\"https:\/\/hoanmy.com\/saigon\/thai-san\/\",\"name\":\"Sinh con tr\u1ecdn g\u00f3i - B\u1ec7nh vi\u1ec7n Ho\u00e0n M\u1ef9 S\u00e0i G\u00f2n\",\"isPartOf\":{\"@id\":\"https:\/\/hoanmy.com\/saigon\/thai-san\/#website\"},\"primaryImageOfPage\":{\"@id\":\"https:\/\/hoanmy.com\/saigon\/thai-san\/#primaryimage\"},\"image\":{\"@id\":\"https:\/\/hoanmy.com\/saigon\/thai-san\/#primaryimage\"},\"thumbnailUrl\":\"https:\/\/hoanmy.com\/saigon\/thai-san\/wp-content\/uploads\/2023\/04\/thumbnail.png\",\"datePublished\":\"2023-04-10T07:54:47+00:00\",\"dateModified\":\"2025-12-11T08:45:39+00:00\",\"description\":\"H\u1ea1nh ph\u00fac Ho\u00e0n M\u1ef9, b\u00e9 kh\u1ecfe m\u1eb9 y\u00eau. B\u1ec7nh vi\u1ec7n Ho\u00e0n M\u1ef9 S\u00e0i G\u00f2n xin ng\u1ecf l\u1eddi tr\u1edf th\u00e0nh ng\u01b0\u1eddi b\u1ea1n \u0111\u1ed3ng h\u00e0nh c\u00f9ng m\u1eb9 \u201cv\u01b0\u1ee3t c\u1ea1n y\u00eau th\u01b0\u01a1ng\u201d v\u1edbi g\u00f3i sinh H\u1ea1nh Ph\u00fac Ho\u00e0n M\u1ef9. Theo \u0111\u00f3, khi tham gia g\u00f3i sinh \u1edf b\u1ea5t k\u1ef3 tu\u1ea7n thai n\u00e0o, b\u1ea1n s\u1ebd nh\u1eadn \u0111\u01b0\u1ee3c s\u1ef1 h\u1ed7 tr\u1ee3 t\u1ed1t nh\u1ea5t t\u1eeb \u0111\u1ed9i ng\u0169 y b\u00e1c s\u0129, \u0111i\u1ec1u d\u01b0\u1ee1ng c\u0169ng nh\u01b0 h\u1ed9 l\u00fd t\u1ea1i Khoa S\u1ea3n. Ch\u00fang t\u00f4i tin r\u1eb1ng b\u1eb1ng vi\u1ec7c cung c\u1ea5p nh\u1eefng ngu\u1ed3n th\u00f4ng tin \u0111\u1ea3m b\u1ea3o t\u1eeb c\u00e1c B\u00e1c s\u0129 c\u00f3 chuy\u00ean m\u00f4n cao ch\u00ednh l\u00e0 h\u00e0nh trang c\u1ea7n thi\u1ebft \u0111\u1ec3 b\u1ea1n \u0111\u00f3n ch\u00e0o thi\u00ean th\u1ea7n nh\u1ecf c\u1ee7a m\u00ecnh.\",\"breadcrumb\":{\"@id\":\"https:\/\/hoanmy.com\/saigon\/thai-san\/#breadcrumb\"},\"inLanguage\":\"vi\",\"potentialAction\":[{\"@type\":\"ReadAction\",\"target\":[\"https:\/\/hoanmy.com\/saigon\/thai-san\/\"]}]},{\"@type\":\"ImageObject\",\"inLanguage\":\"vi\",\"@id\":\"https:\/\/hoanmy.com\/saigon\/thai-san\/#primaryimage\",\"url\":\"https:\/\/hoanmy.com\/saigon\/thai-san\/wp-content\/uploads\/2023\/04\/thumbnail.png\",\"contentUrl\":\"https:\/\/hoanmy.com\/saigon\/thai-san\/wp-content\/uploads\/2023\/04\/thumbnail.png\",\"width\":786,\"height\":544},{\"@type\":\"BreadcrumbList\",\"@id\":\"https:\/\/hoanmy.com\/saigon\/thai-san\/#breadcrumb\",\"itemListElement\":[{\"@type\":\"ListItem\",\"position\":1,\"name\":\"Trang ch\u1ee7\",\"item\":\"https:\/\/hoanmy.com\/saigon\/thai-san\/\"},{\"@type\":\"ListItem\",\"position\":2,\"name\":\"Homepage\"}]},{\"@type\":\"WebSite\",\"@id\":\"https:\/\/hoanmy.com\/saigon\/thai-san\/#website\",\"url\":\"https:\/\/hoanmy.com\/saigon\/thai-san\/\",\"name\":\"Hoan My\",\"description\":\"M\u1ed9t trang web m\u1edbi s\u1eed d\u1ee5ng WordPress\",\"potentialAction\":[{\"@type\":\"SearchAction\",\"target\":{\"@type\":\"EntryPoint\",\"urlTemplate\":\"https:\/\/hoanmy.com\/saigon\/thai-san\/?s={search_term_string}\"},\"query-input\":\"required name=search_term_string\"}],\"inLanguage\":\"vi\"}]}<\/script>\n<!-- \/ Yoast SEO plugin. -->","yoast_head_json":{"title":"Sinh con tr\u1ecdn g\u00f3i - B\u1ec7nh vi\u1ec7n Ho\u00e0n M\u1ef9 S\u00e0i G\u00f2n","description":"H\u1ea1nh ph\u00fac Ho\u00e0n M\u1ef9, b\u00e9 kh\u1ecfe m\u1eb9 y\u00eau. B\u1ec7nh vi\u1ec7n Ho\u00e0n M\u1ef9 S\u00e0i G\u00f2n xin ng\u1ecf l\u1eddi tr\u1edf th\u00e0nh ng\u01b0\u1eddi b\u1ea1n \u0111\u1ed3ng h\u00e0nh c\u00f9ng m\u1eb9 \u201cv\u01b0\u1ee3t c\u1ea1n y\u00eau th\u01b0\u01a1ng\u201d v\u1edbi g\u00f3i sinh H\u1ea1nh Ph\u00fac Ho\u00e0n M\u1ef9. Theo \u0111\u00f3, khi tham gia g\u00f3i sinh \u1edf b\u1ea5t k\u1ef3 tu\u1ea7n thai n\u00e0o, b\u1ea1n s\u1ebd nh\u1eadn \u0111\u01b0\u1ee3c s\u1ef1 h\u1ed7 tr\u1ee3 t\u1ed1t nh\u1ea5t t\u1eeb \u0111\u1ed9i ng\u0169 y b\u00e1c s\u0129, \u0111i\u1ec1u d\u01b0\u1ee1ng c\u0169ng nh\u01b0 h\u1ed9 l\u00fd t\u1ea1i Khoa S\u1ea3n. Ch\u00fang t\u00f4i tin r\u1eb1ng b\u1eb1ng vi\u1ec7c cung c\u1ea5p nh\u1eefng ngu\u1ed3n th\u00f4ng tin \u0111\u1ea3m b\u1ea3o t\u1eeb c\u00e1c B\u00e1c s\u0129 c\u00f3 chuy\u00ean m\u00f4n cao ch\u00ednh l\u00e0 h\u00e0nh trang c\u1ea7n thi\u1ebft \u0111\u1ec3 b\u1ea1n \u0111\u00f3n ch\u00e0o thi\u00ean th\u1ea7n nh\u1ecf c\u1ee7a m\u00ecnh.","robots":{"index":"index","follow":"follow","max-snippet":"max-snippet:-1","max-image-preview":"max-image-preview:large","max-video-preview":"max-video-preview:-1"},"canonical":"https:\/\/hoanmy.com\/saigon\/thai-san\/","og_locale":"vi_VN","og_type":"article","og_title":"Sinh con tr\u1ecdn g\u00f3i - B\u1ec7nh vi\u1ec7n Ho\u00e0n M\u1ef9 S\u00e0i G\u00f2n","og_description":"H\u1ea1nh ph\u00fac Ho\u00e0n M\u1ef9, b\u00e9 kh\u1ecfe m\u1eb9 y\u00eau. B\u1ec7nh vi\u1ec7n Ho\u00e0n M\u1ef9 S\u00e0i G\u00f2n xin ng\u1ecf l\u1eddi tr\u1edf th\u00e0nh ng\u01b0\u1eddi b\u1ea1n \u0111\u1ed3ng h\u00e0nh c\u00f9ng m\u1eb9 \u201cv\u01b0\u1ee3t c\u1ea1n y\u00eau th\u01b0\u01a1ng\u201d v\u1edbi g\u00f3i sinh H\u1ea1nh Ph\u00fac Ho\u00e0n M\u1ef9. Theo \u0111\u00f3, khi tham gia g\u00f3i sinh \u1edf b\u1ea5t k\u1ef3 tu\u1ea7n thai n\u00e0o, b\u1ea1n s\u1ebd nh\u1eadn \u0111\u01b0\u1ee3c s\u1ef1 h\u1ed7 tr\u1ee3 t\u1ed1t nh\u1ea5t t\u1eeb \u0111\u1ed9i ng\u0169 y b\u00e1c s\u0129, \u0111i\u1ec1u d\u01b0\u1ee1ng c\u0169ng nh\u01b0 h\u1ed9 l\u00fd t\u1ea1i Khoa S\u1ea3n. Ch\u00fang t\u00f4i tin r\u1eb1ng b\u1eb1ng vi\u1ec7c cung c\u1ea5p nh\u1eefng ngu\u1ed3n th\u00f4ng tin \u0111\u1ea3m b\u1ea3o t\u1eeb c\u00e1c B\u00e1c s\u0129 c\u00f3 chuy\u00ean m\u00f4n cao ch\u00ednh l\u00e0 h\u00e0nh trang c\u1ea7n thi\u1ebft \u0111\u1ec3 b\u1ea1n \u0111\u00f3n ch\u00e0o thi\u00ean th\u1ea7n nh\u1ecf c\u1ee7a m\u00ecnh.","og_url":"https:\/\/hoanmy.com\/saigon\/thai-san\/","og_site_name":"Hoan My","article_modified_time":"2025-12-11T08:45:39+00:00","og_image":[{"width":786,"height":544,"url":"https:\/\/hoanmy.com\/saigon\/thai-san\/wp-content\/uploads\/2023\/04\/thumbnail.png","type":"image\/png"}],"twitter_card":"summary_large_image","twitter_title":"Sinh con tr\u1ecdn g\u00f3i - B\u1ec7nh vi\u1ec7n Ho\u00e0n M\u1ef9 S\u00e0i G\u00f2n","twitter_description":"H\u1ea1nh ph\u00fac Ho\u00e0n M\u1ef9, b\u00e9 kh\u1ecfe m\u1eb9 y\u00eau. B\u1ec7nh vi\u1ec7n Ho\u00e0n M\u1ef9 S\u00e0i G\u00f2n xin ng\u1ecf l\u1eddi tr\u1edf th\u00e0nh ng\u01b0\u1eddi b\u1ea1n \u0111\u1ed3ng h\u00e0nh c\u00f9ng m\u1eb9 \u201cv\u01b0\u1ee3t c\u1ea1n y\u00eau th\u01b0\u01a1ng\u201d v\u1edbi g\u00f3i sinh H\u1ea1nh Ph\u00fac Ho\u00e0n M\u1ef9. Theo \u0111\u00f3, khi tham gia g\u00f3i sinh \u1edf b\u1ea5t k\u1ef3 tu\u1ea7n thai n\u00e0o, b\u1ea1n s\u1ebd nh\u1eadn \u0111\u01b0\u1ee3c s\u1ef1 h\u1ed7 tr\u1ee3 t\u1ed1t nh\u1ea5t t\u1eeb \u0111\u1ed9i ng\u0169 y b\u00e1c s\u0129, \u0111i\u1ec1u d\u01b0\u1ee1ng c\u0169ng nh\u01b0 h\u1ed9 l\u00fd t\u1ea1i Khoa S\u1ea3n. Ch\u00fang t\u00f4i tin r\u1eb1ng b\u1eb1ng vi\u1ec7c cung c\u1ea5p nh\u1eefng ngu\u1ed3n th\u00f4ng tin \u0111\u1ea3m b\u1ea3o t\u1eeb c\u00e1c B\u00e1c s\u0129 c\u00f3 chuy\u00ean m\u00f4n cao ch\u00ednh l\u00e0 h\u00e0nh trang c\u1ea7n thi\u1ebft \u0111\u1ec3 b\u1ea1n \u0111\u00f3n ch\u00e0o thi\u00ean th\u1ea7n nh\u1ecf c\u1ee7a m\u00ecnh.","twitter_image":"https:\/\/hoanmy.com\/saigon\/thai-san\/wp-content\/uploads\/2023\/04\/thumbnail.png","twitter_misc":{"\u01af\u1edbc t\u00ednh th\u1eddi gian \u0111\u1ecdc":"1 ph\u00fat"},"schema":{"@context":"https:\/\/schema.org","@graph":[{"@type":"WebPage","@id":"https:\/\/hoanmy.com\/saigon\/thai-san\/","url":"https:\/\/hoanmy.com\/saigon\/thai-san\/","name":"Sinh con tr\u1ecdn g\u00f3i - B\u1ec7nh vi\u1ec7n Ho\u00e0n M\u1ef9 S\u00e0i G\u00f2n","isPartOf":{"@id":"https:\/\/hoanmy.com\/saigon\/thai-san\/#website"},"primaryImageOfPage":{"@id":"https:\/\/hoanmy.com\/saigon\/thai-san\/#primaryimage"},"image":{"@id":"https:\/\/hoanmy.com\/saigon\/thai-san\/#primaryimage"},"thumbnailUrl":"https:\/\/hoanmy.com\/saigon\/thai-san\/wp-content\/uploads\/2023\/04\/thumbnail.png","datePublished":"2023-04-10T07:54:47+00:00","dateModified":"2025-12-11T08:45:39+00:00","description":"H\u1ea1nh ph\u00fac Ho\u00e0n M\u1ef9, b\u00e9 kh\u1ecfe m\u1eb9 y\u00eau. B\u1ec7nh vi\u1ec7n Ho\u00e0n M\u1ef9 S\u00e0i G\u00f2n xin ng\u1ecf l\u1eddi tr\u1edf th\u00e0nh ng\u01b0\u1eddi b\u1ea1n \u0111\u1ed3ng h\u00e0nh c\u00f9ng m\u1eb9 \u201cv\u01b0\u1ee3t c\u1ea1n y\u00eau th\u01b0\u01a1ng\u201d v\u1edbi g\u00f3i sinh H\u1ea1nh Ph\u00fac Ho\u00e0n M\u1ef9. Theo \u0111\u00f3, khi tham gia g\u00f3i sinh \u1edf b\u1ea5t k\u1ef3 tu\u1ea7n thai n\u00e0o, b\u1ea1n s\u1ebd nh\u1eadn \u0111\u01b0\u1ee3c s\u1ef1 h\u1ed7 tr\u1ee3 t\u1ed1t nh\u1ea5t t\u1eeb \u0111\u1ed9i ng\u0169 y b\u00e1c s\u0129, \u0111i\u1ec1u d\u01b0\u1ee1ng c\u0169ng nh\u01b0 h\u1ed9 l\u00fd t\u1ea1i Khoa S\u1ea3n. Ch\u00fang t\u00f4i tin r\u1eb1ng b\u1eb1ng vi\u1ec7c cung c\u1ea5p nh\u1eefng ngu\u1ed3n th\u00f4ng tin \u0111\u1ea3m b\u1ea3o t\u1eeb c\u00e1c B\u00e1c s\u0129 c\u00f3 chuy\u00ean m\u00f4n cao ch\u00ednh l\u00e0 h\u00e0nh trang c\u1ea7n thi\u1ebft \u0111\u1ec3 b\u1ea1n \u0111\u00f3n ch\u00e0o thi\u00ean th\u1ea7n nh\u1ecf c\u1ee7a m\u00ecnh.","breadcrumb":{"@id":"https:\/\/hoanmy.com\/saigon\/thai-san\/#breadcrumb"},"inLanguage":"vi","potentialAction":[{"@type":"ReadAction","target":["https:\/\/hoanmy.com\/saigon\/thai-san\/"]}]},{"@type":"ImageObject","inLanguage":"vi","@id":"https:\/\/hoanmy.com\/saigon\/thai-san\/#primaryimage","url":"https:\/\/hoanmy.com\/saigon\/thai-san\/wp-content\/uploads\/2023\/04\/thumbnail.png","contentUrl":"https:\/\/hoanmy.com\/saigon\/thai-san\/wp-content\/uploads\/2023\/04\/thumbnail.png","width":786,"height":544},{"@type":"BreadcrumbList","@id":"https:\/\/hoanmy.com\/saigon\/thai-san\/#breadcrumb","itemListElement":[{"@type":"ListItem","position":1,"name":"Trang ch\u1ee7","item":"https:\/\/hoanmy.com\/saigon\/thai-san\/"},{"@type":"ListItem","position":2,"name":"Homepage"}]},{"@type":"WebSite","@id":"https:\/\/hoanmy.com\/saigon\/thai-san\/#website","url":"https:\/\/hoanmy.com\/saigon\/thai-san\/","name":"Hoan My","description":"M\u1ed9t trang web m\u1edbi s\u1eed d\u1ee5ng WordPress","potentialAction":[{"@type":"SearchAction","target":{"@type":"EntryPoint","urlTemplate":"https:\/\/hoanmy.com\/saigon\/thai-san\/?s={search_term_string}"},"query-input":"required name=search_term_string"}],"inLanguage":"vi"}]}},"_links":{"self":[{"href":"https:\/\/hoanmy.com\/saigon\/thai-san\/wp-json\/wp\/v2\/pages\/5"}],"collection":[{"href":"https:\/\/hoanmy.com\/saigon\/thai-san\/wp-json\/wp\/v2\/pages"}],"about":[{"href":"https:\/\/hoanmy.com\/saigon\/thai-san\/wp-json\/wp\/v2\/types\/page"}],"author":[{"embeddable":true,"href":"https:\/\/hoanmy.com\/saigon\/thai-san\/wp-json\/wp\/v2\/users\/1"}],"replies":[{"embeddable":true,"href":"https:\/\/hoanmy.com\/saigon\/thai-san\/wp-json\/wp\/v2\/comments?post=5"}],"version-history":[{"count":154,"href":"https:\/\/hoanmy.com\/saigon\/thai-san\/wp-json\/wp\/v2\/pages\/5\/revisions"}],"predecessor-version":[{"id":452,"href":"https:\/\/hoanmy.com\/saigon\/thai-san\/wp-json\/wp\/v2\/pages\/5\/revisions\/452"}],"wp:featuredmedia":[{"embeddable":true,"href":"https:\/\/hoanmy.com\/saigon\/thai-san\/wp-json\/wp\/v2\/media\/62"}],"wp:attachment":[{"href":"https:\/\/hoanmy.com\/saigon\/thai-san\/wp-json\/wp\/v2\/media?parent=5"}],"curies":[{"name":"wp","href":"https:\/\/api.w.org\/{rel}","templated":true}]}}