{"id":125,"date":"2023-10-03T06:27:04","date_gmt":"2023-10-03T06:27:04","guid":{"rendered":"https:\/\/hoanmy.com\/saigon\/kham-suc-khoe-doanh-nghiep\/?page_id=125"},"modified":"2026-03-21T06:40:59","modified_gmt":"2026-03-21T06:40:59","slug":"hoan-my","status":"publish","type":"page","link":"https:\/\/hoanmy.com\/saigon\/kham-suc-khoe-doanh-nghiep\/","title":{"rendered":"Trang ch\u1ee7"},"content":{"rendered":"","protected":false},"excerpt":{"rendered":"","protected":false},"author":1,"featured_media":0,"parent":0,"menu_order":0,"comment_status":"closed","ping_status":"closed","template":"","meta":{"inline_featured_image":false,"footnotes":""},"class_list":["post-125","page","type-page","status-publish","hentry"],"acf":[],"yoast_head":"<!-- This site is optimized with the Yoast SEO plugin v23.1 - https:\/\/yoast.com\/wordpress\/plugins\/seo\/ -->\n<title>KH\u00c1M S\u1ee8C KH\u1eceE DOANH NGHI\u1ec6P - B\u1ec7nh vi\u1ec7n Ho\u00e0n M\u1ef9 S\u00e0i G\u00f2n<\/title>\n<meta name=\"description\" content=\"Ch\u00eca kh\u00f3a th\u00e0nh c\u00f4ng cho m\u1ecdi doanh nghi\u1ec7p. T\u1ef1 h\u00e0o l\u00e0 ng\u01b0\u1eddi b\u1ea1n ch\u0103m s\u00f3c s\u1ee9c kho\u1ebb c\u1ee7a nhi\u1ec1u doanh nghi\u1ec7p SMEs v\u00e0 ng\u00e2n h\u00e0ng, B\u1ec7nh vi\u1ec7n Ho\u00e0n M\u1ef9 S\u00e0i G\u00f2n tin r\u1eb1ng s\u1ee9c kho\u1ebb con ng\u01b0\u1eddi l\u00e0 ngu\u1ed3n l\u1ef1c th\u00fac \u0111\u1ea9y doanh nghi\u1ec7p ph\u00e1t tri\u1ec3n. Theo \u0111\u00f3, kh\u00e1m s\u1ee9c kho\u1ebb doanh nghi\u1ec7p \u0111\u1ecbnh k\u1ef3 l\u00e0 \u0111i\u1ec1u h\u1ebft s\u1ee9c c\u1ea7n thi\u1ebft. Kh\u00f4ng ch\u1ec9 l\u00e0 s\u1ee3i d\u00e2y g\u1eafn k\u1ebft doanh nghi\u1ec7p v\u1edbi ng\u01b0\u1eddi lao \u0111\u1ed9ng, n\u00f3 c\u00f2n thu h\u00fat ngu\u1ed3n nh\u00e2n l\u1ef1c d\u1ed3i d\u00e0o v\u00e0 ch\u1ea5t l\u01b0\u1ee3ng, gi\u00fap n\u00e2ng cao hi\u1ec7u qu\u1ea3 v\u00e0 n\u0103ng su\u1ea5t l\u00e0m vi\u1ec7c, t\u1ea1o ni\u1ec1m tin v\u00e0 \u0111\u1ed9ng l\u1ef1c \u0111\u1ec3 ng\u01b0\u1eddi lao \u0111\u1ed9ng c\u1ed1ng hi\u1ebfn v\u00e0 g\u1eafn b\u00f3 l\u00e2u d\u00e0i.\" \/>\n<meta name=\"robots\" content=\"index, follow, max-snippet:-1, max-image-preview:large, max-video-preview:-1\" \/>\n<link rel=\"canonical\" href=\"https:\/\/hoanmy.com\/saigon\/kham-suc-khoe-doanh-nghiep\/\" \/>\n<meta property=\"og:locale\" content=\"vi_VN\" \/>\n<meta property=\"og:type\" content=\"article\" \/>\n<meta property=\"og:title\" content=\"KH\u00c1M S\u1ee8C KH\u1eceE DOANH NGHI\u1ec6P - B\u1ec7nh vi\u1ec7n Ho\u00e0n M\u1ef9 S\u00e0i G\u00f2n\" \/>\n<meta property=\"og:description\" content=\"Ch\u00eca kh\u00f3a th\u00e0nh c\u00f4ng cho m\u1ecdi doanh nghi\u1ec7p. T\u1ef1 h\u00e0o l\u00e0 ng\u01b0\u1eddi b\u1ea1n ch\u0103m s\u00f3c s\u1ee9c kho\u1ebb c\u1ee7a nhi\u1ec1u doanh nghi\u1ec7p SMEs v\u00e0 ng\u00e2n h\u00e0ng, B\u1ec7nh vi\u1ec7n Ho\u00e0n M\u1ef9 S\u00e0i G\u00f2n tin r\u1eb1ng s\u1ee9c kho\u1ebb con ng\u01b0\u1eddi l\u00e0 ngu\u1ed3n l\u1ef1c th\u00fac \u0111\u1ea9y doanh nghi\u1ec7p ph\u00e1t tri\u1ec3n. Theo \u0111\u00f3, kh\u00e1m s\u1ee9c kho\u1ebb doanh nghi\u1ec7p \u0111\u1ecbnh k\u1ef3 l\u00e0 \u0111i\u1ec1u h\u1ebft s\u1ee9c c\u1ea7n thi\u1ebft. Kh\u00f4ng ch\u1ec9 l\u00e0 s\u1ee3i d\u00e2y g\u1eafn k\u1ebft doanh nghi\u1ec7p v\u1edbi ng\u01b0\u1eddi lao \u0111\u1ed9ng, n\u00f3 c\u00f2n thu h\u00fat ngu\u1ed3n nh\u00e2n l\u1ef1c d\u1ed3i d\u00e0o v\u00e0 ch\u1ea5t l\u01b0\u1ee3ng, gi\u00fap n\u00e2ng cao hi\u1ec7u qu\u1ea3 v\u00e0 n\u0103ng su\u1ea5t l\u00e0m vi\u1ec7c, t\u1ea1o ni\u1ec1m tin v\u00e0 \u0111\u1ed9ng l\u1ef1c \u0111\u1ec3 ng\u01b0\u1eddi lao \u0111\u1ed9ng c\u1ed1ng hi\u1ebfn v\u00e0 g\u1eafn b\u00f3 l\u00e2u d\u00e0i.\" \/>\n<meta property=\"og:url\" content=\"https:\/\/hoanmy.com\/saigon\/kham-suc-khoe-doanh-nghiep\/\" \/>\n<meta property=\"og:site_name\" content=\"Hoan My\" \/>\n<meta property=\"article:modified_time\" content=\"2026-03-21T06:40:59+00:00\" \/>\n<meta property=\"og:image\" content=\"https:\/\/hoanmy.com\/saigon\/kham-suc-khoe-doanh-nghiep\/wp-content\/uploads\/2023\/10\/infor.png\" \/>\n\t<meta property=\"og:image:width\" content=\"748\" \/>\n\t<meta property=\"og:image:height\" content=\"688\" \/>\n\t<meta property=\"og:image:type\" content=\"image\/png\" \/>\n<meta name=\"twitter:card\" content=\"summary_large_image\" \/>\n<script type=\"application\/ld+json\" class=\"yoast-schema-graph\">{\"@context\":\"https:\/\/schema.org\",\"@graph\":[{\"@type\":\"WebPage\",\"@id\":\"https:\/\/hoanmy.com\/saigon\/kham-suc-khoe-doanh-nghiep\/\",\"url\":\"https:\/\/hoanmy.com\/saigon\/kham-suc-khoe-doanh-nghiep\/\",\"name\":\"KH\u00c1M S\u1ee8C KH\u1eceE DOANH NGHI\u1ec6P - B\u1ec7nh vi\u1ec7n Ho\u00e0n M\u1ef9 S\u00e0i G\u00f2n\",\"isPartOf\":{\"@id\":\"https:\/\/hoanmy.com\/saigon\/kham-suc-khoe-doanh-nghiep\/#website\"},\"datePublished\":\"2023-10-03T06:27:04+00:00\",\"dateModified\":\"2026-03-21T06:40:59+00:00\",\"description\":\"Ch\u00eca kh\u00f3a th\u00e0nh c\u00f4ng cho m\u1ecdi doanh nghi\u1ec7p. T\u1ef1 h\u00e0o l\u00e0 ng\u01b0\u1eddi b\u1ea1n ch\u0103m s\u00f3c s\u1ee9c kho\u1ebb c\u1ee7a nhi\u1ec1u doanh nghi\u1ec7p SMEs v\u00e0 ng\u00e2n h\u00e0ng, B\u1ec7nh vi\u1ec7n Ho\u00e0n M\u1ef9 S\u00e0i G\u00f2n tin r\u1eb1ng s\u1ee9c kho\u1ebb con ng\u01b0\u1eddi l\u00e0 ngu\u1ed3n l\u1ef1c th\u00fac \u0111\u1ea9y doanh nghi\u1ec7p ph\u00e1t tri\u1ec3n. Theo \u0111\u00f3, kh\u00e1m s\u1ee9c kho\u1ebb doanh nghi\u1ec7p \u0111\u1ecbnh k\u1ef3 l\u00e0 \u0111i\u1ec1u h\u1ebft s\u1ee9c c\u1ea7n thi\u1ebft. Kh\u00f4ng ch\u1ec9 l\u00e0 s\u1ee3i d\u00e2y g\u1eafn k\u1ebft doanh nghi\u1ec7p v\u1edbi ng\u01b0\u1eddi lao \u0111\u1ed9ng, n\u00f3 c\u00f2n thu h\u00fat ngu\u1ed3n nh\u00e2n l\u1ef1c d\u1ed3i d\u00e0o v\u00e0 ch\u1ea5t l\u01b0\u1ee3ng, gi\u00fap n\u00e2ng cao hi\u1ec7u qu\u1ea3 v\u00e0 n\u0103ng su\u1ea5t l\u00e0m vi\u1ec7c, t\u1ea1o ni\u1ec1m tin v\u00e0 \u0111\u1ed9ng l\u1ef1c \u0111\u1ec3 ng\u01b0\u1eddi lao \u0111\u1ed9ng c\u1ed1ng hi\u1ebfn v\u00e0 g\u1eafn b\u00f3 l\u00e2u d\u00e0i.\",\"breadcrumb\":{\"@id\":\"https:\/\/hoanmy.com\/saigon\/kham-suc-khoe-doanh-nghiep\/#breadcrumb\"},\"inLanguage\":\"vi\",\"potentialAction\":[{\"@type\":\"ReadAction\",\"target\":[\"https:\/\/hoanmy.com\/saigon\/kham-suc-khoe-doanh-nghiep\/\"]}]},{\"@type\":\"BreadcrumbList\",\"@id\":\"https:\/\/hoanmy.com\/saigon\/kham-suc-khoe-doanh-nghiep\/#breadcrumb\",\"itemListElement\":[{\"@type\":\"ListItem\",\"position\":1,\"name\":\"Trang ch\u1ee7\",\"item\":\"https:\/\/hoanmy.com\/saigon\/kham-suc-khoe-doanh-nghiep\/\"},{\"@type\":\"ListItem\",\"position\":2,\"name\":\"Trang ch\u1ee7\"}]},{\"@type\":\"WebSite\",\"@id\":\"https:\/\/hoanmy.com\/saigon\/kham-suc-khoe-doanh-nghiep\/#website\",\"url\":\"https:\/\/hoanmy.com\/saigon\/kham-suc-khoe-doanh-nghiep\/\",\"name\":\"Hoan My\",\"description\":\"M\u1ed9t trang web m\u1edbi s\u1eed d\u1ee5ng WordPress\",\"potentialAction\":[{\"@type\":\"SearchAction\",\"target\":{\"@type\":\"EntryPoint\",\"urlTemplate\":\"https:\/\/hoanmy.com\/saigon\/kham-suc-khoe-doanh-nghiep\/?s={search_term_string}\"},\"query-input\":\"required name=search_term_string\"}],\"inLanguage\":\"vi\"}]}<\/script>\n<!-- \/ Yoast SEO plugin. -->","yoast_head_json":{"title":"KH\u00c1M S\u1ee8C KH\u1eceE DOANH NGHI\u1ec6P - B\u1ec7nh vi\u1ec7n Ho\u00e0n M\u1ef9 S\u00e0i G\u00f2n","description":"Ch\u00eca kh\u00f3a th\u00e0nh c\u00f4ng cho m\u1ecdi doanh nghi\u1ec7p. T\u1ef1 h\u00e0o l\u00e0 ng\u01b0\u1eddi b\u1ea1n ch\u0103m s\u00f3c s\u1ee9c kho\u1ebb c\u1ee7a nhi\u1ec1u doanh nghi\u1ec7p SMEs v\u00e0 ng\u00e2n h\u00e0ng, B\u1ec7nh vi\u1ec7n Ho\u00e0n M\u1ef9 S\u00e0i G\u00f2n tin r\u1eb1ng s\u1ee9c kho\u1ebb con ng\u01b0\u1eddi l\u00e0 ngu\u1ed3n l\u1ef1c th\u00fac \u0111\u1ea9y doanh nghi\u1ec7p ph\u00e1t tri\u1ec3n. Theo \u0111\u00f3, kh\u00e1m s\u1ee9c kho\u1ebb doanh nghi\u1ec7p \u0111\u1ecbnh k\u1ef3 l\u00e0 \u0111i\u1ec1u h\u1ebft s\u1ee9c c\u1ea7n thi\u1ebft. Kh\u00f4ng ch\u1ec9 l\u00e0 s\u1ee3i d\u00e2y g\u1eafn k\u1ebft doanh nghi\u1ec7p v\u1edbi ng\u01b0\u1eddi lao \u0111\u1ed9ng, n\u00f3 c\u00f2n thu h\u00fat ngu\u1ed3n nh\u00e2n l\u1ef1c d\u1ed3i d\u00e0o v\u00e0 ch\u1ea5t l\u01b0\u1ee3ng, gi\u00fap n\u00e2ng cao hi\u1ec7u qu\u1ea3 v\u00e0 n\u0103ng su\u1ea5t l\u00e0m vi\u1ec7c, t\u1ea1o ni\u1ec1m tin v\u00e0 \u0111\u1ed9ng l\u1ef1c \u0111\u1ec3 ng\u01b0\u1eddi lao \u0111\u1ed9ng c\u1ed1ng hi\u1ebfn v\u00e0 g\u1eafn b\u00f3 l\u00e2u d\u00e0i.","robots":{"index":"index","follow":"follow","max-snippet":"max-snippet:-1","max-image-preview":"max-image-preview:large","max-video-preview":"max-video-preview:-1"},"canonical":"https:\/\/hoanmy.com\/saigon\/kham-suc-khoe-doanh-nghiep\/","og_locale":"vi_VN","og_type":"article","og_title":"KH\u00c1M S\u1ee8C KH\u1eceE DOANH NGHI\u1ec6P - B\u1ec7nh vi\u1ec7n Ho\u00e0n M\u1ef9 S\u00e0i G\u00f2n","og_description":"Ch\u00eca kh\u00f3a th\u00e0nh c\u00f4ng cho m\u1ecdi doanh nghi\u1ec7p. T\u1ef1 h\u00e0o l\u00e0 ng\u01b0\u1eddi b\u1ea1n ch\u0103m s\u00f3c s\u1ee9c kho\u1ebb c\u1ee7a nhi\u1ec1u doanh nghi\u1ec7p SMEs v\u00e0 ng\u00e2n h\u00e0ng, B\u1ec7nh vi\u1ec7n Ho\u00e0n M\u1ef9 S\u00e0i G\u00f2n tin r\u1eb1ng s\u1ee9c kho\u1ebb con ng\u01b0\u1eddi l\u00e0 ngu\u1ed3n l\u1ef1c th\u00fac \u0111\u1ea9y doanh nghi\u1ec7p ph\u00e1t tri\u1ec3n. Theo \u0111\u00f3, kh\u00e1m s\u1ee9c kho\u1ebb doanh nghi\u1ec7p \u0111\u1ecbnh k\u1ef3 l\u00e0 \u0111i\u1ec1u h\u1ebft s\u1ee9c c\u1ea7n thi\u1ebft. Kh\u00f4ng ch\u1ec9 l\u00e0 s\u1ee3i d\u00e2y g\u1eafn k\u1ebft doanh nghi\u1ec7p v\u1edbi ng\u01b0\u1eddi lao \u0111\u1ed9ng, n\u00f3 c\u00f2n thu h\u00fat ngu\u1ed3n nh\u00e2n l\u1ef1c d\u1ed3i d\u00e0o v\u00e0 ch\u1ea5t l\u01b0\u1ee3ng, gi\u00fap n\u00e2ng cao hi\u1ec7u qu\u1ea3 v\u00e0 n\u0103ng su\u1ea5t l\u00e0m vi\u1ec7c, t\u1ea1o ni\u1ec1m tin v\u00e0 \u0111\u1ed9ng l\u1ef1c \u0111\u1ec3 ng\u01b0\u1eddi lao \u0111\u1ed9ng c\u1ed1ng hi\u1ebfn v\u00e0 g\u1eafn b\u00f3 l\u00e2u d\u00e0i.","og_url":"https:\/\/hoanmy.com\/saigon\/kham-suc-khoe-doanh-nghiep\/","og_site_name":"Hoan My","article_modified_time":"2026-03-21T06:40:59+00:00","og_image":[{"width":748,"height":688,"url":"https:\/\/hoanmy.com\/saigon\/kham-suc-khoe-doanh-nghiep\/wp-content\/uploads\/2023\/10\/infor.png","type":"image\/png"}],"twitter_card":"summary_large_image","schema":{"@context":"https:\/\/schema.org","@graph":[{"@type":"WebPage","@id":"https:\/\/hoanmy.com\/saigon\/kham-suc-khoe-doanh-nghiep\/","url":"https:\/\/hoanmy.com\/saigon\/kham-suc-khoe-doanh-nghiep\/","name":"KH\u00c1M S\u1ee8C KH\u1eceE DOANH NGHI\u1ec6P - B\u1ec7nh vi\u1ec7n Ho\u00e0n M\u1ef9 S\u00e0i G\u00f2n","isPartOf":{"@id":"https:\/\/hoanmy.com\/saigon\/kham-suc-khoe-doanh-nghiep\/#website"},"datePublished":"2023-10-03T06:27:04+00:00","dateModified":"2026-03-21T06:40:59+00:00","description":"Ch\u00eca kh\u00f3a th\u00e0nh c\u00f4ng cho m\u1ecdi doanh nghi\u1ec7p. T\u1ef1 h\u00e0o l\u00e0 ng\u01b0\u1eddi b\u1ea1n ch\u0103m s\u00f3c s\u1ee9c kho\u1ebb c\u1ee7a nhi\u1ec1u doanh nghi\u1ec7p SMEs v\u00e0 ng\u00e2n h\u00e0ng, B\u1ec7nh vi\u1ec7n Ho\u00e0n M\u1ef9 S\u00e0i G\u00f2n tin r\u1eb1ng s\u1ee9c kho\u1ebb con ng\u01b0\u1eddi l\u00e0 ngu\u1ed3n l\u1ef1c th\u00fac \u0111\u1ea9y doanh nghi\u1ec7p ph\u00e1t tri\u1ec3n. Theo \u0111\u00f3, kh\u00e1m s\u1ee9c kho\u1ebb doanh nghi\u1ec7p \u0111\u1ecbnh k\u1ef3 l\u00e0 \u0111i\u1ec1u h\u1ebft s\u1ee9c c\u1ea7n thi\u1ebft. Kh\u00f4ng ch\u1ec9 l\u00e0 s\u1ee3i d\u00e2y g\u1eafn k\u1ebft doanh nghi\u1ec7p v\u1edbi ng\u01b0\u1eddi lao \u0111\u1ed9ng, n\u00f3 c\u00f2n thu h\u00fat ngu\u1ed3n nh\u00e2n l\u1ef1c d\u1ed3i d\u00e0o v\u00e0 ch\u1ea5t l\u01b0\u1ee3ng, gi\u00fap n\u00e2ng cao hi\u1ec7u qu\u1ea3 v\u00e0 n\u0103ng su\u1ea5t l\u00e0m vi\u1ec7c, t\u1ea1o ni\u1ec1m tin v\u00e0 \u0111\u1ed9ng l\u1ef1c \u0111\u1ec3 ng\u01b0\u1eddi lao \u0111\u1ed9ng c\u1ed1ng hi\u1ebfn v\u00e0 g\u1eafn b\u00f3 l\u00e2u d\u00e0i.","breadcrumb":{"@id":"https:\/\/hoanmy.com\/saigon\/kham-suc-khoe-doanh-nghiep\/#breadcrumb"},"inLanguage":"vi","potentialAction":[{"@type":"ReadAction","target":["https:\/\/hoanmy.com\/saigon\/kham-suc-khoe-doanh-nghiep\/"]}]},{"@type":"BreadcrumbList","@id":"https:\/\/hoanmy.com\/saigon\/kham-suc-khoe-doanh-nghiep\/#breadcrumb","itemListElement":[{"@type":"ListItem","position":1,"name":"Trang ch\u1ee7","item":"https:\/\/hoanmy.com\/saigon\/kham-suc-khoe-doanh-nghiep\/"},{"@type":"ListItem","position":2,"name":"Trang ch\u1ee7"}]},{"@type":"WebSite","@id":"https:\/\/hoanmy.com\/saigon\/kham-suc-khoe-doanh-nghiep\/#website","url":"https:\/\/hoanmy.com\/saigon\/kham-suc-khoe-doanh-nghiep\/","name":"Hoan My","description":"M\u1ed9t trang web m\u1edbi s\u1eed d\u1ee5ng WordPress","potentialAction":[{"@type":"SearchAction","target":{"@type":"EntryPoint","urlTemplate":"https:\/\/hoanmy.com\/saigon\/kham-suc-khoe-doanh-nghiep\/?s={search_term_string}"},"query-input":"required name=search_term_string"}],"inLanguage":"vi"}]}},"lang":"vi","translations":{"vi":125},"pll_sync_post":[],"_links":{"self":[{"href":"https:\/\/hoanmy.com\/saigon\/kham-suc-khoe-doanh-nghiep\/wp-json\/wp\/v2\/pages\/125"}],"collection":[{"href":"https:\/\/hoanmy.com\/saigon\/kham-suc-khoe-doanh-nghiep\/wp-json\/wp\/v2\/pages"}],"about":[{"href":"https:\/\/hoanmy.com\/saigon\/kham-suc-khoe-doanh-nghiep\/wp-json\/wp\/v2\/types\/page"}],"author":[{"embeddable":true,"href":"https:\/\/hoanmy.com\/saigon\/kham-suc-khoe-doanh-nghiep\/wp-json\/wp\/v2\/users\/1"}],"replies":[{"embeddable":true,"href":"https:\/\/hoanmy.com\/saigon\/kham-suc-khoe-doanh-nghiep\/wp-json\/wp\/v2\/comments?post=125"}],"version-history":[{"count":58,"href":"https:\/\/hoanmy.com\/saigon\/kham-suc-khoe-doanh-nghiep\/wp-json\/wp\/v2\/pages\/125\/revisions"}],"predecessor-version":[{"id":292,"href":"https:\/\/hoanmy.com\/saigon\/kham-suc-khoe-doanh-nghiep\/wp-json\/wp\/v2\/pages\/125\/revisions\/292"}],"wp:attachment":[{"href":"https:\/\/hoanmy.com\/saigon\/kham-suc-khoe-doanh-nghiep\/wp-json\/wp\/v2\/media?parent=125"}],"curies":[{"name":"wp","href":"https:\/\/api.w.org\/{rel}","templated":true}]}}