{"id":434,"date":"2023-08-22T02:47:23","date_gmt":"2023-08-22T02:47:23","guid":{"rendered":"https:\/\/hoanmy.com\/dongnai\/phaco\/?page_id=434"},"modified":"2024-01-23T08:21:47","modified_gmt":"2024-01-23T08:21:47","slug":"trang-chu","status":"publish","type":"page","link":"https:\/\/hoanmy.com\/minhhai\/thai-san\/","title":{"rendered":"Trang ch\u1ee7"},"content":{"rendered":"","protected":false},"excerpt":{"rendered":"","protected":false},"author":1,"featured_media":0,"parent":0,"menu_order":0,"comment_status":"closed","ping_status":"closed","template":"page-templates\/page-template-3.php","meta":{"inline_featured_image":false,"footnotes":""},"class_list":["post-434","page","type-page","status-publish","hentry"],"acf":[],"yoast_head":"<!-- This site is optimized with the Yoast SEO plugin v23.1 - https:\/\/yoast.com\/wordpress\/plugins\/seo\/ -->\n<title>SINH CON TR\u1eccN G\u00d3I - B\u1ec7nh vi\u1ec7n Ho\u00e0n M\u1ef9 Minh H\u1ea3i<\/title>\n<meta name=\"description\" content=\"M\u1eb9 tr\u00f2n con vu\u00f4ng, v\u1eb9n to\u00e0n h\u1ea1nh ph\u00fac. \u201cSinh con tr\u1ecdn g\u00f3i&quot; t\u1ea1i B\u1ec7nh vi\u1ec7n Ho\u00e0n M\u1ef9 Minh H\u1ea3i l\u00e0 s\u1ef1 tin ch\u1ecdn c\u1ee7a h\u00e0ng tri\u1ec7u gia \u0111\u00ecnh t\u1ea1i T\u1ec9nh C\u00e0 Mau v\u00e0 c\u00e1c t\u1ec9nh l\u00e2n c\u1eadn. S\u1ef1 h\u1ed7 tr\u1ee3 t\u1eeb A \u0111\u1ebfn Z t\u1eeb vi\u1ec7n s\u1ebd gi\u00fap ba m\u1eb9 nh\u1eb9 g\u00e1nh nh\u1eefng \u00e2u lo v\u00e0 chu\u1ea9n b\u1ecb th\u1eadt s\u1eb5n s\u00e0ng, tho\u1ea3i m\u00e1i t\u1eadn h\u01b0\u1edfng v\u1eb9n to\u00e0n ni\u1ec1m vui \u0111\u00f3n b\u00e9 y\u00eau ch\u00e0o \u0111\u1eddi.\" \/>\n<meta name=\"robots\" content=\"index, follow, max-snippet:-1, max-image-preview:large, max-video-preview:-1\" \/>\n<link rel=\"canonical\" href=\"https:\/\/hoanmy.com\/minhhai\/thai-san\/\" \/>\n<meta property=\"og:locale\" content=\"vi_VN\" \/>\n<meta property=\"og:type\" content=\"article\" \/>\n<meta property=\"og:title\" content=\"SINH CON TR\u1eccN G\u00d3I - B\u1ec7nh vi\u1ec7n Ho\u00e0n M\u1ef9 Minh H\u1ea3i\" \/>\n<meta property=\"og:description\" content=\"M\u1eb9 tr\u00f2n con vu\u00f4ng, v\u1eb9n to\u00e0n h\u1ea1nh ph\u00fac. \u201cSinh con tr\u1ecdn g\u00f3i&quot; t\u1ea1i B\u1ec7nh vi\u1ec7n Ho\u00e0n M\u1ef9 Minh H\u1ea3i l\u00e0 s\u1ef1 tin ch\u1ecdn c\u1ee7a h\u00e0ng tri\u1ec7u gia \u0111\u00ecnh t\u1ea1i T\u1ec9nh C\u00e0 Mau v\u00e0 c\u00e1c t\u1ec9nh l\u00e2n c\u1eadn. S\u1ef1 h\u1ed7 tr\u1ee3 t\u1eeb A \u0111\u1ebfn Z t\u1eeb vi\u1ec7n s\u1ebd gi\u00fap ba m\u1eb9 nh\u1eb9 g\u00e1nh nh\u1eefng \u00e2u lo v\u00e0 chu\u1ea9n b\u1ecb th\u1eadt s\u1eb5n s\u00e0ng, tho\u1ea3i m\u00e1i t\u1eadn h\u01b0\u1edfng v\u1eb9n to\u00e0n ni\u1ec1m vui \u0111\u00f3n b\u00e9 y\u00eau ch\u00e0o \u0111\u1eddi.\" \/>\n<meta property=\"og:url\" content=\"https:\/\/hoanmy.com\/minhhai\/thai-san\/\" \/>\n<meta property=\"og:site_name\" content=\"Hoan My\" \/>\n<meta property=\"article:modified_time\" content=\"2024-01-23T08:21:47+00:00\" \/>\n<meta property=\"og:image\" content=\"https:\/\/hoanmy.com\/minhhai\/thai-san\/wp-content\/uploads\/2023\/04\/thumbnail.png\" \/>\n\t<meta property=\"og:image:width\" content=\"786\" \/>\n\t<meta property=\"og:image:height\" content=\"544\" \/>\n\t<meta property=\"og:image:type\" content=\"image\/png\" \/>\n<meta name=\"twitter:card\" content=\"summary_large_image\" \/>\n<meta name=\"twitter:title\" content=\"SINH CON TR\u1eccN G\u00d3I - B\u1ec7nh vi\u1ec7n Ho\u00e0n M\u1ef9 Minh H\u1ea3i\" \/>\n<meta name=\"twitter:description\" content=\"M\u1eb9 tr\u00f2n con vu\u00f4ng, v\u1eb9n to\u00e0n h\u1ea1nh ph\u00fac. \u201cSinh con tr\u1ecdn g\u00f3i&quot; t\u1ea1i B\u1ec7nh vi\u1ec7n Ho\u00e0n M\u1ef9 Minh H\u1ea3i l\u00e0 s\u1ef1 tin ch\u1ecdn c\u1ee7a h\u00e0ng tri\u1ec7u gia \u0111\u00ecnh t\u1ea1i T\u1ec9nh C\u00e0 Mau v\u00e0 c\u00e1c t\u1ec9nh l\u00e2n c\u1eadn. S\u1ef1 h\u1ed7 tr\u1ee3 t\u1eeb A \u0111\u1ebfn Z t\u1eeb vi\u1ec7n s\u1ebd gi\u00fap ba m\u1eb9 nh\u1eb9 g\u00e1nh nh\u1eefng \u00e2u lo v\u00e0 chu\u1ea9n b\u1ecb th\u1eadt s\u1eb5n s\u00e0ng, tho\u1ea3i m\u00e1i t\u1eadn h\u01b0\u1edfng v\u1eb9n to\u00e0n ni\u1ec1m vui \u0111\u00f3n b\u00e9 y\u00eau ch\u00e0o \u0111\u1eddi.\" \/>\n<meta name=\"twitter:image\" content=\"https:\/\/hoanmy.com\/minhhai\/thai-san\/wp-content\/uploads\/2023\/04\/thumbnail.png\" \/>\n<script type=\"application\/ld+json\" class=\"yoast-schema-graph\">{\"@context\":\"https:\/\/schema.org\",\"@graph\":[{\"@type\":\"WebPage\",\"@id\":\"https:\/\/hoanmy.com\/minhhai\/thai-san\/\",\"url\":\"https:\/\/hoanmy.com\/minhhai\/thai-san\/\",\"name\":\"SINH CON TR\u1eccN G\u00d3I - B\u1ec7nh vi\u1ec7n Ho\u00e0n M\u1ef9 Minh H\u1ea3i\",\"isPartOf\":{\"@id\":\"https:\/\/hoanmy.com\/minhhai\/thai-san\/#website\"},\"datePublished\":\"2023-08-22T02:47:23+00:00\",\"dateModified\":\"2024-01-23T08:21:47+00:00\",\"description\":\"M\u1eb9 tr\u00f2n con vu\u00f4ng, v\u1eb9n to\u00e0n h\u1ea1nh ph\u00fac. \u201cSinh con tr\u1ecdn g\u00f3i\\\" t\u1ea1i B\u1ec7nh vi\u1ec7n Ho\u00e0n M\u1ef9 Minh H\u1ea3i l\u00e0 s\u1ef1 tin ch\u1ecdn c\u1ee7a h\u00e0ng tri\u1ec7u gia \u0111\u00ecnh t\u1ea1i T\u1ec9nh C\u00e0 Mau v\u00e0 c\u00e1c t\u1ec9nh l\u00e2n c\u1eadn. S\u1ef1 h\u1ed7 tr\u1ee3 t\u1eeb A \u0111\u1ebfn Z t\u1eeb vi\u1ec7n s\u1ebd gi\u00fap ba m\u1eb9 nh\u1eb9 g\u00e1nh nh\u1eefng \u00e2u lo v\u00e0 chu\u1ea9n b\u1ecb th\u1eadt s\u1eb5n s\u00e0ng, tho\u1ea3i m\u00e1i t\u1eadn h\u01b0\u1edfng v\u1eb9n to\u00e0n ni\u1ec1m vui \u0111\u00f3n b\u00e9 y\u00eau ch\u00e0o \u0111\u1eddi.\",\"breadcrumb\":{\"@id\":\"https:\/\/hoanmy.com\/minhhai\/thai-san\/#breadcrumb\"},\"inLanguage\":\"vi\",\"potentialAction\":[{\"@type\":\"ReadAction\",\"target\":[\"https:\/\/hoanmy.com\/minhhai\/thai-san\/\"]}]},{\"@type\":\"BreadcrumbList\",\"@id\":\"https:\/\/hoanmy.com\/minhhai\/thai-san\/#breadcrumb\",\"itemListElement\":[{\"@type\":\"ListItem\",\"position\":1,\"name\":\"Trang ch\u1ee7\",\"item\":\"https:\/\/hoanmy.com\/minhhai\/thai-san\/\"},{\"@type\":\"ListItem\",\"position\":2,\"name\":\"Trang ch\u1ee7\"}]},{\"@type\":\"WebSite\",\"@id\":\"https:\/\/hoanmy.com\/minhhai\/thai-san\/#website\",\"url\":\"https:\/\/hoanmy.com\/minhhai\/thai-san\/\",\"name\":\"Hoan My\",\"description\":\"M\u1ed9t trang web m\u1edbi s\u1eed d\u1ee5ng WordPress\",\"potentialAction\":[{\"@type\":\"SearchAction\",\"target\":{\"@type\":\"EntryPoint\",\"urlTemplate\":\"https:\/\/hoanmy.com\/minhhai\/thai-san\/?s={search_term_string}\"},\"query-input\":\"required name=search_term_string\"}],\"inLanguage\":\"vi\"}]}<\/script>\n<!-- \/ Yoast SEO plugin. -->","yoast_head_json":{"title":"SINH CON TR\u1eccN G\u00d3I - B\u1ec7nh vi\u1ec7n Ho\u00e0n M\u1ef9 Minh H\u1ea3i","description":"M\u1eb9 tr\u00f2n con vu\u00f4ng, v\u1eb9n to\u00e0n h\u1ea1nh ph\u00fac. \u201cSinh con tr\u1ecdn g\u00f3i\" t\u1ea1i B\u1ec7nh vi\u1ec7n Ho\u00e0n M\u1ef9 Minh H\u1ea3i l\u00e0 s\u1ef1 tin ch\u1ecdn c\u1ee7a h\u00e0ng tri\u1ec7u gia \u0111\u00ecnh t\u1ea1i T\u1ec9nh C\u00e0 Mau v\u00e0 c\u00e1c t\u1ec9nh l\u00e2n c\u1eadn. S\u1ef1 h\u1ed7 tr\u1ee3 t\u1eeb A \u0111\u1ebfn Z t\u1eeb vi\u1ec7n s\u1ebd gi\u00fap ba m\u1eb9 nh\u1eb9 g\u00e1nh nh\u1eefng \u00e2u lo v\u00e0 chu\u1ea9n b\u1ecb th\u1eadt s\u1eb5n s\u00e0ng, tho\u1ea3i m\u00e1i t\u1eadn h\u01b0\u1edfng v\u1eb9n to\u00e0n ni\u1ec1m vui \u0111\u00f3n b\u00e9 y\u00eau ch\u00e0o \u0111\u1eddi.","robots":{"index":"index","follow":"follow","max-snippet":"max-snippet:-1","max-image-preview":"max-image-preview:large","max-video-preview":"max-video-preview:-1"},"canonical":"https:\/\/hoanmy.com\/minhhai\/thai-san\/","og_locale":"vi_VN","og_type":"article","og_title":"SINH CON TR\u1eccN G\u00d3I - B\u1ec7nh vi\u1ec7n Ho\u00e0n M\u1ef9 Minh H\u1ea3i","og_description":"M\u1eb9 tr\u00f2n con vu\u00f4ng, v\u1eb9n to\u00e0n h\u1ea1nh ph\u00fac. \u201cSinh con tr\u1ecdn g\u00f3i\" t\u1ea1i B\u1ec7nh vi\u1ec7n Ho\u00e0n M\u1ef9 Minh H\u1ea3i l\u00e0 s\u1ef1 tin ch\u1ecdn c\u1ee7a h\u00e0ng tri\u1ec7u gia \u0111\u00ecnh t\u1ea1i T\u1ec9nh C\u00e0 Mau v\u00e0 c\u00e1c t\u1ec9nh l\u00e2n c\u1eadn. S\u1ef1 h\u1ed7 tr\u1ee3 t\u1eeb A \u0111\u1ebfn Z t\u1eeb vi\u1ec7n s\u1ebd gi\u00fap ba m\u1eb9 nh\u1eb9 g\u00e1nh nh\u1eefng \u00e2u lo v\u00e0 chu\u1ea9n b\u1ecb th\u1eadt s\u1eb5n s\u00e0ng, tho\u1ea3i m\u00e1i t\u1eadn h\u01b0\u1edfng v\u1eb9n to\u00e0n ni\u1ec1m vui \u0111\u00f3n b\u00e9 y\u00eau ch\u00e0o \u0111\u1eddi.","og_url":"https:\/\/hoanmy.com\/minhhai\/thai-san\/","og_site_name":"Hoan My","article_modified_time":"2024-01-23T08:21:47+00:00","og_image":[{"width":786,"height":544,"url":"https:\/\/hoanmy.com\/minhhai\/thai-san\/wp-content\/uploads\/2023\/04\/thumbnail.png","type":"image\/png"}],"twitter_card":"summary_large_image","twitter_title":"SINH CON TR\u1eccN G\u00d3I - B\u1ec7nh vi\u1ec7n Ho\u00e0n M\u1ef9 Minh H\u1ea3i","twitter_description":"M\u1eb9 tr\u00f2n con vu\u00f4ng, v\u1eb9n to\u00e0n h\u1ea1nh ph\u00fac. \u201cSinh con tr\u1ecdn g\u00f3i\" t\u1ea1i B\u1ec7nh vi\u1ec7n Ho\u00e0n M\u1ef9 Minh H\u1ea3i l\u00e0 s\u1ef1 tin ch\u1ecdn c\u1ee7a h\u00e0ng tri\u1ec7u gia \u0111\u00ecnh t\u1ea1i T\u1ec9nh C\u00e0 Mau v\u00e0 c\u00e1c t\u1ec9nh l\u00e2n c\u1eadn. S\u1ef1 h\u1ed7 tr\u1ee3 t\u1eeb A \u0111\u1ebfn Z t\u1eeb vi\u1ec7n s\u1ebd gi\u00fap ba m\u1eb9 nh\u1eb9 g\u00e1nh nh\u1eefng \u00e2u lo v\u00e0 chu\u1ea9n b\u1ecb th\u1eadt s\u1eb5n s\u00e0ng, tho\u1ea3i m\u00e1i t\u1eadn h\u01b0\u1edfng v\u1eb9n to\u00e0n ni\u1ec1m vui \u0111\u00f3n b\u00e9 y\u00eau ch\u00e0o \u0111\u1eddi.","twitter_image":"https:\/\/hoanmy.com\/minhhai\/thai-san\/wp-content\/uploads\/2023\/04\/thumbnail.png","schema":{"@context":"https:\/\/schema.org","@graph":[{"@type":"WebPage","@id":"https:\/\/hoanmy.com\/minhhai\/thai-san\/","url":"https:\/\/hoanmy.com\/minhhai\/thai-san\/","name":"SINH CON TR\u1eccN G\u00d3I - B\u1ec7nh vi\u1ec7n Ho\u00e0n M\u1ef9 Minh H\u1ea3i","isPartOf":{"@id":"https:\/\/hoanmy.com\/minhhai\/thai-san\/#website"},"datePublished":"2023-08-22T02:47:23+00:00","dateModified":"2024-01-23T08:21:47+00:00","description":"M\u1eb9 tr\u00f2n con vu\u00f4ng, v\u1eb9n to\u00e0n h\u1ea1nh ph\u00fac. \u201cSinh con tr\u1ecdn g\u00f3i\" t\u1ea1i B\u1ec7nh vi\u1ec7n Ho\u00e0n M\u1ef9 Minh H\u1ea3i l\u00e0 s\u1ef1 tin ch\u1ecdn c\u1ee7a h\u00e0ng tri\u1ec7u gia \u0111\u00ecnh t\u1ea1i T\u1ec9nh C\u00e0 Mau v\u00e0 c\u00e1c t\u1ec9nh l\u00e2n c\u1eadn. S\u1ef1 h\u1ed7 tr\u1ee3 t\u1eeb A \u0111\u1ebfn Z t\u1eeb vi\u1ec7n s\u1ebd gi\u00fap ba m\u1eb9 nh\u1eb9 g\u00e1nh nh\u1eefng \u00e2u lo v\u00e0 chu\u1ea9n b\u1ecb th\u1eadt s\u1eb5n s\u00e0ng, tho\u1ea3i m\u00e1i t\u1eadn h\u01b0\u1edfng v\u1eb9n to\u00e0n ni\u1ec1m vui \u0111\u00f3n b\u00e9 y\u00eau ch\u00e0o \u0111\u1eddi.","breadcrumb":{"@id":"https:\/\/hoanmy.com\/minhhai\/thai-san\/#breadcrumb"},"inLanguage":"vi","potentialAction":[{"@type":"ReadAction","target":["https:\/\/hoanmy.com\/minhhai\/thai-san\/"]}]},{"@type":"BreadcrumbList","@id":"https:\/\/hoanmy.com\/minhhai\/thai-san\/#breadcrumb","itemListElement":[{"@type":"ListItem","position":1,"name":"Trang ch\u1ee7","item":"https:\/\/hoanmy.com\/minhhai\/thai-san\/"},{"@type":"ListItem","position":2,"name":"Trang ch\u1ee7"}]},{"@type":"WebSite","@id":"https:\/\/hoanmy.com\/minhhai\/thai-san\/#website","url":"https:\/\/hoanmy.com\/minhhai\/thai-san\/","name":"Hoan My","description":"M\u1ed9t trang web m\u1edbi s\u1eed d\u1ee5ng WordPress","potentialAction":[{"@type":"SearchAction","target":{"@type":"EntryPoint","urlTemplate":"https:\/\/hoanmy.com\/minhhai\/thai-san\/?s={search_term_string}"},"query-input":"required name=search_term_string"}],"inLanguage":"vi"}]}},"_links":{"self":[{"href":"https:\/\/hoanmy.com\/minhhai\/thai-san\/wp-json\/wp\/v2\/pages\/434"}],"collection":[{"href":"https:\/\/hoanmy.com\/minhhai\/thai-san\/wp-json\/wp\/v2\/pages"}],"about":[{"href":"https:\/\/hoanmy.com\/minhhai\/thai-san\/wp-json\/wp\/v2\/types\/page"}],"author":[{"embeddable":true,"href":"https:\/\/hoanmy.com\/minhhai\/thai-san\/wp-json\/wp\/v2\/users\/1"}],"replies":[{"embeddable":true,"href":"https:\/\/hoanmy.com\/minhhai\/thai-san\/wp-json\/wp\/v2\/comments?post=434"}],"version-history":[{"count":158,"href":"https:\/\/hoanmy.com\/minhhai\/thai-san\/wp-json\/wp\/v2\/pages\/434\/revisions"}],"predecessor-version":[{"id":1059,"href":"https:\/\/hoanmy.com\/minhhai\/thai-san\/wp-json\/wp\/v2\/pages\/434\/revisions\/1059"}],"wp:attachment":[{"href":"https:\/\/hoanmy.com\/minhhai\/thai-san\/wp-json\/wp\/v2\/media?parent=434"}],"curies":[{"name":"wp","href":"https:\/\/api.w.org\/{rel}","templated":true}]}}