{"id":434,"date":"2023-08-22T02:47:23","date_gmt":"2023-08-22T02:47:23","guid":{"rendered":"https:\/\/hoanmy.com\/dongnai\/phaco\/?page_id=434"},"modified":"2024-01-18T07:31:57","modified_gmt":"2024-01-18T07:31:57","slug":"template-3","status":"publish","type":"page","link":"https:\/\/hoanmy.com\/dongnai\/mo-mat-phaco\/","title":{"rendered":"Template-3"},"content":{"rendered":"","protected":false},"excerpt":{"rendered":"","protected":false},"author":1,"featured_media":0,"parent":0,"menu_order":0,"comment_status":"closed","ping_status":"closed","template":"page-templates\/page-template-3.php","meta":{"inline_featured_image":false,"footnotes":""},"class_list":["post-434","page","type-page","status-publish","hentry"],"acf":[],"yoast_head":"<!-- This site is optimized with the Yoast SEO plugin v23.1 - https:\/\/yoast.com\/wordpress\/plugins\/seo\/ -->\n<title>PH\u1eaaU THU\u1eacT PHACO - B\u1ec7nh vi\u1ec7n Ho\u00e0n M\u1ef9 \u0110\u1ed3ng Nai<\/title>\n<meta name=\"description\" content=\"\u0110i\u1ec1u tr\u1ecb d\u1ee9t \u0111i\u1ec3m \u0111\u1ee5c thu\u1ef7 tinh th\u1ec3. \u0110\u1ee5c th\u1ee7y tinh th\u1ec3 l\u00e0 nguy\u00ean nh\u00e2n h\u00e0ng \u0111\u1ea7u g\u00e2y ra m\u00f9 l\u00f2a v\u0129nh vi\u1ec5n n\u1ebfu kh\u00f4ng \u0111\u01b0\u1ee3c ph\u00e1t hi\u1ec7n v\u00e0 \u0111i\u1ec1u tr\u1ecb k\u1ecbp th\u1eddi. Trong t\u1ea5t c\u1ea3 c\u00e1c ph\u01b0\u01a1ng ph\u00e1p hi\u1ec7n \u0111\u1ea1i, Ph\u1eabu thu\u1eadt Phaco l\u00e0 l\u1ef1a ch\u1ecdn h\u00e0ng \u0111\u1ea7u gi\u00fap ng\u01b0\u1eddi b\u1ec7nh ph\u1ee5c h\u1ed3i th\u1ecb l\u1ef1c t\u1ed1i \u0111a v\u1edbi chi ph\u00ed h\u1ee3p l\u00fd. Theo \u0111\u00f3, ph\u1eabu thu\u1eadt Phaco t\u1ea1i B\u1ec7nh vi\u1ec7n Ho\u00e0n M\u1ef9 \u0110\u1ed3ng Nai hi\u1ec7n nh\u1eadn \u0111\u01b0\u1ee3c s\u1ef1 tin t\u01b0\u1edfng c\u1ee7a h\u00e0ng ngh\u00ecn ng\u01b0\u1eddi b\u1ec7nh \u0111\u1ee5c thu\u1ef7 tinh th\u1ec3 trong khu v\u1ef1c.\" \/>\n<meta name=\"robots\" content=\"index, follow, max-snippet:-1, max-image-preview:large, max-video-preview:-1\" \/>\n<link rel=\"canonical\" href=\"https:\/\/hoanmy.com\/dongnai\/mo-mat-phaco\/\" \/>\n<meta property=\"og:locale\" content=\"vi_VN\" \/>\n<meta property=\"og:type\" content=\"article\" \/>\n<meta property=\"og:title\" content=\"PH\u1eaaU THU\u1eacT PHACO - B\u1ec7nh vi\u1ec7n Ho\u00e0n M\u1ef9 \u0110\u1ed3ng Nai\" \/>\n<meta property=\"og:description\" content=\"\u0110i\u1ec1u tr\u1ecb d\u1ee9t \u0111i\u1ec3m \u0111\u1ee5c thu\u1ef7 tinh th\u1ec3. \u0110\u1ee5c th\u1ee7y tinh th\u1ec3 l\u00e0 nguy\u00ean nh\u00e2n h\u00e0ng \u0111\u1ea7u g\u00e2y ra m\u00f9 l\u00f2a v\u0129nh vi\u1ec5n n\u1ebfu kh\u00f4ng \u0111\u01b0\u1ee3c ph\u00e1t hi\u1ec7n v\u00e0 \u0111i\u1ec1u tr\u1ecb k\u1ecbp th\u1eddi. Trong t\u1ea5t c\u1ea3 c\u00e1c ph\u01b0\u01a1ng ph\u00e1p hi\u1ec7n \u0111\u1ea1i, Ph\u1eabu thu\u1eadt Phaco l\u00e0 l\u1ef1a ch\u1ecdn h\u00e0ng \u0111\u1ea7u gi\u00fap ng\u01b0\u1eddi b\u1ec7nh ph\u1ee5c h\u1ed3i th\u1ecb l\u1ef1c t\u1ed1i \u0111a v\u1edbi chi ph\u00ed h\u1ee3p l\u00fd. Theo \u0111\u00f3, ph\u1eabu thu\u1eadt Phaco t\u1ea1i B\u1ec7nh vi\u1ec7n Ho\u00e0n M\u1ef9 \u0110\u1ed3ng Nai hi\u1ec7n nh\u1eadn \u0111\u01b0\u1ee3c s\u1ef1 tin t\u01b0\u1edfng c\u1ee7a h\u00e0ng ngh\u00ecn ng\u01b0\u1eddi b\u1ec7nh \u0111\u1ee5c thu\u1ef7 tinh th\u1ec3 trong khu v\u1ef1c.\" \/>\n<meta property=\"og:url\" content=\"https:\/\/hoanmy.com\/dongnai\/mo-mat-phaco\/\" \/>\n<meta property=\"og:site_name\" content=\"Hoan My\" \/>\n<meta property=\"article:modified_time\" content=\"2024-01-18T07:31:57+00:00\" \/>\n<meta property=\"og:image\" content=\"https:\/\/hoanmy.com\/dongnai\/mo-mat-phaco\/wp-content\/uploads\/2023\/04\/thumbnail.png\" \/>\n\t<meta property=\"og:image:width\" content=\"786\" \/>\n\t<meta property=\"og:image:height\" content=\"544\" \/>\n\t<meta property=\"og:image:type\" content=\"image\/png\" \/>\n<meta name=\"twitter:card\" content=\"summary_large_image\" \/>\n<meta name=\"twitter:title\" content=\"PH\u1eaaU THU\u1eacT PHACO - B\u1ec7nh vi\u1ec7n Ho\u00e0n M\u1ef9 \u0110\u1ed3ng Nai\" \/>\n<meta name=\"twitter:description\" content=\"\u0110i\u1ec1u tr\u1ecb d\u1ee9t \u0111i\u1ec3m \u0111\u1ee5c thu\u1ef7 tinh th\u1ec3. \u0110\u1ee5c th\u1ee7y tinh th\u1ec3 l\u00e0 nguy\u00ean nh\u00e2n h\u00e0ng \u0111\u1ea7u g\u00e2y ra m\u00f9 l\u00f2a v\u0129nh vi\u1ec5n n\u1ebfu kh\u00f4ng \u0111\u01b0\u1ee3c ph\u00e1t hi\u1ec7n v\u00e0 \u0111i\u1ec1u tr\u1ecb k\u1ecbp th\u1eddi. Trong t\u1ea5t c\u1ea3 c\u00e1c ph\u01b0\u01a1ng ph\u00e1p hi\u1ec7n \u0111\u1ea1i, Ph\u1eabu thu\u1eadt Phaco l\u00e0 l\u1ef1a ch\u1ecdn h\u00e0ng \u0111\u1ea7u gi\u00fap ng\u01b0\u1eddi b\u1ec7nh ph\u1ee5c h\u1ed3i th\u1ecb l\u1ef1c t\u1ed1i \u0111a v\u1edbi chi ph\u00ed h\u1ee3p l\u00fd. Theo \u0111\u00f3, ph\u1eabu thu\u1eadt Phaco t\u1ea1i B\u1ec7nh vi\u1ec7n Ho\u00e0n M\u1ef9 \u0110\u1ed3ng Nai hi\u1ec7n nh\u1eadn \u0111\u01b0\u1ee3c s\u1ef1 tin t\u01b0\u1edfng c\u1ee7a h\u00e0ng ngh\u00ecn ng\u01b0\u1eddi b\u1ec7nh \u0111\u1ee5c thu\u1ef7 tinh th\u1ec3 trong khu v\u1ef1c.\" \/>\n<meta name=\"twitter:image\" content=\"https:\/\/hoanmy.com\/dongnai\/mo-mat-phaco\/wp-content\/uploads\/2023\/04\/thumbnail.png\" \/>\n<script type=\"application\/ld+json\" class=\"yoast-schema-graph\">{\"@context\":\"https:\/\/schema.org\",\"@graph\":[{\"@type\":\"WebPage\",\"@id\":\"https:\/\/hoanmy.com\/dongnai\/mo-mat-phaco\/\",\"url\":\"https:\/\/hoanmy.com\/dongnai\/mo-mat-phaco\/\",\"name\":\"PH\u1eaaU THU\u1eacT PHACO - B\u1ec7nh vi\u1ec7n Ho\u00e0n M\u1ef9 \u0110\u1ed3ng Nai\",\"isPartOf\":{\"@id\":\"https:\/\/hoanmy.com\/dongnai\/mo-mat-phaco\/#website\"},\"datePublished\":\"2023-08-22T02:47:23+00:00\",\"dateModified\":\"2024-01-18T07:31:57+00:00\",\"description\":\"\u0110i\u1ec1u tr\u1ecb d\u1ee9t \u0111i\u1ec3m \u0111\u1ee5c thu\u1ef7 tinh th\u1ec3. \u0110\u1ee5c th\u1ee7y tinh th\u1ec3 l\u00e0 nguy\u00ean nh\u00e2n h\u00e0ng \u0111\u1ea7u g\u00e2y ra m\u00f9 l\u00f2a v\u0129nh vi\u1ec5n n\u1ebfu kh\u00f4ng \u0111\u01b0\u1ee3c ph\u00e1t hi\u1ec7n v\u00e0 \u0111i\u1ec1u tr\u1ecb k\u1ecbp th\u1eddi. Trong t\u1ea5t c\u1ea3 c\u00e1c ph\u01b0\u01a1ng ph\u00e1p hi\u1ec7n \u0111\u1ea1i, Ph\u1eabu thu\u1eadt Phaco l\u00e0 l\u1ef1a ch\u1ecdn h\u00e0ng \u0111\u1ea7u gi\u00fap ng\u01b0\u1eddi b\u1ec7nh ph\u1ee5c h\u1ed3i th\u1ecb l\u1ef1c t\u1ed1i \u0111a v\u1edbi chi ph\u00ed h\u1ee3p l\u00fd. Theo \u0111\u00f3, ph\u1eabu thu\u1eadt Phaco t\u1ea1i B\u1ec7nh vi\u1ec7n Ho\u00e0n M\u1ef9 \u0110\u1ed3ng Nai hi\u1ec7n nh\u1eadn \u0111\u01b0\u1ee3c s\u1ef1 tin t\u01b0\u1edfng c\u1ee7a h\u00e0ng ngh\u00ecn ng\u01b0\u1eddi b\u1ec7nh \u0111\u1ee5c thu\u1ef7 tinh th\u1ec3 trong khu v\u1ef1c.\",\"breadcrumb\":{\"@id\":\"https:\/\/hoanmy.com\/dongnai\/mo-mat-phaco\/#breadcrumb\"},\"inLanguage\":\"vi\",\"potentialAction\":[{\"@type\":\"ReadAction\",\"target\":[\"https:\/\/hoanmy.com\/dongnai\/mo-mat-phaco\/\"]}]},{\"@type\":\"BreadcrumbList\",\"@id\":\"https:\/\/hoanmy.com\/dongnai\/mo-mat-phaco\/#breadcrumb\",\"itemListElement\":[{\"@type\":\"ListItem\",\"position\":1,\"name\":\"Trang ch\u1ee7\",\"item\":\"https:\/\/hoanmy.com\/dongnai\/mo-mat-phaco\/\"},{\"@type\":\"ListItem\",\"position\":2,\"name\":\"Template-3\"}]},{\"@type\":\"WebSite\",\"@id\":\"https:\/\/hoanmy.com\/dongnai\/mo-mat-phaco\/#website\",\"url\":\"https:\/\/hoanmy.com\/dongnai\/mo-mat-phaco\/\",\"name\":\"Hoan My\",\"description\":\"M\u1ed9t trang web m\u1edbi s\u1eed d\u1ee5ng WordPress\",\"potentialAction\":[{\"@type\":\"SearchAction\",\"target\":{\"@type\":\"EntryPoint\",\"urlTemplate\":\"https:\/\/hoanmy.com\/dongnai\/mo-mat-phaco\/?s={search_term_string}\"},\"query-input\":\"required name=search_term_string\"}],\"inLanguage\":\"vi\"}]}<\/script>\n<!-- \/ Yoast SEO plugin. -->","yoast_head_json":{"title":"PH\u1eaaU THU\u1eacT PHACO - B\u1ec7nh vi\u1ec7n Ho\u00e0n M\u1ef9 \u0110\u1ed3ng Nai","description":"\u0110i\u1ec1u tr\u1ecb d\u1ee9t \u0111i\u1ec3m \u0111\u1ee5c thu\u1ef7 tinh th\u1ec3. \u0110\u1ee5c th\u1ee7y tinh th\u1ec3 l\u00e0 nguy\u00ean nh\u00e2n h\u00e0ng \u0111\u1ea7u g\u00e2y ra m\u00f9 l\u00f2a v\u0129nh vi\u1ec5n n\u1ebfu kh\u00f4ng \u0111\u01b0\u1ee3c ph\u00e1t hi\u1ec7n v\u00e0 \u0111i\u1ec1u tr\u1ecb k\u1ecbp th\u1eddi. Trong t\u1ea5t c\u1ea3 c\u00e1c ph\u01b0\u01a1ng ph\u00e1p hi\u1ec7n \u0111\u1ea1i, Ph\u1eabu thu\u1eadt Phaco l\u00e0 l\u1ef1a ch\u1ecdn h\u00e0ng \u0111\u1ea7u gi\u00fap ng\u01b0\u1eddi b\u1ec7nh ph\u1ee5c h\u1ed3i th\u1ecb l\u1ef1c t\u1ed1i \u0111a v\u1edbi chi ph\u00ed h\u1ee3p l\u00fd. Theo \u0111\u00f3, ph\u1eabu thu\u1eadt Phaco t\u1ea1i B\u1ec7nh vi\u1ec7n Ho\u00e0n M\u1ef9 \u0110\u1ed3ng Nai hi\u1ec7n nh\u1eadn \u0111\u01b0\u1ee3c s\u1ef1 tin t\u01b0\u1edfng c\u1ee7a h\u00e0ng ngh\u00ecn ng\u01b0\u1eddi b\u1ec7nh \u0111\u1ee5c thu\u1ef7 tinh th\u1ec3 trong khu v\u1ef1c.","robots":{"index":"index","follow":"follow","max-snippet":"max-snippet:-1","max-image-preview":"max-image-preview:large","max-video-preview":"max-video-preview:-1"},"canonical":"https:\/\/hoanmy.com\/dongnai\/mo-mat-phaco\/","og_locale":"vi_VN","og_type":"article","og_title":"PH\u1eaaU THU\u1eacT PHACO - B\u1ec7nh vi\u1ec7n Ho\u00e0n M\u1ef9 \u0110\u1ed3ng Nai","og_description":"\u0110i\u1ec1u tr\u1ecb d\u1ee9t \u0111i\u1ec3m \u0111\u1ee5c thu\u1ef7 tinh th\u1ec3. \u0110\u1ee5c th\u1ee7y tinh th\u1ec3 l\u00e0 nguy\u00ean nh\u00e2n h\u00e0ng \u0111\u1ea7u g\u00e2y ra m\u00f9 l\u00f2a v\u0129nh vi\u1ec5n n\u1ebfu kh\u00f4ng \u0111\u01b0\u1ee3c ph\u00e1t hi\u1ec7n v\u00e0 \u0111i\u1ec1u tr\u1ecb k\u1ecbp th\u1eddi. Trong t\u1ea5t c\u1ea3 c\u00e1c ph\u01b0\u01a1ng ph\u00e1p hi\u1ec7n \u0111\u1ea1i, Ph\u1eabu thu\u1eadt Phaco l\u00e0 l\u1ef1a ch\u1ecdn h\u00e0ng \u0111\u1ea7u gi\u00fap ng\u01b0\u1eddi b\u1ec7nh ph\u1ee5c h\u1ed3i th\u1ecb l\u1ef1c t\u1ed1i \u0111a v\u1edbi chi ph\u00ed h\u1ee3p l\u00fd. Theo \u0111\u00f3, ph\u1eabu thu\u1eadt Phaco t\u1ea1i B\u1ec7nh vi\u1ec7n Ho\u00e0n M\u1ef9 \u0110\u1ed3ng Nai hi\u1ec7n nh\u1eadn \u0111\u01b0\u1ee3c s\u1ef1 tin t\u01b0\u1edfng c\u1ee7a h\u00e0ng ngh\u00ecn ng\u01b0\u1eddi b\u1ec7nh \u0111\u1ee5c thu\u1ef7 tinh th\u1ec3 trong khu v\u1ef1c.","og_url":"https:\/\/hoanmy.com\/dongnai\/mo-mat-phaco\/","og_site_name":"Hoan My","article_modified_time":"2024-01-18T07:31:57+00:00","og_image":[{"width":786,"height":544,"url":"https:\/\/hoanmy.com\/dongnai\/mo-mat-phaco\/wp-content\/uploads\/2023\/04\/thumbnail.png","type":"image\/png"}],"twitter_card":"summary_large_image","twitter_title":"PH\u1eaaU THU\u1eacT PHACO - B\u1ec7nh vi\u1ec7n Ho\u00e0n M\u1ef9 \u0110\u1ed3ng Nai","twitter_description":"\u0110i\u1ec1u tr\u1ecb d\u1ee9t \u0111i\u1ec3m \u0111\u1ee5c thu\u1ef7 tinh th\u1ec3. \u0110\u1ee5c th\u1ee7y tinh th\u1ec3 l\u00e0 nguy\u00ean nh\u00e2n h\u00e0ng \u0111\u1ea7u g\u00e2y ra m\u00f9 l\u00f2a v\u0129nh vi\u1ec5n n\u1ebfu kh\u00f4ng \u0111\u01b0\u1ee3c ph\u00e1t hi\u1ec7n v\u00e0 \u0111i\u1ec1u tr\u1ecb k\u1ecbp th\u1eddi. Trong t\u1ea5t c\u1ea3 c\u00e1c ph\u01b0\u01a1ng ph\u00e1p hi\u1ec7n \u0111\u1ea1i, Ph\u1eabu thu\u1eadt Phaco l\u00e0 l\u1ef1a ch\u1ecdn h\u00e0ng \u0111\u1ea7u gi\u00fap ng\u01b0\u1eddi b\u1ec7nh ph\u1ee5c h\u1ed3i th\u1ecb l\u1ef1c t\u1ed1i \u0111a v\u1edbi chi ph\u00ed h\u1ee3p l\u00fd. Theo \u0111\u00f3, ph\u1eabu thu\u1eadt Phaco t\u1ea1i B\u1ec7nh vi\u1ec7n Ho\u00e0n M\u1ef9 \u0110\u1ed3ng Nai hi\u1ec7n nh\u1eadn \u0111\u01b0\u1ee3c s\u1ef1 tin t\u01b0\u1edfng c\u1ee7a h\u00e0ng ngh\u00ecn ng\u01b0\u1eddi b\u1ec7nh \u0111\u1ee5c thu\u1ef7 tinh th\u1ec3 trong khu v\u1ef1c.","twitter_image":"https:\/\/hoanmy.com\/dongnai\/mo-mat-phaco\/wp-content\/uploads\/2023\/04\/thumbnail.png","schema":{"@context":"https:\/\/schema.org","@graph":[{"@type":"WebPage","@id":"https:\/\/hoanmy.com\/dongnai\/mo-mat-phaco\/","url":"https:\/\/hoanmy.com\/dongnai\/mo-mat-phaco\/","name":"PH\u1eaaU THU\u1eacT PHACO - B\u1ec7nh vi\u1ec7n Ho\u00e0n M\u1ef9 \u0110\u1ed3ng Nai","isPartOf":{"@id":"https:\/\/hoanmy.com\/dongnai\/mo-mat-phaco\/#website"},"datePublished":"2023-08-22T02:47:23+00:00","dateModified":"2024-01-18T07:31:57+00:00","description":"\u0110i\u1ec1u tr\u1ecb d\u1ee9t \u0111i\u1ec3m \u0111\u1ee5c thu\u1ef7 tinh th\u1ec3. \u0110\u1ee5c th\u1ee7y tinh th\u1ec3 l\u00e0 nguy\u00ean nh\u00e2n h\u00e0ng \u0111\u1ea7u g\u00e2y ra m\u00f9 l\u00f2a v\u0129nh vi\u1ec5n n\u1ebfu kh\u00f4ng \u0111\u01b0\u1ee3c ph\u00e1t hi\u1ec7n v\u00e0 \u0111i\u1ec1u tr\u1ecb k\u1ecbp th\u1eddi. Trong t\u1ea5t c\u1ea3 c\u00e1c ph\u01b0\u01a1ng ph\u00e1p hi\u1ec7n \u0111\u1ea1i, Ph\u1eabu thu\u1eadt Phaco l\u00e0 l\u1ef1a ch\u1ecdn h\u00e0ng \u0111\u1ea7u gi\u00fap ng\u01b0\u1eddi b\u1ec7nh ph\u1ee5c h\u1ed3i th\u1ecb l\u1ef1c t\u1ed1i \u0111a v\u1edbi chi ph\u00ed h\u1ee3p l\u00fd. Theo \u0111\u00f3, ph\u1eabu thu\u1eadt Phaco t\u1ea1i B\u1ec7nh vi\u1ec7n Ho\u00e0n M\u1ef9 \u0110\u1ed3ng Nai hi\u1ec7n nh\u1eadn \u0111\u01b0\u1ee3c s\u1ef1 tin t\u01b0\u1edfng c\u1ee7a h\u00e0ng ngh\u00ecn ng\u01b0\u1eddi b\u1ec7nh \u0111\u1ee5c thu\u1ef7 tinh th\u1ec3 trong khu v\u1ef1c.","breadcrumb":{"@id":"https:\/\/hoanmy.com\/dongnai\/mo-mat-phaco\/#breadcrumb"},"inLanguage":"vi","potentialAction":[{"@type":"ReadAction","target":["https:\/\/hoanmy.com\/dongnai\/mo-mat-phaco\/"]}]},{"@type":"BreadcrumbList","@id":"https:\/\/hoanmy.com\/dongnai\/mo-mat-phaco\/#breadcrumb","itemListElement":[{"@type":"ListItem","position":1,"name":"Trang ch\u1ee7","item":"https:\/\/hoanmy.com\/dongnai\/mo-mat-phaco\/"},{"@type":"ListItem","position":2,"name":"Template-3"}]},{"@type":"WebSite","@id":"https:\/\/hoanmy.com\/dongnai\/mo-mat-phaco\/#website","url":"https:\/\/hoanmy.com\/dongnai\/mo-mat-phaco\/","name":"Hoan My","description":"M\u1ed9t trang web m\u1edbi s\u1eed d\u1ee5ng WordPress","potentialAction":[{"@type":"SearchAction","target":{"@type":"EntryPoint","urlTemplate":"https:\/\/hoanmy.com\/dongnai\/mo-mat-phaco\/?s={search_term_string}"},"query-input":"required name=search_term_string"}],"inLanguage":"vi"}]}},"_links":{"self":[{"href":"https:\/\/hoanmy.com\/dongnai\/mo-mat-phaco\/wp-json\/wp\/v2\/pages\/434"}],"collection":[{"href":"https:\/\/hoanmy.com\/dongnai\/mo-mat-phaco\/wp-json\/wp\/v2\/pages"}],"about":[{"href":"https:\/\/hoanmy.com\/dongnai\/mo-mat-phaco\/wp-json\/wp\/v2\/types\/page"}],"author":[{"embeddable":true,"href":"https:\/\/hoanmy.com\/dongnai\/mo-mat-phaco\/wp-json\/wp\/v2\/users\/1"}],"replies":[{"embeddable":true,"href":"https:\/\/hoanmy.com\/dongnai\/mo-mat-phaco\/wp-json\/wp\/v2\/comments?post=434"}],"version-history":[{"count":122,"href":"https:\/\/hoanmy.com\/dongnai\/mo-mat-phaco\/wp-json\/wp\/v2\/pages\/434\/revisions"}],"predecessor-version":[{"id":1003,"href":"https:\/\/hoanmy.com\/dongnai\/mo-mat-phaco\/wp-json\/wp\/v2\/pages\/434\/revisions\/1003"}],"wp:attachment":[{"href":"https:\/\/hoanmy.com\/dongnai\/mo-mat-phaco\/wp-json\/wp\/v2\/media?parent=434"}],"curies":[{"name":"wp","href":"https:\/\/api.w.org\/{rel}","templated":true}]}}