{"id":434,"date":"2023-08-22T02:47:23","date_gmt":"2023-08-22T02:47:23","guid":{"rendered":"https:\/\/hoanmy.com\/dongnai\/phaco\/?page_id=434"},"modified":"2026-04-02T08:38:14","modified_gmt":"2026-04-02T08:38:14","slug":"trang-chu","status":"publish","type":"page","link":"https:\/\/hoanmy.com\/danang\/thai-san\/","title":{"rendered":"Trang ch\u1ee7"},"content":{"rendered":"","protected":false},"excerpt":{"rendered":"","protected":false},"author":1,"featured_media":0,"parent":0,"menu_order":0,"comment_status":"closed","ping_status":"closed","template":"page-templates\/page-template-3.php","meta":{"inline_featured_image":false,"footnotes":""},"class_list":["post-434","page","type-page","status-publish","hentry"],"acf":[],"yoast_head":"<!-- This site is optimized with the Yoast SEO plugin v23.1 - https:\/\/yoast.com\/wordpress\/plugins\/seo\/ -->\n<title>Sinh Con Tr\u1ecdn G\u00f3i - B\u1ec7nh vi\u1ec7n Ho\u00e0n M\u1ef9 \u0110\u00e0 N\u1eb5ng<\/title>\n<meta name=\"description\" content=\"\u0110i sinh nh\u00e0n t\u00eanh, con an m\u1eb9 kh\u1ecfe. \u201cSinh con tr\u1ecdn g\u00f3i\u201d c\u1ee7a Ho\u00e0n M\u1ef9 \u0110\u00e0 N\u1eb5ng t\u1ef1 h\u00e0o l\u00e0 \u201cng\u01b0\u1eddi b\u1ea1n \u0111\u1ed3ng h\u00e0nh&quot; c\u1ee7a g\u1ea7n 2000 gia \u0111\u00ecnh \u0111\u00f3n thi\u00ean th\u1ea7n nh\u1ecf ch\u00e0o \u0111\u1eddi kh\u1ecfe m\u1ea1nh m\u1ed7i n\u0103m. Kh\u00f4ng c\u00f2n lo \u00e2u, tr\u0103n tr\u1edf, sinh con tr\u1ecdn g\u00f3i gi\u00fap b\u1ed1 m\u1eb9 nh\u1eb9 g\u00e1nh lo \u00e2u, sinh \u0111\u1ebb nh\u00e0n t\u00eanh, con an m\u1eb9 kh\u1ecfe.\" \/>\n<meta name=\"robots\" content=\"index, follow, max-snippet:-1, max-image-preview:large, max-video-preview:-1\" \/>\n<link rel=\"canonical\" href=\"https:\/\/hoanmy.com\/danang\/thai-san\/\" \/>\n<meta property=\"og:locale\" content=\"vi_VN\" \/>\n<meta property=\"og:type\" content=\"article\" \/>\n<meta property=\"og:title\" content=\"SINH CON TR\u1eccN G\u00d3I - B\u1ec7nh vi\u1ec7n Ho\u00e0n M\u1ef9 \u0110\u00e0 N\u1eb5ng\" \/>\n<meta property=\"og:description\" content=\"\u0110i sinh nh\u00e0n t\u00eanh, con an m\u1eb9 kh\u1ecfe. \u201cSinh con tr\u1ecdn g\u00f3i\u201d c\u1ee7a Ho\u00e0n M\u1ef9 \u0110\u00e0 N\u1eb5ng t\u1ef1 h\u00e0o l\u00e0 \u201cng\u01b0\u1eddi b\u1ea1n \u0111\u1ed3ng h\u00e0nh&quot; c\u1ee7a g\u1ea7n 2000 gia \u0111\u00ecnh \u0111\u00f3n thi\u00ean th\u1ea7n nh\u1ecf ch\u00e0o \u0111\u1eddi kh\u1ecfe m\u1ea1nh m\u1ed7i n\u0103m. Kh\u00f4ng c\u00f2n lo \u00e2u, tr\u0103n tr\u1edf, sinh con tr\u1ecdn g\u00f3i gi\u00fap b\u1ed1 m\u1eb9 nh\u1eb9 g\u00e1nh lo \u00e2u, sinh \u0111\u1ebb nh\u00e0n t\u00eanh, con an m\u1eb9 kh\u1ecfe.\" \/>\n<meta property=\"og:url\" content=\"https:\/\/hoanmy.com\/danang\/thai-san\/\" \/>\n<meta property=\"og:site_name\" content=\"Hoan My\" \/>\n<meta property=\"article:modified_time\" content=\"2026-04-02T08:38:14+00:00\" \/>\n<meta property=\"og:image\" content=\"https:\/\/hoanmy.com\/danang\/thai-san\/wp-content\/uploads\/2023\/04\/thumbnail.png\" \/>\n\t<meta property=\"og:image:width\" content=\"786\" \/>\n\t<meta property=\"og:image:height\" content=\"544\" \/>\n\t<meta property=\"og:image:type\" content=\"image\/png\" \/>\n<meta name=\"twitter:card\" content=\"summary_large_image\" \/>\n<meta name=\"twitter:title\" content=\"SINH CON TR\u1eccN G\u00d3I - B\u1ec7nh vi\u1ec7n Ho\u00e0n M\u1ef9 \u0110\u00e0 N\u1eb5ng\" \/>\n<meta name=\"twitter:description\" content=\"\u0110i sinh nh\u00e0n t\u00eanh, con an m\u1eb9 kh\u1ecfe. \u201cSinh con tr\u1ecdn g\u00f3i\u201d c\u1ee7a Ho\u00e0n M\u1ef9 \u0110\u00e0 N\u1eb5ng t\u1ef1 h\u00e0o l\u00e0 \u201cng\u01b0\u1eddi b\u1ea1n \u0111\u1ed3ng h\u00e0nh&quot; c\u1ee7a g\u1ea7n 2000 gia \u0111\u00ecnh \u0111\u00f3n thi\u00ean th\u1ea7n nh\u1ecf ch\u00e0o \u0111\u1eddi kh\u1ecfe m\u1ea1nh m\u1ed7i n\u0103m. Kh\u00f4ng c\u00f2n lo \u00e2u, tr\u0103n tr\u1edf, sinh con tr\u1ecdn g\u00f3i gi\u00fap b\u1ed1 m\u1eb9 nh\u1eb9 g\u00e1nh lo \u00e2u, sinh \u0111\u1ebb nh\u00e0n t\u00eanh, con an m\u1eb9 kh\u1ecfe.\" \/>\n<meta name=\"twitter:image\" content=\"https:\/\/hoanmy.com\/danang\/thai-san\/wp-content\/uploads\/2023\/04\/thumbnail.png\" \/>\n<script type=\"application\/ld+json\" class=\"yoast-schema-graph\">{\"@context\":\"https:\/\/schema.org\",\"@graph\":[{\"@type\":\"WebPage\",\"@id\":\"https:\/\/hoanmy.com\/danang\/thai-san\/\",\"url\":\"https:\/\/hoanmy.com\/danang\/thai-san\/\",\"name\":\"Sinh Con Tr\u1ecdn G\u00f3i - B\u1ec7nh vi\u1ec7n Ho\u00e0n M\u1ef9 \u0110\u00e0 N\u1eb5ng\",\"isPartOf\":{\"@id\":\"https:\/\/hoanmy.com\/danang\/thai-san\/#website\"},\"datePublished\":\"2023-08-22T02:47:23+00:00\",\"dateModified\":\"2026-04-02T08:38:14+00:00\",\"description\":\"\u0110i sinh nh\u00e0n t\u00eanh, con an m\u1eb9 kh\u1ecfe. \u201cSinh con tr\u1ecdn g\u00f3i\u201d c\u1ee7a Ho\u00e0n M\u1ef9 \u0110\u00e0 N\u1eb5ng t\u1ef1 h\u00e0o l\u00e0 \u201cng\u01b0\u1eddi b\u1ea1n \u0111\u1ed3ng h\u00e0nh\\\" c\u1ee7a g\u1ea7n 2000 gia \u0111\u00ecnh \u0111\u00f3n thi\u00ean th\u1ea7n nh\u1ecf ch\u00e0o \u0111\u1eddi kh\u1ecfe m\u1ea1nh m\u1ed7i n\u0103m. Kh\u00f4ng c\u00f2n lo \u00e2u, tr\u0103n tr\u1edf, sinh con tr\u1ecdn g\u00f3i gi\u00fap b\u1ed1 m\u1eb9 nh\u1eb9 g\u00e1nh lo \u00e2u, sinh \u0111\u1ebb nh\u00e0n t\u00eanh, con an m\u1eb9 kh\u1ecfe.\",\"breadcrumb\":{\"@id\":\"https:\/\/hoanmy.com\/danang\/thai-san\/#breadcrumb\"},\"inLanguage\":\"vi\",\"potentialAction\":[{\"@type\":\"ReadAction\",\"target\":[\"https:\/\/hoanmy.com\/danang\/thai-san\/\"]}]},{\"@type\":\"BreadcrumbList\",\"@id\":\"https:\/\/hoanmy.com\/danang\/thai-san\/#breadcrumb\",\"itemListElement\":[{\"@type\":\"ListItem\",\"position\":1,\"name\":\"Trang ch\u1ee7\",\"item\":\"https:\/\/hoanmy.com\/danang\/thai-san\/\"},{\"@type\":\"ListItem\",\"position\":2,\"name\":\"Trang ch\u1ee7\"}]},{\"@type\":\"WebSite\",\"@id\":\"https:\/\/hoanmy.com\/danang\/thai-san\/#website\",\"url\":\"https:\/\/hoanmy.com\/danang\/thai-san\/\",\"name\":\"Hoan My\",\"description\":\"M\u1ed9t trang web m\u1edbi s\u1eed d\u1ee5ng WordPress\",\"potentialAction\":[{\"@type\":\"SearchAction\",\"target\":{\"@type\":\"EntryPoint\",\"urlTemplate\":\"https:\/\/hoanmy.com\/danang\/thai-san\/?s={search_term_string}\"},\"query-input\":\"required name=search_term_string\"}],\"inLanguage\":\"vi\"}]}<\/script>\n<!-- \/ Yoast SEO plugin. -->","yoast_head_json":{"title":"Sinh Con Tr\u1ecdn G\u00f3i - B\u1ec7nh vi\u1ec7n Ho\u00e0n M\u1ef9 \u0110\u00e0 N\u1eb5ng","description":"\u0110i sinh nh\u00e0n t\u00eanh, con an m\u1eb9 kh\u1ecfe. \u201cSinh con tr\u1ecdn g\u00f3i\u201d c\u1ee7a Ho\u00e0n M\u1ef9 \u0110\u00e0 N\u1eb5ng t\u1ef1 h\u00e0o l\u00e0 \u201cng\u01b0\u1eddi b\u1ea1n \u0111\u1ed3ng h\u00e0nh\" c\u1ee7a g\u1ea7n 2000 gia \u0111\u00ecnh \u0111\u00f3n thi\u00ean th\u1ea7n nh\u1ecf ch\u00e0o \u0111\u1eddi kh\u1ecfe m\u1ea1nh m\u1ed7i n\u0103m. Kh\u00f4ng c\u00f2n lo \u00e2u, tr\u0103n tr\u1edf, sinh con tr\u1ecdn g\u00f3i gi\u00fap b\u1ed1 m\u1eb9 nh\u1eb9 g\u00e1nh lo \u00e2u, sinh \u0111\u1ebb nh\u00e0n t\u00eanh, con an m\u1eb9 kh\u1ecfe.","robots":{"index":"index","follow":"follow","max-snippet":"max-snippet:-1","max-image-preview":"max-image-preview:large","max-video-preview":"max-video-preview:-1"},"canonical":"https:\/\/hoanmy.com\/danang\/thai-san\/","og_locale":"vi_VN","og_type":"article","og_title":"SINH CON TR\u1eccN G\u00d3I - B\u1ec7nh vi\u1ec7n Ho\u00e0n M\u1ef9 \u0110\u00e0 N\u1eb5ng","og_description":"\u0110i sinh nh\u00e0n t\u00eanh, con an m\u1eb9 kh\u1ecfe. \u201cSinh con tr\u1ecdn g\u00f3i\u201d c\u1ee7a Ho\u00e0n M\u1ef9 \u0110\u00e0 N\u1eb5ng t\u1ef1 h\u00e0o l\u00e0 \u201cng\u01b0\u1eddi b\u1ea1n \u0111\u1ed3ng h\u00e0nh\" c\u1ee7a g\u1ea7n 2000 gia \u0111\u00ecnh \u0111\u00f3n thi\u00ean th\u1ea7n nh\u1ecf ch\u00e0o \u0111\u1eddi kh\u1ecfe m\u1ea1nh m\u1ed7i n\u0103m. Kh\u00f4ng c\u00f2n lo \u00e2u, tr\u0103n tr\u1edf, sinh con tr\u1ecdn g\u00f3i gi\u00fap b\u1ed1 m\u1eb9 nh\u1eb9 g\u00e1nh lo \u00e2u, sinh \u0111\u1ebb nh\u00e0n t\u00eanh, con an m\u1eb9 kh\u1ecfe.","og_url":"https:\/\/hoanmy.com\/danang\/thai-san\/","og_site_name":"Hoan My","article_modified_time":"2026-04-02T08:38:14+00:00","og_image":[{"width":786,"height":544,"url":"https:\/\/hoanmy.com\/danang\/thai-san\/wp-content\/uploads\/2023\/04\/thumbnail.png","type":"image\/png"}],"twitter_card":"summary_large_image","twitter_title":"SINH CON TR\u1eccN G\u00d3I - B\u1ec7nh vi\u1ec7n Ho\u00e0n M\u1ef9 \u0110\u00e0 N\u1eb5ng","twitter_description":"\u0110i sinh nh\u00e0n t\u00eanh, con an m\u1eb9 kh\u1ecfe. \u201cSinh con tr\u1ecdn g\u00f3i\u201d c\u1ee7a Ho\u00e0n M\u1ef9 \u0110\u00e0 N\u1eb5ng t\u1ef1 h\u00e0o l\u00e0 \u201cng\u01b0\u1eddi b\u1ea1n \u0111\u1ed3ng h\u00e0nh\" c\u1ee7a g\u1ea7n 2000 gia \u0111\u00ecnh \u0111\u00f3n thi\u00ean th\u1ea7n nh\u1ecf ch\u00e0o \u0111\u1eddi kh\u1ecfe m\u1ea1nh m\u1ed7i n\u0103m. Kh\u00f4ng c\u00f2n lo \u00e2u, tr\u0103n tr\u1edf, sinh con tr\u1ecdn g\u00f3i gi\u00fap b\u1ed1 m\u1eb9 nh\u1eb9 g\u00e1nh lo \u00e2u, sinh \u0111\u1ebb nh\u00e0n t\u00eanh, con an m\u1eb9 kh\u1ecfe.","twitter_image":"https:\/\/hoanmy.com\/danang\/thai-san\/wp-content\/uploads\/2023\/04\/thumbnail.png","schema":{"@context":"https:\/\/schema.org","@graph":[{"@type":"WebPage","@id":"https:\/\/hoanmy.com\/danang\/thai-san\/","url":"https:\/\/hoanmy.com\/danang\/thai-san\/","name":"Sinh Con Tr\u1ecdn G\u00f3i - B\u1ec7nh vi\u1ec7n Ho\u00e0n M\u1ef9 \u0110\u00e0 N\u1eb5ng","isPartOf":{"@id":"https:\/\/hoanmy.com\/danang\/thai-san\/#website"},"datePublished":"2023-08-22T02:47:23+00:00","dateModified":"2026-04-02T08:38:14+00:00","description":"\u0110i sinh nh\u00e0n t\u00eanh, con an m\u1eb9 kh\u1ecfe. \u201cSinh con tr\u1ecdn g\u00f3i\u201d c\u1ee7a Ho\u00e0n M\u1ef9 \u0110\u00e0 N\u1eb5ng t\u1ef1 h\u00e0o l\u00e0 \u201cng\u01b0\u1eddi b\u1ea1n \u0111\u1ed3ng h\u00e0nh\" c\u1ee7a g\u1ea7n 2000 gia \u0111\u00ecnh \u0111\u00f3n thi\u00ean th\u1ea7n nh\u1ecf ch\u00e0o \u0111\u1eddi kh\u1ecfe m\u1ea1nh m\u1ed7i n\u0103m. Kh\u00f4ng c\u00f2n lo \u00e2u, tr\u0103n tr\u1edf, sinh con tr\u1ecdn g\u00f3i gi\u00fap b\u1ed1 m\u1eb9 nh\u1eb9 g\u00e1nh lo \u00e2u, sinh \u0111\u1ebb nh\u00e0n t\u00eanh, con an m\u1eb9 kh\u1ecfe.","breadcrumb":{"@id":"https:\/\/hoanmy.com\/danang\/thai-san\/#breadcrumb"},"inLanguage":"vi","potentialAction":[{"@type":"ReadAction","target":["https:\/\/hoanmy.com\/danang\/thai-san\/"]}]},{"@type":"BreadcrumbList","@id":"https:\/\/hoanmy.com\/danang\/thai-san\/#breadcrumb","itemListElement":[{"@type":"ListItem","position":1,"name":"Trang ch\u1ee7","item":"https:\/\/hoanmy.com\/danang\/thai-san\/"},{"@type":"ListItem","position":2,"name":"Trang ch\u1ee7"}]},{"@type":"WebSite","@id":"https:\/\/hoanmy.com\/danang\/thai-san\/#website","url":"https:\/\/hoanmy.com\/danang\/thai-san\/","name":"Hoan My","description":"M\u1ed9t trang web m\u1edbi s\u1eed d\u1ee5ng WordPress","potentialAction":[{"@type":"SearchAction","target":{"@type":"EntryPoint","urlTemplate":"https:\/\/hoanmy.com\/danang\/thai-san\/?s={search_term_string}"},"query-input":"required name=search_term_string"}],"inLanguage":"vi"}]}},"_links":{"self":[{"href":"https:\/\/hoanmy.com\/danang\/thai-san\/wp-json\/wp\/v2\/pages\/434"}],"collection":[{"href":"https:\/\/hoanmy.com\/danang\/thai-san\/wp-json\/wp\/v2\/pages"}],"about":[{"href":"https:\/\/hoanmy.com\/danang\/thai-san\/wp-json\/wp\/v2\/types\/page"}],"author":[{"embeddable":true,"href":"https:\/\/hoanmy.com\/danang\/thai-san\/wp-json\/wp\/v2\/users\/1"}],"replies":[{"embeddable":true,"href":"https:\/\/hoanmy.com\/danang\/thai-san\/wp-json\/wp\/v2\/comments?post=434"}],"version-history":[{"count":322,"href":"https:\/\/hoanmy.com\/danang\/thai-san\/wp-json\/wp\/v2\/pages\/434\/revisions"}],"predecessor-version":[{"id":1372,"href":"https:\/\/hoanmy.com\/danang\/thai-san\/wp-json\/wp\/v2\/pages\/434\/revisions\/1372"}],"wp:attachment":[{"href":"https:\/\/hoanmy.com\/danang\/thai-san\/wp-json\/wp\/v2\/media?parent=434"}],"curies":[{"name":"wp","href":"https:\/\/api.w.org\/{rel}","templated":true}]}}