{"id":434,"date":"2023-08-22T02:47:23","date_gmt":"2023-08-22T02:47:23","guid":{"rendered":"https:\/\/hoanmy.com\/dongnai\/phaco\/?page_id=434"},"modified":"2026-04-02T08:30:58","modified_gmt":"2026-04-02T08:30:58","slug":"trang-chu","status":"publish","type":"page","link":"https:\/\/hoanmy.com\/dalat\/thai-san\/","title":{"rendered":"Trang ch\u1ee7"},"content":{"rendered":"","protected":false},"excerpt":{"rendered":"","protected":false},"author":1,"featured_media":0,"parent":0,"menu_order":0,"comment_status":"closed","ping_status":"closed","template":"page-templates\/page-template-3.php","meta":{"inline_featured_image":false,"footnotes":""},"class_list":["post-434","page","type-page","status-publish","hentry"],"acf":[],"yoast_head":"<!-- This site is optimized with the Yoast SEO plugin v23.1 - https:\/\/yoast.com\/wordpress\/plugins\/seo\/ -->\n<title>G\u00f3i sinh Ho\u00e0n M\u1ef9 - B\u1ec7nh vi\u1ec7n Ho\u00e0n M\u1ef9 \u0110\u00e0 L\u1ea1t<\/title>\n<meta name=\"description\" content=\"S\u1ef1 l\u1ef1a ch\u1ecdn th\u00f4ng minh c\u1ee7a m\u1eb9 b\u1ea7u hi\u1ec7n \u0111\u1ea1i. B\u1ec7nh vi\u1ec7n \u0110a khoa Ho\u00e0n M\u1ef9 \u0110\u00e0 L\u1ea1t cung c\u1ea5p \u0111a d\u1ea1ng c\u00e1c g\u00f3i sinh, mong mu\u1ed1n \u0111\u1ed3ng h\u00e0nh c\u00f9ng m\u1eb9 \u201cv\u01b0\u1ee3t c\u1ea1n\u201d an nh\u00e0n, m\u1eb9 tr\u00f2n con vu\u00f4ng, ch\u00e0o \u0111\u00f3n b\u00e9 y\u00eau kh\u1ecfe m\u1ea1nh v\u00e0 th\u00f4ng minh.\" \/>\n<meta name=\"robots\" content=\"index, follow, max-snippet:-1, max-image-preview:large, max-video-preview:-1\" \/>\n<link rel=\"canonical\" href=\"https:\/\/hoanmy.com\/dalat\/thai-san\/\" \/>\n<meta property=\"og:locale\" content=\"vi_VN\" \/>\n<meta property=\"og:type\" content=\"article\" \/>\n<meta property=\"og:title\" content=\"G\u00f3i sinh Ho\u00e0n M\u1ef9 - B\u1ec7nh vi\u1ec7n Ho\u00e0n M\u1ef9 \u0110\u00e0 L\u1ea1t\" \/>\n<meta property=\"og:description\" content=\"S\u1ef1 l\u1ef1a ch\u1ecdn th\u00f4ng minh c\u1ee7a m\u1eb9 b\u1ea7u hi\u1ec7n \u0111\u1ea1i. B\u1ec7nh vi\u1ec7n \u0110a khoa Ho\u00e0n M\u1ef9 \u0110\u00e0 L\u1ea1t cung c\u1ea5p \u0111a d\u1ea1ng c\u00e1c g\u00f3i sinh, mong mu\u1ed1n \u0111\u1ed3ng h\u00e0nh c\u00f9ng m\u1eb9 \u201cv\u01b0\u1ee3t c\u1ea1n\u201d an nh\u00e0n, m\u1eb9 tr\u00f2n con vu\u00f4ng, ch\u00e0o \u0111\u00f3n b\u00e9 y\u00eau kh\u1ecfe m\u1ea1nh v\u00e0 th\u00f4ng minh.\" \/>\n<meta property=\"og:url\" content=\"https:\/\/hoanmy.com\/dalat\/thai-san\/\" \/>\n<meta property=\"og:site_name\" content=\"Hoan My\" \/>\n<meta property=\"article:modified_time\" content=\"2026-04-02T08:30:58+00:00\" \/>\n<meta property=\"og:image\" content=\"https:\/\/hoanmy.com\/dalat\/thai-san\/wp-content\/uploads\/2023\/04\/thumbnail.png\" \/>\n\t<meta property=\"og:image:width\" content=\"786\" \/>\n\t<meta property=\"og:image:height\" content=\"544\" \/>\n\t<meta property=\"og:image:type\" content=\"image\/png\" \/>\n<meta name=\"twitter:card\" content=\"summary_large_image\" \/>\n<meta name=\"twitter:title\" content=\"G\u00f3i sinh Ho\u00e0n M\u1ef9 - B\u1ec7nh vi\u1ec7n Ho\u00e0n M\u1ef9 \u0110\u00e0 L\u1ea1t\" \/>\n<meta name=\"twitter:description\" content=\"S\u1ef1 l\u1ef1a ch\u1ecdn th\u00f4ng minh c\u1ee7a m\u1eb9 b\u1ea7u hi\u1ec7n \u0111\u1ea1i. B\u1ec7nh vi\u1ec7n \u0110a khoa Ho\u00e0n M\u1ef9 \u0110\u00e0 L\u1ea1t cung c\u1ea5p \u0111a d\u1ea1ng c\u00e1c g\u00f3i sinh, mong mu\u1ed1n \u0111\u1ed3ng h\u00e0nh c\u00f9ng m\u1eb9 \u201cv\u01b0\u1ee3t c\u1ea1n\u201d an nh\u00e0n, m\u1eb9 tr\u00f2n con vu\u00f4ng, ch\u00e0o \u0111\u00f3n b\u00e9 y\u00eau kh\u1ecfe m\u1ea1nh v\u00e0 th\u00f4ng minh.\" \/>\n<meta name=\"twitter:image\" content=\"https:\/\/hoanmy.com\/dalat\/thai-san\/wp-content\/uploads\/2023\/04\/thumbnail.png\" \/>\n<script type=\"application\/ld+json\" class=\"yoast-schema-graph\">{\"@context\":\"https:\/\/schema.org\",\"@graph\":[{\"@type\":\"WebPage\",\"@id\":\"https:\/\/hoanmy.com\/dalat\/thai-san\/\",\"url\":\"https:\/\/hoanmy.com\/dalat\/thai-san\/\",\"name\":\"G\u00f3i sinh Ho\u00e0n M\u1ef9 - B\u1ec7nh vi\u1ec7n Ho\u00e0n M\u1ef9 \u0110\u00e0 L\u1ea1t\",\"isPartOf\":{\"@id\":\"https:\/\/hoanmy.com\/dalat\/thai-san\/#website\"},\"datePublished\":\"2023-08-22T02:47:23+00:00\",\"dateModified\":\"2026-04-02T08:30:58+00:00\",\"description\":\"S\u1ef1 l\u1ef1a ch\u1ecdn th\u00f4ng minh c\u1ee7a m\u1eb9 b\u1ea7u hi\u1ec7n \u0111\u1ea1i. B\u1ec7nh vi\u1ec7n \u0110a khoa Ho\u00e0n M\u1ef9 \u0110\u00e0 L\u1ea1t cung c\u1ea5p \u0111a d\u1ea1ng c\u00e1c g\u00f3i sinh, mong mu\u1ed1n \u0111\u1ed3ng h\u00e0nh c\u00f9ng m\u1eb9 \u201cv\u01b0\u1ee3t c\u1ea1n\u201d an nh\u00e0n, m\u1eb9 tr\u00f2n con vu\u00f4ng, ch\u00e0o \u0111\u00f3n b\u00e9 y\u00eau kh\u1ecfe m\u1ea1nh v\u00e0 th\u00f4ng minh.\",\"breadcrumb\":{\"@id\":\"https:\/\/hoanmy.com\/dalat\/thai-san\/#breadcrumb\"},\"inLanguage\":\"vi\",\"potentialAction\":[{\"@type\":\"ReadAction\",\"target\":[\"https:\/\/hoanmy.com\/dalat\/thai-san\/\"]}]},{\"@type\":\"BreadcrumbList\",\"@id\":\"https:\/\/hoanmy.com\/dalat\/thai-san\/#breadcrumb\",\"itemListElement\":[{\"@type\":\"ListItem\",\"position\":1,\"name\":\"Trang ch\u1ee7\",\"item\":\"https:\/\/hoanmy.com\/dalat\/thai-san\/\"},{\"@type\":\"ListItem\",\"position\":2,\"name\":\"Trang ch\u1ee7\"}]},{\"@type\":\"WebSite\",\"@id\":\"https:\/\/hoanmy.com\/dalat\/thai-san\/#website\",\"url\":\"https:\/\/hoanmy.com\/dalat\/thai-san\/\",\"name\":\"Hoan My\",\"description\":\"M\u1ed9t trang web m\u1edbi s\u1eed d\u1ee5ng WordPress\",\"potentialAction\":[{\"@type\":\"SearchAction\",\"target\":{\"@type\":\"EntryPoint\",\"urlTemplate\":\"https:\/\/hoanmy.com\/dalat\/thai-san\/?s={search_term_string}\"},\"query-input\":\"required name=search_term_string\"}],\"inLanguage\":\"vi\"}]}<\/script>\n<!-- \/ Yoast SEO plugin. -->","yoast_head_json":{"title":"G\u00f3i sinh Ho\u00e0n M\u1ef9 - B\u1ec7nh vi\u1ec7n Ho\u00e0n M\u1ef9 \u0110\u00e0 L\u1ea1t","description":"S\u1ef1 l\u1ef1a ch\u1ecdn th\u00f4ng minh c\u1ee7a m\u1eb9 b\u1ea7u hi\u1ec7n \u0111\u1ea1i. B\u1ec7nh vi\u1ec7n \u0110a khoa Ho\u00e0n M\u1ef9 \u0110\u00e0 L\u1ea1t cung c\u1ea5p \u0111a d\u1ea1ng c\u00e1c g\u00f3i sinh, mong mu\u1ed1n \u0111\u1ed3ng h\u00e0nh c\u00f9ng m\u1eb9 \u201cv\u01b0\u1ee3t c\u1ea1n\u201d an nh\u00e0n, m\u1eb9 tr\u00f2n con vu\u00f4ng, ch\u00e0o \u0111\u00f3n b\u00e9 y\u00eau kh\u1ecfe m\u1ea1nh v\u00e0 th\u00f4ng minh.","robots":{"index":"index","follow":"follow","max-snippet":"max-snippet:-1","max-image-preview":"max-image-preview:large","max-video-preview":"max-video-preview:-1"},"canonical":"https:\/\/hoanmy.com\/dalat\/thai-san\/","og_locale":"vi_VN","og_type":"article","og_title":"G\u00f3i sinh Ho\u00e0n M\u1ef9 - B\u1ec7nh vi\u1ec7n Ho\u00e0n M\u1ef9 \u0110\u00e0 L\u1ea1t","og_description":"S\u1ef1 l\u1ef1a ch\u1ecdn th\u00f4ng minh c\u1ee7a m\u1eb9 b\u1ea7u hi\u1ec7n \u0111\u1ea1i. B\u1ec7nh vi\u1ec7n \u0110a khoa Ho\u00e0n M\u1ef9 \u0110\u00e0 L\u1ea1t cung c\u1ea5p \u0111a d\u1ea1ng c\u00e1c g\u00f3i sinh, mong mu\u1ed1n \u0111\u1ed3ng h\u00e0nh c\u00f9ng m\u1eb9 \u201cv\u01b0\u1ee3t c\u1ea1n\u201d an nh\u00e0n, m\u1eb9 tr\u00f2n con vu\u00f4ng, ch\u00e0o \u0111\u00f3n b\u00e9 y\u00eau kh\u1ecfe m\u1ea1nh v\u00e0 th\u00f4ng minh.","og_url":"https:\/\/hoanmy.com\/dalat\/thai-san\/","og_site_name":"Hoan My","article_modified_time":"2026-04-02T08:30:58+00:00","og_image":[{"width":786,"height":544,"url":"https:\/\/hoanmy.com\/dalat\/thai-san\/wp-content\/uploads\/2023\/04\/thumbnail.png","type":"image\/png"}],"twitter_card":"summary_large_image","twitter_title":"G\u00f3i sinh Ho\u00e0n M\u1ef9 - B\u1ec7nh vi\u1ec7n Ho\u00e0n M\u1ef9 \u0110\u00e0 L\u1ea1t","twitter_description":"S\u1ef1 l\u1ef1a ch\u1ecdn th\u00f4ng minh c\u1ee7a m\u1eb9 b\u1ea7u hi\u1ec7n \u0111\u1ea1i. B\u1ec7nh vi\u1ec7n \u0110a khoa Ho\u00e0n M\u1ef9 \u0110\u00e0 L\u1ea1t cung c\u1ea5p \u0111a d\u1ea1ng c\u00e1c g\u00f3i sinh, mong mu\u1ed1n \u0111\u1ed3ng h\u00e0nh c\u00f9ng m\u1eb9 \u201cv\u01b0\u1ee3t c\u1ea1n\u201d an nh\u00e0n, m\u1eb9 tr\u00f2n con vu\u00f4ng, ch\u00e0o \u0111\u00f3n b\u00e9 y\u00eau kh\u1ecfe m\u1ea1nh v\u00e0 th\u00f4ng minh.","twitter_image":"https:\/\/hoanmy.com\/dalat\/thai-san\/wp-content\/uploads\/2023\/04\/thumbnail.png","schema":{"@context":"https:\/\/schema.org","@graph":[{"@type":"WebPage","@id":"https:\/\/hoanmy.com\/dalat\/thai-san\/","url":"https:\/\/hoanmy.com\/dalat\/thai-san\/","name":"G\u00f3i sinh Ho\u00e0n M\u1ef9 - B\u1ec7nh vi\u1ec7n Ho\u00e0n M\u1ef9 \u0110\u00e0 L\u1ea1t","isPartOf":{"@id":"https:\/\/hoanmy.com\/dalat\/thai-san\/#website"},"datePublished":"2023-08-22T02:47:23+00:00","dateModified":"2026-04-02T08:30:58+00:00","description":"S\u1ef1 l\u1ef1a ch\u1ecdn th\u00f4ng minh c\u1ee7a m\u1eb9 b\u1ea7u hi\u1ec7n \u0111\u1ea1i. B\u1ec7nh vi\u1ec7n \u0110a khoa Ho\u00e0n M\u1ef9 \u0110\u00e0 L\u1ea1t cung c\u1ea5p \u0111a d\u1ea1ng c\u00e1c g\u00f3i sinh, mong mu\u1ed1n \u0111\u1ed3ng h\u00e0nh c\u00f9ng m\u1eb9 \u201cv\u01b0\u1ee3t c\u1ea1n\u201d an nh\u00e0n, m\u1eb9 tr\u00f2n con vu\u00f4ng, ch\u00e0o \u0111\u00f3n b\u00e9 y\u00eau kh\u1ecfe m\u1ea1nh v\u00e0 th\u00f4ng minh.","breadcrumb":{"@id":"https:\/\/hoanmy.com\/dalat\/thai-san\/#breadcrumb"},"inLanguage":"vi","potentialAction":[{"@type":"ReadAction","target":["https:\/\/hoanmy.com\/dalat\/thai-san\/"]}]},{"@type":"BreadcrumbList","@id":"https:\/\/hoanmy.com\/dalat\/thai-san\/#breadcrumb","itemListElement":[{"@type":"ListItem","position":1,"name":"Trang ch\u1ee7","item":"https:\/\/hoanmy.com\/dalat\/thai-san\/"},{"@type":"ListItem","position":2,"name":"Trang ch\u1ee7"}]},{"@type":"WebSite","@id":"https:\/\/hoanmy.com\/dalat\/thai-san\/#website","url":"https:\/\/hoanmy.com\/dalat\/thai-san\/","name":"Hoan My","description":"M\u1ed9t trang web m\u1edbi s\u1eed d\u1ee5ng WordPress","potentialAction":[{"@type":"SearchAction","target":{"@type":"EntryPoint","urlTemplate":"https:\/\/hoanmy.com\/dalat\/thai-san\/?s={search_term_string}"},"query-input":"required name=search_term_string"}],"inLanguage":"vi"}]}},"_links":{"self":[{"href":"https:\/\/hoanmy.com\/dalat\/thai-san\/wp-json\/wp\/v2\/pages\/434"}],"collection":[{"href":"https:\/\/hoanmy.com\/dalat\/thai-san\/wp-json\/wp\/v2\/pages"}],"about":[{"href":"https:\/\/hoanmy.com\/dalat\/thai-san\/wp-json\/wp\/v2\/types\/page"}],"author":[{"embeddable":true,"href":"https:\/\/hoanmy.com\/dalat\/thai-san\/wp-json\/wp\/v2\/users\/1"}],"replies":[{"embeddable":true,"href":"https:\/\/hoanmy.com\/dalat\/thai-san\/wp-json\/wp\/v2\/comments?post=434"}],"version-history":[{"count":212,"href":"https:\/\/hoanmy.com\/dalat\/thai-san\/wp-json\/wp\/v2\/pages\/434\/revisions"}],"predecessor-version":[{"id":1141,"href":"https:\/\/hoanmy.com\/dalat\/thai-san\/wp-json\/wp\/v2\/pages\/434\/revisions\/1141"}],"wp:attachment":[{"href":"https:\/\/hoanmy.com\/dalat\/thai-san\/wp-json\/wp\/v2\/media?parent=434"}],"curies":[{"name":"wp","href":"https:\/\/api.w.org\/{rel}","templated":true}]}}