{"id":125,"date":"2023-10-03T06:27:04","date_gmt":"2023-10-03T06:27:04","guid":{"rendered":"https:\/\/hoanmy.com\/dalat\/kham-suc-khoe-tong-quat\/?page_id=125"},"modified":"2026-03-16T04:57:27","modified_gmt":"2026-03-16T04:57:27","slug":"hoan-my","status":"publish","type":"page","link":"https:\/\/hoanmy.com\/dalat\/kham-suc-khoe-tong-quat\/","title":{"rendered":"Trang ch\u1ee7"},"content":{"rendered":"","protected":false},"excerpt":{"rendered":"","protected":false},"author":1,"featured_media":0,"parent":0,"menu_order":0,"comment_status":"closed","ping_status":"closed","template":"","meta":{"inline_featured_image":false,"footnotes":""},"class_list":["post-125","page","type-page","status-publish","hentry"],"acf":[],"yoast_head":"<!-- This site is optimized with the Yoast SEO plugin v23.1 - https:\/\/yoast.com\/wordpress\/plugins\/seo\/ -->\n<title>KH\u00c1M S\u1ee8C KH\u1eceE T\u1ed4NG QU\u00c1T - B\u1ec7nh vi\u1ec7n Ho\u00e0n M\u1ef9 \u0110\u00e0 L\u1ea1t<\/title>\n<meta name=\"description\" content=\"G\u00f3i kh\u00e1m s\u1ee9c kh\u1ecfe t\u1ed5ng qu\u00e1t t\u1ea1i B\u1ec7nh vi\u1ec7n Ho\u00e0n M\u1ef9 \u0110\u00e0 L\u1ea1t ph\u00f9 h\u1ee3p v\u1edbi m\u1ecdi \u0111\u1ed1i t\u01b0\u1ee3ng, cung c\u1ea5p d\u1ecbch v\u1ee5 t\u1ea7m so\u00e1t to\u00e0n di\u1ec7n c\u00e1c ch\u1ee9c n\u0103ng c\u01a1 quan quan tr\u1ecdng trong c\u01a1 th\u1ec3. T\u1eeb \u0111\u00f3 gi\u00fap ng\u01b0\u1eddi b\u1ec7nh ph\u00e1t hi\u1ec7n s\u1edbm c\u00e1c v\u1ea5n \u0111\u1ec1 s\u1ee9c kh\u1ecfe nguy hi\u1ec3m nh\u01b0 \u0111\u00e1i th\u00e1o \u0111\u01b0\u1eddng, r\u1ed1i lo\u1ea1n m\u1ee1 m\u00e1u, tim m\u1ea1ch, vi\u00eam gan si\u00eau vi B v\u00e0 C, \u0111\u1ed9t qu\u1ef5, ung th\u01b0, v\u00e0 gout\u2026 v\u00e0 \u0111i\u1ec1u tr\u1ecb k\u1ecbp th\u1eddi. \u0110\u1ea3m b\u1ea3o s\u1ee9c kh\u1ecfe c\u1ee7a b\u1ea1n, h\u00e3y kh\u00e1m ngay!\" \/>\n<meta name=\"robots\" content=\"index, follow, max-snippet:-1, max-image-preview:large, max-video-preview:-1\" \/>\n<link rel=\"canonical\" href=\"https:\/\/hoanmy.com\/dalat\/kham-suc-khoe-tong-quat\/\" \/>\n<meta property=\"og:locale\" content=\"vi_VN\" \/>\n<meta property=\"og:type\" content=\"article\" \/>\n<meta property=\"og:title\" content=\"KH\u00c1M S\u1ee8C KH\u1eceE T\u1ed4NG QU\u00c1T - B\u1ec7nh vi\u1ec7n Ho\u00e0n M\u1ef9 \u0110\u00e0 L\u1ea1t\" \/>\n<meta property=\"og:description\" content=\"G\u00f3i kh\u00e1m s\u1ee9c kh\u1ecfe t\u1ed5ng qu\u00e1t t\u1ea1i B\u1ec7nh vi\u1ec7n Ho\u00e0n M\u1ef9 \u0110\u00e0 L\u1ea1t ph\u00f9 h\u1ee3p v\u1edbi m\u1ecdi \u0111\u1ed1i t\u01b0\u1ee3ng, cung c\u1ea5p d\u1ecbch v\u1ee5 t\u1ea7m so\u00e1t to\u00e0n di\u1ec7n c\u00e1c ch\u1ee9c n\u0103ng c\u01a1 quan quan tr\u1ecdng trong c\u01a1 th\u1ec3. T\u1eeb \u0111\u00f3 gi\u00fap ng\u01b0\u1eddi b\u1ec7nh ph\u00e1t hi\u1ec7n s\u1edbm c\u00e1c v\u1ea5n \u0111\u1ec1 s\u1ee9c kh\u1ecfe nguy hi\u1ec3m nh\u01b0 \u0111\u00e1i th\u00e1o \u0111\u01b0\u1eddng, r\u1ed1i lo\u1ea1n m\u1ee1 m\u00e1u, tim m\u1ea1ch, vi\u00eam gan si\u00eau vi B v\u00e0 C, \u0111\u1ed9t qu\u1ef5, ung th\u01b0, v\u00e0 gout\u2026 v\u00e0 \u0111i\u1ec1u tr\u1ecb k\u1ecbp th\u1eddi. \u0110\u1ea3m b\u1ea3o s\u1ee9c kh\u1ecfe c\u1ee7a b\u1ea1n, h\u00e3y kh\u00e1m ngay!\" \/>\n<meta property=\"og:url\" content=\"https:\/\/hoanmy.com\/dalat\/kham-suc-khoe-tong-quat\/\" \/>\n<meta property=\"og:site_name\" content=\"Hoan My\" \/>\n<meta property=\"article:modified_time\" content=\"2026-03-16T04:57:27+00:00\" \/>\n<meta property=\"og:image\" content=\"https:\/\/hoanmy.com\/dalat\/kham-suc-khoe-tong-quat\/wp-content\/uploads\/2023\/10\/4Z5A7269-1.jpg\" \/>\n\t<meta property=\"og:image:width\" content=\"694\" \/>\n\t<meta property=\"og:image:height\" content=\"853\" \/>\n\t<meta property=\"og:image:type\" content=\"image\/jpeg\" \/>\n<meta name=\"twitter:card\" content=\"summary_large_image\" \/>\n<meta name=\"twitter:title\" content=\"KH\u00c1M S\u1ee8C KH\u1eceE T\u1ed4NG QU\u00c1T - B\u1ec7nh vi\u1ec7n Ho\u00e0n M\u1ef9 \u0110\u00e0 L\u1ea1t\" \/>\n<meta name=\"twitter:description\" content=\"G\u00f3i kh\u00e1m s\u1ee9c kh\u1ecfe t\u1ed5ng qu\u00e1t t\u1ea1i B\u1ec7nh vi\u1ec7n Ho\u00e0n M\u1ef9 \u0110\u00e0 L\u1ea1t ph\u00f9 h\u1ee3p v\u1edbi m\u1ecdi \u0111\u1ed1i t\u01b0\u1ee3ng, cung c\u1ea5p d\u1ecbch v\u1ee5 t\u1ea7m so\u00e1t to\u00e0n di\u1ec7n c\u00e1c ch\u1ee9c n\u0103ng c\u01a1 quan quan tr\u1ecdng trong c\u01a1 th\u1ec3. T\u1eeb \u0111\u00f3 gi\u00fap ng\u01b0\u1eddi b\u1ec7nh ph\u00e1t hi\u1ec7n s\u1edbm c\u00e1c v\u1ea5n \u0111\u1ec1 s\u1ee9c kh\u1ecfe nguy hi\u1ec3m nh\u01b0 \u0111\u00e1i th\u00e1o \u0111\u01b0\u1eddng, r\u1ed1i lo\u1ea1n m\u1ee1 m\u00e1u, tim m\u1ea1ch, vi\u00eam gan si\u00eau vi B v\u00e0 C, \u0111\u1ed9t qu\u1ef5, ung th\u01b0, v\u00e0 gout\u2026 v\u00e0 \u0111i\u1ec1u tr\u1ecb k\u1ecbp th\u1eddi. \u0110\u1ea3m b\u1ea3o s\u1ee9c kh\u1ecfe c\u1ee7a b\u1ea1n, h\u00e3y kh\u00e1m ngay!\" \/>\n<script type=\"application\/ld+json\" class=\"yoast-schema-graph\">{\"@context\":\"https:\/\/schema.org\",\"@graph\":[{\"@type\":\"WebPage\",\"@id\":\"https:\/\/hoanmy.com\/dalat\/kham-suc-khoe-tong-quat\/\",\"url\":\"https:\/\/hoanmy.com\/dalat\/kham-suc-khoe-tong-quat\/\",\"name\":\"KH\u00c1M S\u1ee8C KH\u1eceE T\u1ed4NG QU\u00c1T - B\u1ec7nh vi\u1ec7n Ho\u00e0n M\u1ef9 \u0110\u00e0 L\u1ea1t\",\"isPartOf\":{\"@id\":\"https:\/\/hoanmy.com\/dalat\/kham-suc-khoe-tong-quat\/#website\"},\"datePublished\":\"2023-10-03T06:27:04+00:00\",\"dateModified\":\"2026-03-16T04:57:27+00:00\",\"description\":\"G\u00f3i kh\u00e1m s\u1ee9c kh\u1ecfe t\u1ed5ng qu\u00e1t t\u1ea1i B\u1ec7nh vi\u1ec7n Ho\u00e0n M\u1ef9 \u0110\u00e0 L\u1ea1t ph\u00f9 h\u1ee3p v\u1edbi m\u1ecdi \u0111\u1ed1i t\u01b0\u1ee3ng, cung c\u1ea5p d\u1ecbch v\u1ee5 t\u1ea7m so\u00e1t to\u00e0n di\u1ec7n c\u00e1c ch\u1ee9c n\u0103ng c\u01a1 quan quan tr\u1ecdng trong c\u01a1 th\u1ec3. T\u1eeb \u0111\u00f3 gi\u00fap ng\u01b0\u1eddi b\u1ec7nh ph\u00e1t hi\u1ec7n s\u1edbm c\u00e1c v\u1ea5n \u0111\u1ec1 s\u1ee9c kh\u1ecfe nguy hi\u1ec3m nh\u01b0 \u0111\u00e1i th\u00e1o \u0111\u01b0\u1eddng, r\u1ed1i lo\u1ea1n m\u1ee1 m\u00e1u, tim m\u1ea1ch, vi\u00eam gan si\u00eau vi B v\u00e0 C, \u0111\u1ed9t qu\u1ef5, ung th\u01b0, v\u00e0 gout\u2026 v\u00e0 \u0111i\u1ec1u tr\u1ecb k\u1ecbp th\u1eddi. \u0110\u1ea3m b\u1ea3o s\u1ee9c kh\u1ecfe c\u1ee7a b\u1ea1n, h\u00e3y kh\u00e1m ngay!\",\"breadcrumb\":{\"@id\":\"https:\/\/hoanmy.com\/dalat\/kham-suc-khoe-tong-quat\/#breadcrumb\"},\"inLanguage\":\"vi\",\"potentialAction\":[{\"@type\":\"ReadAction\",\"target\":[\"https:\/\/hoanmy.com\/dalat\/kham-suc-khoe-tong-quat\/\"]}]},{\"@type\":\"BreadcrumbList\",\"@id\":\"https:\/\/hoanmy.com\/dalat\/kham-suc-khoe-tong-quat\/#breadcrumb\",\"itemListElement\":[{\"@type\":\"ListItem\",\"position\":1,\"name\":\"Trang ch\u1ee7\",\"item\":\"https:\/\/hoanmy.com\/dalat\/kham-suc-khoe-tong-quat\/\"},{\"@type\":\"ListItem\",\"position\":2,\"name\":\"Trang ch\u1ee7\"}]},{\"@type\":\"WebSite\",\"@id\":\"https:\/\/hoanmy.com\/dalat\/kham-suc-khoe-tong-quat\/#website\",\"url\":\"https:\/\/hoanmy.com\/dalat\/kham-suc-khoe-tong-quat\/\",\"name\":\"Hoan My\",\"description\":\"M\u1ed9t trang web m\u1edbi s\u1eed d\u1ee5ng WordPress\",\"potentialAction\":[{\"@type\":\"SearchAction\",\"target\":{\"@type\":\"EntryPoint\",\"urlTemplate\":\"https:\/\/hoanmy.com\/dalat\/kham-suc-khoe-tong-quat\/?s={search_term_string}\"},\"query-input\":\"required name=search_term_string\"}],\"inLanguage\":\"vi\"}]}<\/script>\n<!-- \/ Yoast SEO plugin. -->","yoast_head_json":{"title":"KH\u00c1M S\u1ee8C KH\u1eceE T\u1ed4NG QU\u00c1T - B\u1ec7nh vi\u1ec7n Ho\u00e0n M\u1ef9 \u0110\u00e0 L\u1ea1t","description":"G\u00f3i kh\u00e1m s\u1ee9c kh\u1ecfe t\u1ed5ng qu\u00e1t t\u1ea1i B\u1ec7nh vi\u1ec7n Ho\u00e0n M\u1ef9 \u0110\u00e0 L\u1ea1t ph\u00f9 h\u1ee3p v\u1edbi m\u1ecdi \u0111\u1ed1i t\u01b0\u1ee3ng, cung c\u1ea5p d\u1ecbch v\u1ee5 t\u1ea7m so\u00e1t to\u00e0n di\u1ec7n c\u00e1c ch\u1ee9c n\u0103ng c\u01a1 quan quan tr\u1ecdng trong c\u01a1 th\u1ec3. T\u1eeb \u0111\u00f3 gi\u00fap ng\u01b0\u1eddi b\u1ec7nh ph\u00e1t hi\u1ec7n s\u1edbm c\u00e1c v\u1ea5n \u0111\u1ec1 s\u1ee9c kh\u1ecfe nguy hi\u1ec3m nh\u01b0 \u0111\u00e1i th\u00e1o \u0111\u01b0\u1eddng, r\u1ed1i lo\u1ea1n m\u1ee1 m\u00e1u, tim m\u1ea1ch, vi\u00eam gan si\u00eau vi B v\u00e0 C, \u0111\u1ed9t qu\u1ef5, ung th\u01b0, v\u00e0 gout\u2026 v\u00e0 \u0111i\u1ec1u tr\u1ecb k\u1ecbp th\u1eddi. \u0110\u1ea3m b\u1ea3o s\u1ee9c kh\u1ecfe c\u1ee7a b\u1ea1n, h\u00e3y kh\u00e1m ngay!","robots":{"index":"index","follow":"follow","max-snippet":"max-snippet:-1","max-image-preview":"max-image-preview:large","max-video-preview":"max-video-preview:-1"},"canonical":"https:\/\/hoanmy.com\/dalat\/kham-suc-khoe-tong-quat\/","og_locale":"vi_VN","og_type":"article","og_title":"KH\u00c1M S\u1ee8C KH\u1eceE T\u1ed4NG QU\u00c1T - B\u1ec7nh vi\u1ec7n Ho\u00e0n M\u1ef9 \u0110\u00e0 L\u1ea1t","og_description":"G\u00f3i kh\u00e1m s\u1ee9c kh\u1ecfe t\u1ed5ng qu\u00e1t t\u1ea1i B\u1ec7nh vi\u1ec7n Ho\u00e0n M\u1ef9 \u0110\u00e0 L\u1ea1t ph\u00f9 h\u1ee3p v\u1edbi m\u1ecdi \u0111\u1ed1i t\u01b0\u1ee3ng, cung c\u1ea5p d\u1ecbch v\u1ee5 t\u1ea7m so\u00e1t to\u00e0n di\u1ec7n c\u00e1c ch\u1ee9c n\u0103ng c\u01a1 quan quan tr\u1ecdng trong c\u01a1 th\u1ec3. T\u1eeb \u0111\u00f3 gi\u00fap ng\u01b0\u1eddi b\u1ec7nh ph\u00e1t hi\u1ec7n s\u1edbm c\u00e1c v\u1ea5n \u0111\u1ec1 s\u1ee9c kh\u1ecfe nguy hi\u1ec3m nh\u01b0 \u0111\u00e1i th\u00e1o \u0111\u01b0\u1eddng, r\u1ed1i lo\u1ea1n m\u1ee1 m\u00e1u, tim m\u1ea1ch, vi\u00eam gan si\u00eau vi B v\u00e0 C, \u0111\u1ed9t qu\u1ef5, ung th\u01b0, v\u00e0 gout\u2026 v\u00e0 \u0111i\u1ec1u tr\u1ecb k\u1ecbp th\u1eddi. \u0110\u1ea3m b\u1ea3o s\u1ee9c kh\u1ecfe c\u1ee7a b\u1ea1n, h\u00e3y kh\u00e1m ngay!","og_url":"https:\/\/hoanmy.com\/dalat\/kham-suc-khoe-tong-quat\/","og_site_name":"Hoan My","article_modified_time":"2026-03-16T04:57:27+00:00","og_image":[{"width":694,"height":853,"url":"https:\/\/hoanmy.com\/dalat\/kham-suc-khoe-tong-quat\/wp-content\/uploads\/2023\/10\/4Z5A7269-1.jpg","type":"image\/jpeg"}],"twitter_card":"summary_large_image","twitter_title":"KH\u00c1M S\u1ee8C KH\u1eceE T\u1ed4NG QU\u00c1T - B\u1ec7nh vi\u1ec7n Ho\u00e0n M\u1ef9 \u0110\u00e0 L\u1ea1t","twitter_description":"G\u00f3i kh\u00e1m s\u1ee9c kh\u1ecfe t\u1ed5ng qu\u00e1t t\u1ea1i B\u1ec7nh vi\u1ec7n Ho\u00e0n M\u1ef9 \u0110\u00e0 L\u1ea1t ph\u00f9 h\u1ee3p v\u1edbi m\u1ecdi \u0111\u1ed1i t\u01b0\u1ee3ng, cung c\u1ea5p d\u1ecbch v\u1ee5 t\u1ea7m so\u00e1t to\u00e0n di\u1ec7n c\u00e1c ch\u1ee9c n\u0103ng c\u01a1 quan quan tr\u1ecdng trong c\u01a1 th\u1ec3. T\u1eeb \u0111\u00f3 gi\u00fap ng\u01b0\u1eddi b\u1ec7nh ph\u00e1t hi\u1ec7n s\u1edbm c\u00e1c v\u1ea5n \u0111\u1ec1 s\u1ee9c kh\u1ecfe nguy hi\u1ec3m nh\u01b0 \u0111\u00e1i th\u00e1o \u0111\u01b0\u1eddng, r\u1ed1i lo\u1ea1n m\u1ee1 m\u00e1u, tim m\u1ea1ch, vi\u00eam gan si\u00eau vi B v\u00e0 C, \u0111\u1ed9t qu\u1ef5, ung th\u01b0, v\u00e0 gout\u2026 v\u00e0 \u0111i\u1ec1u tr\u1ecb k\u1ecbp th\u1eddi. \u0110\u1ea3m b\u1ea3o s\u1ee9c kh\u1ecfe c\u1ee7a b\u1ea1n, h\u00e3y kh\u00e1m ngay!","schema":{"@context":"https:\/\/schema.org","@graph":[{"@type":"WebPage","@id":"https:\/\/hoanmy.com\/dalat\/kham-suc-khoe-tong-quat\/","url":"https:\/\/hoanmy.com\/dalat\/kham-suc-khoe-tong-quat\/","name":"KH\u00c1M S\u1ee8C KH\u1eceE T\u1ed4NG QU\u00c1T - B\u1ec7nh vi\u1ec7n Ho\u00e0n M\u1ef9 \u0110\u00e0 L\u1ea1t","isPartOf":{"@id":"https:\/\/hoanmy.com\/dalat\/kham-suc-khoe-tong-quat\/#website"},"datePublished":"2023-10-03T06:27:04+00:00","dateModified":"2026-03-16T04:57:27+00:00","description":"G\u00f3i kh\u00e1m s\u1ee9c kh\u1ecfe t\u1ed5ng qu\u00e1t t\u1ea1i B\u1ec7nh vi\u1ec7n Ho\u00e0n M\u1ef9 \u0110\u00e0 L\u1ea1t ph\u00f9 h\u1ee3p v\u1edbi m\u1ecdi \u0111\u1ed1i t\u01b0\u1ee3ng, cung c\u1ea5p d\u1ecbch v\u1ee5 t\u1ea7m so\u00e1t to\u00e0n di\u1ec7n c\u00e1c ch\u1ee9c n\u0103ng c\u01a1 quan quan tr\u1ecdng trong c\u01a1 th\u1ec3. T\u1eeb \u0111\u00f3 gi\u00fap ng\u01b0\u1eddi b\u1ec7nh ph\u00e1t hi\u1ec7n s\u1edbm c\u00e1c v\u1ea5n \u0111\u1ec1 s\u1ee9c kh\u1ecfe nguy hi\u1ec3m nh\u01b0 \u0111\u00e1i th\u00e1o \u0111\u01b0\u1eddng, r\u1ed1i lo\u1ea1n m\u1ee1 m\u00e1u, tim m\u1ea1ch, vi\u00eam gan si\u00eau vi B v\u00e0 C, \u0111\u1ed9t qu\u1ef5, ung th\u01b0, v\u00e0 gout\u2026 v\u00e0 \u0111i\u1ec1u tr\u1ecb k\u1ecbp th\u1eddi. \u0110\u1ea3m b\u1ea3o s\u1ee9c kh\u1ecfe c\u1ee7a b\u1ea1n, h\u00e3y kh\u00e1m ngay!","breadcrumb":{"@id":"https:\/\/hoanmy.com\/dalat\/kham-suc-khoe-tong-quat\/#breadcrumb"},"inLanguage":"vi","potentialAction":[{"@type":"ReadAction","target":["https:\/\/hoanmy.com\/dalat\/kham-suc-khoe-tong-quat\/"]}]},{"@type":"BreadcrumbList","@id":"https:\/\/hoanmy.com\/dalat\/kham-suc-khoe-tong-quat\/#breadcrumb","itemListElement":[{"@type":"ListItem","position":1,"name":"Trang ch\u1ee7","item":"https:\/\/hoanmy.com\/dalat\/kham-suc-khoe-tong-quat\/"},{"@type":"ListItem","position":2,"name":"Trang ch\u1ee7"}]},{"@type":"WebSite","@id":"https:\/\/hoanmy.com\/dalat\/kham-suc-khoe-tong-quat\/#website","url":"https:\/\/hoanmy.com\/dalat\/kham-suc-khoe-tong-quat\/","name":"Hoan My","description":"M\u1ed9t trang web m\u1edbi s\u1eed d\u1ee5ng WordPress","potentialAction":[{"@type":"SearchAction","target":{"@type":"EntryPoint","urlTemplate":"https:\/\/hoanmy.com\/dalat\/kham-suc-khoe-tong-quat\/?s={search_term_string}"},"query-input":"required name=search_term_string"}],"inLanguage":"vi"}]}},"lang":"vi","translations":{"vi":125},"pll_sync_post":[],"_links":{"self":[{"href":"https:\/\/hoanmy.com\/dalat\/kham-suc-khoe-tong-quat\/wp-json\/wp\/v2\/pages\/125"}],"collection":[{"href":"https:\/\/hoanmy.com\/dalat\/kham-suc-khoe-tong-quat\/wp-json\/wp\/v2\/pages"}],"about":[{"href":"https:\/\/hoanmy.com\/dalat\/kham-suc-khoe-tong-quat\/wp-json\/wp\/v2\/types\/page"}],"author":[{"embeddable":true,"href":"https:\/\/hoanmy.com\/dalat\/kham-suc-khoe-tong-quat\/wp-json\/wp\/v2\/users\/1"}],"replies":[{"embeddable":true,"href":"https:\/\/hoanmy.com\/dalat\/kham-suc-khoe-tong-quat\/wp-json\/wp\/v2\/comments?post=125"}],"version-history":[{"count":116,"href":"https:\/\/hoanmy.com\/dalat\/kham-suc-khoe-tong-quat\/wp-json\/wp\/v2\/pages\/125\/revisions"}],"predecessor-version":[{"id":361,"href":"https:\/\/hoanmy.com\/dalat\/kham-suc-khoe-tong-quat\/wp-json\/wp\/v2\/pages\/125\/revisions\/361"}],"wp:attachment":[{"href":"https:\/\/hoanmy.com\/dalat\/kham-suc-khoe-tong-quat\/wp-json\/wp\/v2\/media?parent=125"}],"curies":[{"name":"wp","href":"https:\/\/api.w.org\/{rel}","templated":true}]}}