{"id":125,"date":"2023-10-03T06:27:04","date_gmt":"2023-10-03T06:27:04","guid":{"rendered":"https:\/\/hoanmy.com\/cuulong\/kham-suc-khoe-doanh-nghiep\/?page_id=125"},"modified":"2024-05-06T07:53:30","modified_gmt":"2024-05-06T07:53:30","slug":"hoan-my","status":"publish","type":"page","link":"https:\/\/hoanmy.com\/cuulong\/kham-suc-khoe-doanh-nghiep\/","title":{"rendered":"Trang ch\u1ee7"},"content":{"rendered":"","protected":false},"excerpt":{"rendered":"","protected":false},"author":1,"featured_media":0,"parent":0,"menu_order":0,"comment_status":"closed","ping_status":"closed","template":"","meta":{"inline_featured_image":false,"footnotes":""},"class_list":["post-125","page","type-page","status-publish","hentry"],"acf":[],"yoast_head":"<!-- This site is optimized with the Yoast SEO plugin v23.1 - https:\/\/yoast.com\/wordpress\/plugins\/seo\/ -->\n<title>KH\u00c1M S\u1ee8C KH\u1eceE DOANH NGHI\u1ec6P - B\u1ec7nh vi\u1ec7n Ho\u00e0n M\u1ef9 C\u1eedu Long<\/title>\n<meta name=\"description\" content=\"B\u1ec7nh vi\u1ec7n Ho\u00e0n M\u1ef9 C\u1eedu Long tin r\u1eb1ng m\u1ed9t doanh nghi\u1ec7p ph\u00e1t tri\u1ec3n b\u1ec1n v\u1eefng kh\u00f4ng th\u1ec3 thi\u1ebfu m\u1ed9t ngu\u1ed3n nh\u00e2n l\u1ef1c b\u1ec1n b\u1ec9. Do \u0111\u00f3, kh\u00e1m s\u1ee9c kho\u1ebb doanh nghi\u1ec7p l\u00e0 ho\u1ea1t \u0111\u1ed9ng th\u01b0\u1eddng ni\u00ean c\u1ee7a r\u1ea5t nhi\u1ec1u c\u00f4ng ty nh\u1eb1m ki\u1ec3m tra v\u00e0 \u0111\u00e1nh gi\u00e1 s\u1ee9c kho\u1ebb ng\u01b0\u1eddi lao \u0111\u1ed9ng. Ho\u1ea1t \u0111\u1ed9ng n\u00e0y mang l\u1ea1i nhi\u1ec1u l\u1ee3i \u00edch cho c\u1ea3 doanh nghi\u1ec7p v\u00e0 ng\u01b0\u1eddi lao \u0111\u1ed9ng, bao g\u1ed3m ph\u00e1t hi\u1ec7n s\u1edbm b\u1ec7nh l\u00fd nguy hi\u1ec3m v\u00e0 ph\u00f2ng ng\u1eeba nguy c\u01a1; qua \u0111\u00f3 gi\u00fap n\u00e2ng cao n\u0103ng su\u1ea5t lao \u0111\u1ed9ng v\u00e0 gi\u1ea3m thi\u1ec3u r\u1ee7i ro cho doanh nghi\u1ec7p.\" \/>\n<meta name=\"robots\" content=\"noindex, follow, max-snippet:-1, max-image-preview:large, max-video-preview:-1\" \/>\n<meta property=\"og:locale\" content=\"vi_VN\" \/>\n<meta property=\"og:type\" content=\"article\" \/>\n<meta property=\"og:title\" content=\"KH\u00c1M S\u1ee8C KH\u1eceE DOANH NGHI\u1ec6P - B\u1ec7nh vi\u1ec7n Ho\u00e0n M\u1ef9 C\u1eedu Long\" \/>\n<meta property=\"og:description\" content=\"B\u1ec7nh vi\u1ec7n Ho\u00e0n M\u1ef9 C\u1eedu Long tin r\u1eb1ng m\u1ed9t doanh nghi\u1ec7p ph\u00e1t tri\u1ec3n b\u1ec1n v\u1eefng kh\u00f4ng th\u1ec3 thi\u1ebfu m\u1ed9t ngu\u1ed3n nh\u00e2n l\u1ef1c b\u1ec1n b\u1ec9. Do \u0111\u00f3, kh\u00e1m s\u1ee9c kho\u1ebb doanh nghi\u1ec7p l\u00e0 ho\u1ea1t \u0111\u1ed9ng th\u01b0\u1eddng ni\u00ean c\u1ee7a r\u1ea5t nhi\u1ec1u c\u00f4ng ty nh\u1eb1m ki\u1ec3m tra v\u00e0 \u0111\u00e1nh gi\u00e1 s\u1ee9c kho\u1ebb ng\u01b0\u1eddi lao \u0111\u1ed9ng. Ho\u1ea1t \u0111\u1ed9ng n\u00e0y mang l\u1ea1i nhi\u1ec1u l\u1ee3i \u00edch cho c\u1ea3 doanh nghi\u1ec7p v\u00e0 ng\u01b0\u1eddi lao \u0111\u1ed9ng, bao g\u1ed3m ph\u00e1t hi\u1ec7n s\u1edbm b\u1ec7nh l\u00fd nguy hi\u1ec3m v\u00e0 ph\u00f2ng ng\u1eeba nguy c\u01a1; qua \u0111\u00f3 gi\u00fap n\u00e2ng cao n\u0103ng su\u1ea5t lao \u0111\u1ed9ng v\u00e0 gi\u1ea3m thi\u1ec3u r\u1ee7i ro cho doanh nghi\u1ec7p.\" \/>\n<meta property=\"og:url\" content=\"https:\/\/hoanmy.com\/cuulong\/kham-suc-khoe-doanh-nghiep\/\" \/>\n<meta property=\"og:site_name\" content=\"Hoan My\" \/>\n<meta property=\"article:modified_time\" content=\"2024-05-06T07:53:30+00:00\" \/>\n<meta property=\"og:image\" content=\"https:\/\/hoanmy.com\/cuulong\/kham-suc-khoe-doanh-nghiep\/wp-content\/uploads\/2024\/01\/Rectangle-5942.png\" \/>\n\t<meta property=\"og:image:width\" content=\"692\" \/>\n\t<meta property=\"og:image:height\" content=\"462\" \/>\n\t<meta property=\"og:image:type\" content=\"image\/png\" \/>\n<meta name=\"twitter:card\" content=\"summary_large_image\" \/>\n<meta name=\"twitter:title\" content=\"KH\u00c1M S\u1ee8C KH\u1eceE DOANH NGHI\u1ec6P - B\u1ec7nh vi\u1ec7n Ho\u00e0n M\u1ef9 C\u1eedu Long\" \/>\n<meta name=\"twitter:description\" content=\"B\u1ec7nh vi\u1ec7n Ho\u00e0n M\u1ef9 C\u1eedu Long tin r\u1eb1ng m\u1ed9t doanh nghi\u1ec7p ph\u00e1t tri\u1ec3n b\u1ec1n v\u1eefng kh\u00f4ng th\u1ec3 thi\u1ebfu m\u1ed9t ngu\u1ed3n nh\u00e2n l\u1ef1c b\u1ec1n b\u1ec9. Do \u0111\u00f3, kh\u00e1m s\u1ee9c kho\u1ebb doanh nghi\u1ec7p l\u00e0 ho\u1ea1t \u0111\u1ed9ng th\u01b0\u1eddng ni\u00ean c\u1ee7a r\u1ea5t nhi\u1ec1u c\u00f4ng ty nh\u1eb1m ki\u1ec3m tra v\u00e0 \u0111\u00e1nh gi\u00e1 s\u1ee9c kho\u1ebb ng\u01b0\u1eddi lao \u0111\u1ed9ng. Ho\u1ea1t \u0111\u1ed9ng n\u00e0y mang l\u1ea1i nhi\u1ec1u l\u1ee3i \u00edch cho c\u1ea3 doanh nghi\u1ec7p v\u00e0 ng\u01b0\u1eddi lao \u0111\u1ed9ng, bao g\u1ed3m ph\u00e1t hi\u1ec7n s\u1edbm b\u1ec7nh l\u00fd nguy hi\u1ec3m v\u00e0 ph\u00f2ng ng\u1eeba nguy c\u01a1; qua \u0111\u00f3 gi\u00fap n\u00e2ng cao n\u0103ng su\u1ea5t lao \u0111\u1ed9ng v\u00e0 gi\u1ea3m thi\u1ec3u r\u1ee7i ro cho doanh nghi\u1ec7p.\" \/>\n<script type=\"application\/ld+json\" class=\"yoast-schema-graph\">{\"@context\":\"https:\/\/schema.org\",\"@graph\":[{\"@type\":\"WebPage\",\"@id\":\"https:\/\/hoanmy.com\/cuulong\/kham-suc-khoe-doanh-nghiep\/\",\"url\":\"https:\/\/hoanmy.com\/cuulong\/kham-suc-khoe-doanh-nghiep\/\",\"name\":\"KH\u00c1M S\u1ee8C KH\u1eceE DOANH NGHI\u1ec6P - B\u1ec7nh vi\u1ec7n Ho\u00e0n M\u1ef9 C\u1eedu Long\",\"isPartOf\":{\"@id\":\"https:\/\/hoanmy.com\/cuulong\/kham-suc-khoe-doanh-nghiep\/#website\"},\"datePublished\":\"2023-10-03T06:27:04+00:00\",\"dateModified\":\"2024-05-06T07:53:30+00:00\",\"description\":\"B\u1ec7nh vi\u1ec7n Ho\u00e0n M\u1ef9 C\u1eedu Long tin r\u1eb1ng m\u1ed9t doanh nghi\u1ec7p ph\u00e1t tri\u1ec3n b\u1ec1n v\u1eefng kh\u00f4ng th\u1ec3 thi\u1ebfu m\u1ed9t ngu\u1ed3n nh\u00e2n l\u1ef1c b\u1ec1n b\u1ec9. Do \u0111\u00f3, kh\u00e1m s\u1ee9c kho\u1ebb doanh nghi\u1ec7p l\u00e0 ho\u1ea1t \u0111\u1ed9ng th\u01b0\u1eddng ni\u00ean c\u1ee7a r\u1ea5t nhi\u1ec1u c\u00f4ng ty nh\u1eb1m ki\u1ec3m tra v\u00e0 \u0111\u00e1nh gi\u00e1 s\u1ee9c kho\u1ebb ng\u01b0\u1eddi lao \u0111\u1ed9ng. Ho\u1ea1t \u0111\u1ed9ng n\u00e0y mang l\u1ea1i nhi\u1ec1u l\u1ee3i \u00edch cho c\u1ea3 doanh nghi\u1ec7p v\u00e0 ng\u01b0\u1eddi lao \u0111\u1ed9ng, bao g\u1ed3m ph\u00e1t hi\u1ec7n s\u1edbm b\u1ec7nh l\u00fd nguy hi\u1ec3m v\u00e0 ph\u00f2ng ng\u1eeba nguy c\u01a1; qua \u0111\u00f3 gi\u00fap n\u00e2ng cao n\u0103ng su\u1ea5t lao \u0111\u1ed9ng v\u00e0 gi\u1ea3m thi\u1ec3u r\u1ee7i ro cho doanh nghi\u1ec7p.\",\"breadcrumb\":{\"@id\":\"https:\/\/hoanmy.com\/cuulong\/kham-suc-khoe-doanh-nghiep\/#breadcrumb\"},\"inLanguage\":\"vi\",\"potentialAction\":[{\"@type\":\"ReadAction\",\"target\":[\"https:\/\/hoanmy.com\/cuulong\/kham-suc-khoe-doanh-nghiep\/\"]}]},{\"@type\":\"BreadcrumbList\",\"@id\":\"https:\/\/hoanmy.com\/cuulong\/kham-suc-khoe-doanh-nghiep\/#breadcrumb\",\"itemListElement\":[{\"@type\":\"ListItem\",\"position\":1,\"name\":\"Trang ch\u1ee7\",\"item\":\"https:\/\/hoanmy.com\/cuulong\/kham-suc-khoe-doanh-nghiep\/\"},{\"@type\":\"ListItem\",\"position\":2,\"name\":\"Trang ch\u1ee7\"}]},{\"@type\":\"WebSite\",\"@id\":\"https:\/\/hoanmy.com\/cuulong\/kham-suc-khoe-doanh-nghiep\/#website\",\"url\":\"https:\/\/hoanmy.com\/cuulong\/kham-suc-khoe-doanh-nghiep\/\",\"name\":\"Hoan My\",\"description\":\"M\u1ed9t trang web m\u1edbi s\u1eed d\u1ee5ng WordPress\",\"potentialAction\":[{\"@type\":\"SearchAction\",\"target\":{\"@type\":\"EntryPoint\",\"urlTemplate\":\"https:\/\/hoanmy.com\/cuulong\/kham-suc-khoe-doanh-nghiep\/?s={search_term_string}\"},\"query-input\":\"required name=search_term_string\"}],\"inLanguage\":\"vi\"}]}<\/script>\n<!-- \/ Yoast SEO plugin. -->","yoast_head_json":{"title":"KH\u00c1M S\u1ee8C KH\u1eceE DOANH NGHI\u1ec6P - B\u1ec7nh vi\u1ec7n Ho\u00e0n M\u1ef9 C\u1eedu Long","description":"B\u1ec7nh vi\u1ec7n Ho\u00e0n M\u1ef9 C\u1eedu Long tin r\u1eb1ng m\u1ed9t doanh nghi\u1ec7p ph\u00e1t tri\u1ec3n b\u1ec1n v\u1eefng kh\u00f4ng th\u1ec3 thi\u1ebfu m\u1ed9t ngu\u1ed3n nh\u00e2n l\u1ef1c b\u1ec1n b\u1ec9. Do \u0111\u00f3, kh\u00e1m s\u1ee9c kho\u1ebb doanh nghi\u1ec7p l\u00e0 ho\u1ea1t \u0111\u1ed9ng th\u01b0\u1eddng ni\u00ean c\u1ee7a r\u1ea5t nhi\u1ec1u c\u00f4ng ty nh\u1eb1m ki\u1ec3m tra v\u00e0 \u0111\u00e1nh gi\u00e1 s\u1ee9c kho\u1ebb ng\u01b0\u1eddi lao \u0111\u1ed9ng. Ho\u1ea1t \u0111\u1ed9ng n\u00e0y mang l\u1ea1i nhi\u1ec1u l\u1ee3i \u00edch cho c\u1ea3 doanh nghi\u1ec7p v\u00e0 ng\u01b0\u1eddi lao \u0111\u1ed9ng, bao g\u1ed3m ph\u00e1t hi\u1ec7n s\u1edbm b\u1ec7nh l\u00fd nguy hi\u1ec3m v\u00e0 ph\u00f2ng ng\u1eeba nguy c\u01a1; qua \u0111\u00f3 gi\u00fap n\u00e2ng cao n\u0103ng su\u1ea5t lao \u0111\u1ed9ng v\u00e0 gi\u1ea3m thi\u1ec3u r\u1ee7i ro cho doanh nghi\u1ec7p.","robots":{"index":"noindex","follow":"follow","max-snippet":"max-snippet:-1","max-image-preview":"max-image-preview:large","max-video-preview":"max-video-preview:-1"},"og_locale":"vi_VN","og_type":"article","og_title":"KH\u00c1M S\u1ee8C KH\u1eceE DOANH NGHI\u1ec6P - B\u1ec7nh vi\u1ec7n Ho\u00e0n M\u1ef9 C\u1eedu Long","og_description":"B\u1ec7nh vi\u1ec7n Ho\u00e0n M\u1ef9 C\u1eedu Long tin r\u1eb1ng m\u1ed9t doanh nghi\u1ec7p ph\u00e1t tri\u1ec3n b\u1ec1n v\u1eefng kh\u00f4ng th\u1ec3 thi\u1ebfu m\u1ed9t ngu\u1ed3n nh\u00e2n l\u1ef1c b\u1ec1n b\u1ec9. Do \u0111\u00f3, kh\u00e1m s\u1ee9c kho\u1ebb doanh nghi\u1ec7p l\u00e0 ho\u1ea1t \u0111\u1ed9ng th\u01b0\u1eddng ni\u00ean c\u1ee7a r\u1ea5t nhi\u1ec1u c\u00f4ng ty nh\u1eb1m ki\u1ec3m tra v\u00e0 \u0111\u00e1nh gi\u00e1 s\u1ee9c kho\u1ebb ng\u01b0\u1eddi lao \u0111\u1ed9ng. Ho\u1ea1t \u0111\u1ed9ng n\u00e0y mang l\u1ea1i nhi\u1ec1u l\u1ee3i \u00edch cho c\u1ea3 doanh nghi\u1ec7p v\u00e0 ng\u01b0\u1eddi lao \u0111\u1ed9ng, bao g\u1ed3m ph\u00e1t hi\u1ec7n s\u1edbm b\u1ec7nh l\u00fd nguy hi\u1ec3m v\u00e0 ph\u00f2ng ng\u1eeba nguy c\u01a1; qua \u0111\u00f3 gi\u00fap n\u00e2ng cao n\u0103ng su\u1ea5t lao \u0111\u1ed9ng v\u00e0 gi\u1ea3m thi\u1ec3u r\u1ee7i ro cho doanh nghi\u1ec7p.","og_url":"https:\/\/hoanmy.com\/cuulong\/kham-suc-khoe-doanh-nghiep\/","og_site_name":"Hoan My","article_modified_time":"2024-05-06T07:53:30+00:00","og_image":[{"width":692,"height":462,"url":"https:\/\/hoanmy.com\/cuulong\/kham-suc-khoe-doanh-nghiep\/wp-content\/uploads\/2024\/01\/Rectangle-5942.png","type":"image\/png"}],"twitter_card":"summary_large_image","twitter_title":"KH\u00c1M S\u1ee8C KH\u1eceE DOANH NGHI\u1ec6P - B\u1ec7nh vi\u1ec7n Ho\u00e0n M\u1ef9 C\u1eedu Long","twitter_description":"B\u1ec7nh vi\u1ec7n Ho\u00e0n M\u1ef9 C\u1eedu Long tin r\u1eb1ng m\u1ed9t doanh nghi\u1ec7p ph\u00e1t tri\u1ec3n b\u1ec1n v\u1eefng kh\u00f4ng th\u1ec3 thi\u1ebfu m\u1ed9t ngu\u1ed3n nh\u00e2n l\u1ef1c b\u1ec1n b\u1ec9. Do \u0111\u00f3, kh\u00e1m s\u1ee9c kho\u1ebb doanh nghi\u1ec7p l\u00e0 ho\u1ea1t \u0111\u1ed9ng th\u01b0\u1eddng ni\u00ean c\u1ee7a r\u1ea5t nhi\u1ec1u c\u00f4ng ty nh\u1eb1m ki\u1ec3m tra v\u00e0 \u0111\u00e1nh gi\u00e1 s\u1ee9c kho\u1ebb ng\u01b0\u1eddi lao \u0111\u1ed9ng. Ho\u1ea1t \u0111\u1ed9ng n\u00e0y mang l\u1ea1i nhi\u1ec1u l\u1ee3i \u00edch cho c\u1ea3 doanh nghi\u1ec7p v\u00e0 ng\u01b0\u1eddi lao \u0111\u1ed9ng, bao g\u1ed3m ph\u00e1t hi\u1ec7n s\u1edbm b\u1ec7nh l\u00fd nguy hi\u1ec3m v\u00e0 ph\u00f2ng ng\u1eeba nguy c\u01a1; qua \u0111\u00f3 gi\u00fap n\u00e2ng cao n\u0103ng su\u1ea5t lao \u0111\u1ed9ng v\u00e0 gi\u1ea3m thi\u1ec3u r\u1ee7i ro cho doanh nghi\u1ec7p.","schema":{"@context":"https:\/\/schema.org","@graph":[{"@type":"WebPage","@id":"https:\/\/hoanmy.com\/cuulong\/kham-suc-khoe-doanh-nghiep\/","url":"https:\/\/hoanmy.com\/cuulong\/kham-suc-khoe-doanh-nghiep\/","name":"KH\u00c1M S\u1ee8C KH\u1eceE DOANH NGHI\u1ec6P - B\u1ec7nh vi\u1ec7n Ho\u00e0n M\u1ef9 C\u1eedu Long","isPartOf":{"@id":"https:\/\/hoanmy.com\/cuulong\/kham-suc-khoe-doanh-nghiep\/#website"},"datePublished":"2023-10-03T06:27:04+00:00","dateModified":"2024-05-06T07:53:30+00:00","description":"B\u1ec7nh vi\u1ec7n Ho\u00e0n M\u1ef9 C\u1eedu Long tin r\u1eb1ng m\u1ed9t doanh nghi\u1ec7p ph\u00e1t tri\u1ec3n b\u1ec1n v\u1eefng kh\u00f4ng th\u1ec3 thi\u1ebfu m\u1ed9t ngu\u1ed3n nh\u00e2n l\u1ef1c b\u1ec1n b\u1ec9. Do \u0111\u00f3, kh\u00e1m s\u1ee9c kho\u1ebb doanh nghi\u1ec7p l\u00e0 ho\u1ea1t \u0111\u1ed9ng th\u01b0\u1eddng ni\u00ean c\u1ee7a r\u1ea5t nhi\u1ec1u c\u00f4ng ty nh\u1eb1m ki\u1ec3m tra v\u00e0 \u0111\u00e1nh gi\u00e1 s\u1ee9c kho\u1ebb ng\u01b0\u1eddi lao \u0111\u1ed9ng. Ho\u1ea1t \u0111\u1ed9ng n\u00e0y mang l\u1ea1i nhi\u1ec1u l\u1ee3i \u00edch cho c\u1ea3 doanh nghi\u1ec7p v\u00e0 ng\u01b0\u1eddi lao \u0111\u1ed9ng, bao g\u1ed3m ph\u00e1t hi\u1ec7n s\u1edbm b\u1ec7nh l\u00fd nguy hi\u1ec3m v\u00e0 ph\u00f2ng ng\u1eeba nguy c\u01a1; qua \u0111\u00f3 gi\u00fap n\u00e2ng cao n\u0103ng su\u1ea5t lao \u0111\u1ed9ng v\u00e0 gi\u1ea3m thi\u1ec3u r\u1ee7i ro cho doanh nghi\u1ec7p.","breadcrumb":{"@id":"https:\/\/hoanmy.com\/cuulong\/kham-suc-khoe-doanh-nghiep\/#breadcrumb"},"inLanguage":"vi","potentialAction":[{"@type":"ReadAction","target":["https:\/\/hoanmy.com\/cuulong\/kham-suc-khoe-doanh-nghiep\/"]}]},{"@type":"BreadcrumbList","@id":"https:\/\/hoanmy.com\/cuulong\/kham-suc-khoe-doanh-nghiep\/#breadcrumb","itemListElement":[{"@type":"ListItem","position":1,"name":"Trang ch\u1ee7","item":"https:\/\/hoanmy.com\/cuulong\/kham-suc-khoe-doanh-nghiep\/"},{"@type":"ListItem","position":2,"name":"Trang ch\u1ee7"}]},{"@type":"WebSite","@id":"https:\/\/hoanmy.com\/cuulong\/kham-suc-khoe-doanh-nghiep\/#website","url":"https:\/\/hoanmy.com\/cuulong\/kham-suc-khoe-doanh-nghiep\/","name":"Hoan My","description":"M\u1ed9t trang web m\u1edbi s\u1eed d\u1ee5ng WordPress","potentialAction":[{"@type":"SearchAction","target":{"@type":"EntryPoint","urlTemplate":"https:\/\/hoanmy.com\/cuulong\/kham-suc-khoe-doanh-nghiep\/?s={search_term_string}"},"query-input":"required name=search_term_string"}],"inLanguage":"vi"}]}},"lang":"vi","translations":{"vi":125},"pll_sync_post":[],"_links":{"self":[{"href":"https:\/\/hoanmy.com\/cuulong\/kham-suc-khoe-doanh-nghiep\/wp-json\/wp\/v2\/pages\/125"}],"collection":[{"href":"https:\/\/hoanmy.com\/cuulong\/kham-suc-khoe-doanh-nghiep\/wp-json\/wp\/v2\/pages"}],"about":[{"href":"https:\/\/hoanmy.com\/cuulong\/kham-suc-khoe-doanh-nghiep\/wp-json\/wp\/v2\/types\/page"}],"author":[{"embeddable":true,"href":"https:\/\/hoanmy.com\/cuulong\/kham-suc-khoe-doanh-nghiep\/wp-json\/wp\/v2\/users\/1"}],"replies":[{"embeddable":true,"href":"https:\/\/hoanmy.com\/cuulong\/kham-suc-khoe-doanh-nghiep\/wp-json\/wp\/v2\/comments?post=125"}],"version-history":[{"count":80,"href":"https:\/\/hoanmy.com\/cuulong\/kham-suc-khoe-doanh-nghiep\/wp-json\/wp\/v2\/pages\/125\/revisions"}],"predecessor-version":[{"id":342,"href":"https:\/\/hoanmy.com\/cuulong\/kham-suc-khoe-doanh-nghiep\/wp-json\/wp\/v2\/pages\/125\/revisions\/342"}],"wp:attachment":[{"href":"https:\/\/hoanmy.com\/cuulong\/kham-suc-khoe-doanh-nghiep\/wp-json\/wp\/v2\/media?parent=125"}],"curies":[{"name":"wp","href":"https:\/\/api.w.org\/{rel}","templated":true}]}}