{"id":434,"date":"2023-08-22T02:47:23","date_gmt":"2023-08-22T02:47:23","guid":{"rendered":"https:\/\/hoanmy.com\/dongnai\/phaco\/?page_id=434"},"modified":"2023-12-20T02:31:21","modified_gmt":"2023-12-20T02:31:21","slug":"trang-chu","status":"publish","type":"page","link":"https:\/\/hoanmy.com\/binhphuoc\/thai-san\/","title":{"rendered":"Trang ch\u1ee7"},"content":{"rendered":"","protected":false},"excerpt":{"rendered":"","protected":false},"author":1,"featured_media":0,"parent":0,"menu_order":0,"comment_status":"closed","ping_status":"closed","template":"page-templates\/page-template-3.php","meta":{"inline_featured_image":false,"footnotes":""},"class_list":["post-434","page","type-page","status-publish","hentry"],"acf":[],"yoast_head":"<!-- This site is optimized with the Yoast SEO plugin v23.1 - https:\/\/yoast.com\/wordpress\/plugins\/seo\/ -->\n<title>SINH CON TR\u1eccN G\u00d3I - B\u1ec7nh vi\u1ec7n Ho\u00e0n M\u1ef9 B\u00ecnh Ph\u01b0\u1edbc<\/title>\n<meta name=\"description\" content=\"Tr\u1ecdn v\u1eb9n h\u00e0nh tr\u00ecnh \u0111\u00f3n b\u00e9 Ho\u00e0n M\u1ef9. \u201cSinh con tr\u1ecdn g\u00f3i&quot; t\u1ea1i B\u1ec7nh vi\u1ec7n Ho\u00e0n M\u1ef9 B\u00ecnh Ph\u01b0\u1edbc l\u00e0 m\u1ed9t l\u1ef1a ch\u1ecdn uy t\u00edn v\u00e0 ch\u1ea5t l\u01b0\u1ee3ng h\u00e0ng \u0111\u1ea7u cho r\u1ea5t nhi\u1ec1u gia \u0111\u00ecnh t\u1ea1i t\u1ec9nh nh\u00e0. Ch\u00fang t\u00f4i hi\u1ec3u r\u1eb1ng b\u1ea5t k\u1ef3 ng\u01b0\u1eddi ba, ng\u01b0\u1eddi m\u1eb9 n\u00e0o c\u0169ng \u0111\u1ec1u mong mu\u1ed1n cho con c\u00f3 m\u1ed9t kh\u1edfi \u0111\u1ea7u tr\u1ecdn v\u1eb9n nh\u1ea5t. V\u00ec v\u1eady, b\u1eb1ng t\u1ea5t c\u1ea3 s\u1ef1 t\u1eadn t\u00e2m c\u1ee7a \u0111\u1ed9i ng\u0169 chuy\u00ean m\u00f4n v\u00e0 s\u1ef1 h\u1ed7 tr\u1ee3 c\u1ee7a trang thi\u1ebft b\u1ecb hi\u1ec7n \u0111\u1ea1i, ch\u00fang t\u00f4i ch\u1eafc ch\u1eafn s\u1ebd gi\u00fap m\u1eb9 an nh\u00e0n v\u01b0\u1ee3t c\u1ea1n, \u0111\u00f3n b\u00e9 y\u00eau kh\u1ecfe m\u1ea1nh v\u00e0 gi\u00fap ba m\u1eb9 an l\u00f2ng.\" \/>\n<meta name=\"robots\" content=\"index, follow, max-snippet:-1, max-image-preview:large, max-video-preview:-1\" \/>\n<link rel=\"canonical\" href=\"https:\/\/hoanmy.com\/binhphuoc\/thai-san\/\" \/>\n<meta property=\"og:locale\" content=\"vi_VN\" \/>\n<meta property=\"og:type\" content=\"article\" \/>\n<meta property=\"og:title\" content=\"SINH CON TR\u1eccN G\u00d3I - B\u1ec7nh vi\u1ec7n Ho\u00e0n M\u1ef9 B\u00ecnh Ph\u01b0\u1edbc\" \/>\n<meta property=\"og:description\" content=\"Tr\u1ecdn v\u1eb9n h\u00e0nh tr\u00ecnh \u0111\u00f3n b\u00e9 Ho\u00e0n M\u1ef9. \u201cSinh con tr\u1ecdn g\u00f3i&quot; t\u1ea1i B\u1ec7nh vi\u1ec7n Ho\u00e0n M\u1ef9 B\u00ecnh Ph\u01b0\u1edbc l\u00e0 m\u1ed9t l\u1ef1a ch\u1ecdn uy t\u00edn v\u00e0 ch\u1ea5t l\u01b0\u1ee3ng h\u00e0ng \u0111\u1ea7u cho r\u1ea5t nhi\u1ec1u gia \u0111\u00ecnh t\u1ea1i t\u1ec9nh nh\u00e0. Ch\u00fang t\u00f4i hi\u1ec3u r\u1eb1ng b\u1ea5t k\u1ef3 ng\u01b0\u1eddi ba, ng\u01b0\u1eddi m\u1eb9 n\u00e0o c\u0169ng \u0111\u1ec1u mong mu\u1ed1n cho con c\u00f3 m\u1ed9t kh\u1edfi \u0111\u1ea7u tr\u1ecdn v\u1eb9n nh\u1ea5t. V\u00ec v\u1eady, b\u1eb1ng t\u1ea5t c\u1ea3 s\u1ef1 t\u1eadn t\u00e2m c\u1ee7a \u0111\u1ed9i ng\u0169 chuy\u00ean m\u00f4n v\u00e0 s\u1ef1 h\u1ed7 tr\u1ee3 c\u1ee7a trang thi\u1ebft b\u1ecb hi\u1ec7n \u0111\u1ea1i, ch\u00fang t\u00f4i ch\u1eafc ch\u1eafn s\u1ebd gi\u00fap m\u1eb9 an nh\u00e0n v\u01b0\u1ee3t c\u1ea1n, \u0111\u00f3n b\u00e9 y\u00eau kh\u1ecfe m\u1ea1nh v\u00e0 gi\u00fap ba m\u1eb9 an l\u00f2ng.\" \/>\n<meta property=\"og:url\" content=\"https:\/\/hoanmy.com\/binhphuoc\/thai-san\/\" \/>\n<meta property=\"og:site_name\" content=\"Hoan My\" \/>\n<meta property=\"article:modified_time\" content=\"2023-12-20T02:31:21+00:00\" \/>\n<meta property=\"og:image\" content=\"https:\/\/hoanmy.com\/binhphuoc\/thai-san\/wp-content\/uploads\/2023\/04\/thumbnail.png\" \/>\n\t<meta property=\"og:image:width\" content=\"786\" \/>\n\t<meta property=\"og:image:height\" content=\"544\" \/>\n\t<meta property=\"og:image:type\" content=\"image\/png\" \/>\n<meta name=\"twitter:card\" content=\"summary_large_image\" \/>\n<meta name=\"twitter:title\" content=\"SINH CON TR\u1eccN G\u00d3I - B\u1ec7nh vi\u1ec7n Ho\u00e0n M\u1ef9 B\u00ecnh Ph\u01b0\u1edbc\" \/>\n<meta name=\"twitter:description\" content=\"Tr\u1ecdn v\u1eb9n h\u00e0nh tr\u00ecnh \u0111\u00f3n b\u00e9 Ho\u00e0n M\u1ef9. \u201cSinh con tr\u1ecdn g\u00f3i&quot; t\u1ea1i B\u1ec7nh vi\u1ec7n Ho\u00e0n M\u1ef9 B\u00ecnh Ph\u01b0\u1edbc l\u00e0 m\u1ed9t l\u1ef1a ch\u1ecdn uy t\u00edn v\u00e0 ch\u1ea5t l\u01b0\u1ee3ng h\u00e0ng \u0111\u1ea7u cho r\u1ea5t nhi\u1ec1u gia \u0111\u00ecnh t\u1ea1i t\u1ec9nh nh\u00e0. Ch\u00fang t\u00f4i hi\u1ec3u r\u1eb1ng b\u1ea5t k\u1ef3 ng\u01b0\u1eddi ba, ng\u01b0\u1eddi m\u1eb9 n\u00e0o c\u0169ng \u0111\u1ec1u mong mu\u1ed1n cho con c\u00f3 m\u1ed9t kh\u1edfi \u0111\u1ea7u tr\u1ecdn v\u1eb9n nh\u1ea5t. V\u00ec v\u1eady, b\u1eb1ng t\u1ea5t c\u1ea3 s\u1ef1 t\u1eadn t\u00e2m c\u1ee7a \u0111\u1ed9i ng\u0169 chuy\u00ean m\u00f4n v\u00e0 s\u1ef1 h\u1ed7 tr\u1ee3 c\u1ee7a trang thi\u1ebft b\u1ecb hi\u1ec7n \u0111\u1ea1i, ch\u00fang t\u00f4i ch\u1eafc ch\u1eafn s\u1ebd gi\u00fap m\u1eb9 an nh\u00e0n v\u01b0\u1ee3t c\u1ea1n, \u0111\u00f3n b\u00e9 y\u00eau kh\u1ecfe m\u1ea1nh v\u00e0 gi\u00fap ba m\u1eb9 an l\u00f2ng.\" \/>\n<meta name=\"twitter:image\" content=\"https:\/\/hoanmy.com\/binhphuoc\/thai-san\/wp-content\/uploads\/2023\/04\/thumbnail.png\" \/>\n<script type=\"application\/ld+json\" class=\"yoast-schema-graph\">{\"@context\":\"https:\/\/schema.org\",\"@graph\":[{\"@type\":\"WebPage\",\"@id\":\"https:\/\/hoanmy.com\/binhphuoc\/thai-san\/\",\"url\":\"https:\/\/hoanmy.com\/binhphuoc\/thai-san\/\",\"name\":\"SINH CON TR\u1eccN G\u00d3I - B\u1ec7nh vi\u1ec7n Ho\u00e0n M\u1ef9 B\u00ecnh Ph\u01b0\u1edbc\",\"isPartOf\":{\"@id\":\"https:\/\/hoanmy.com\/binhphuoc\/thai-san\/#website\"},\"datePublished\":\"2023-08-22T02:47:23+00:00\",\"dateModified\":\"2023-12-20T02:31:21+00:00\",\"description\":\"Tr\u1ecdn v\u1eb9n h\u00e0nh tr\u00ecnh \u0111\u00f3n b\u00e9 Ho\u00e0n M\u1ef9. \u201cSinh con tr\u1ecdn g\u00f3i\\\" t\u1ea1i B\u1ec7nh vi\u1ec7n Ho\u00e0n M\u1ef9 B\u00ecnh Ph\u01b0\u1edbc l\u00e0 m\u1ed9t l\u1ef1a ch\u1ecdn uy t\u00edn v\u00e0 ch\u1ea5t l\u01b0\u1ee3ng h\u00e0ng \u0111\u1ea7u cho r\u1ea5t nhi\u1ec1u gia \u0111\u00ecnh t\u1ea1i t\u1ec9nh nh\u00e0. Ch\u00fang t\u00f4i hi\u1ec3u r\u1eb1ng b\u1ea5t k\u1ef3 ng\u01b0\u1eddi ba, ng\u01b0\u1eddi m\u1eb9 n\u00e0o c\u0169ng \u0111\u1ec1u mong mu\u1ed1n cho con c\u00f3 m\u1ed9t kh\u1edfi \u0111\u1ea7u tr\u1ecdn v\u1eb9n nh\u1ea5t. V\u00ec v\u1eady, b\u1eb1ng t\u1ea5t c\u1ea3 s\u1ef1 t\u1eadn t\u00e2m c\u1ee7a \u0111\u1ed9i ng\u0169 chuy\u00ean m\u00f4n v\u00e0 s\u1ef1 h\u1ed7 tr\u1ee3 c\u1ee7a trang thi\u1ebft b\u1ecb hi\u1ec7n \u0111\u1ea1i, ch\u00fang t\u00f4i ch\u1eafc ch\u1eafn s\u1ebd gi\u00fap m\u1eb9 an nh\u00e0n v\u01b0\u1ee3t c\u1ea1n, \u0111\u00f3n b\u00e9 y\u00eau kh\u1ecfe m\u1ea1nh v\u00e0 gi\u00fap ba m\u1eb9 an l\u00f2ng.\",\"breadcrumb\":{\"@id\":\"https:\/\/hoanmy.com\/binhphuoc\/thai-san\/#breadcrumb\"},\"inLanguage\":\"vi\",\"potentialAction\":[{\"@type\":\"ReadAction\",\"target\":[\"https:\/\/hoanmy.com\/binhphuoc\/thai-san\/\"]}]},{\"@type\":\"BreadcrumbList\",\"@id\":\"https:\/\/hoanmy.com\/binhphuoc\/thai-san\/#breadcrumb\",\"itemListElement\":[{\"@type\":\"ListItem\",\"position\":1,\"name\":\"Trang ch\u1ee7\",\"item\":\"https:\/\/hoanmy.com\/binhphuoc\/thai-san\/\"},{\"@type\":\"ListItem\",\"position\":2,\"name\":\"Trang ch\u1ee7\"}]},{\"@type\":\"WebSite\",\"@id\":\"https:\/\/hoanmy.com\/binhphuoc\/thai-san\/#website\",\"url\":\"https:\/\/hoanmy.com\/binhphuoc\/thai-san\/\",\"name\":\"Hoan My\",\"description\":\"M\u1ed9t trang web m\u1edbi s\u1eed d\u1ee5ng WordPress\",\"potentialAction\":[{\"@type\":\"SearchAction\",\"target\":{\"@type\":\"EntryPoint\",\"urlTemplate\":\"https:\/\/hoanmy.com\/binhphuoc\/thai-san\/?s={search_term_string}\"},\"query-input\":\"required name=search_term_string\"}],\"inLanguage\":\"vi\"}]}<\/script>\n<!-- \/ Yoast SEO plugin. -->","yoast_head_json":{"title":"SINH CON TR\u1eccN G\u00d3I - B\u1ec7nh vi\u1ec7n Ho\u00e0n M\u1ef9 B\u00ecnh Ph\u01b0\u1edbc","description":"Tr\u1ecdn v\u1eb9n h\u00e0nh tr\u00ecnh \u0111\u00f3n b\u00e9 Ho\u00e0n M\u1ef9. \u201cSinh con tr\u1ecdn g\u00f3i\" t\u1ea1i B\u1ec7nh vi\u1ec7n Ho\u00e0n M\u1ef9 B\u00ecnh Ph\u01b0\u1edbc l\u00e0 m\u1ed9t l\u1ef1a ch\u1ecdn uy t\u00edn v\u00e0 ch\u1ea5t l\u01b0\u1ee3ng h\u00e0ng \u0111\u1ea7u cho r\u1ea5t nhi\u1ec1u gia \u0111\u00ecnh t\u1ea1i t\u1ec9nh nh\u00e0. Ch\u00fang t\u00f4i hi\u1ec3u r\u1eb1ng b\u1ea5t k\u1ef3 ng\u01b0\u1eddi ba, ng\u01b0\u1eddi m\u1eb9 n\u00e0o c\u0169ng \u0111\u1ec1u mong mu\u1ed1n cho con c\u00f3 m\u1ed9t kh\u1edfi \u0111\u1ea7u tr\u1ecdn v\u1eb9n nh\u1ea5t. V\u00ec v\u1eady, b\u1eb1ng t\u1ea5t c\u1ea3 s\u1ef1 t\u1eadn t\u00e2m c\u1ee7a \u0111\u1ed9i ng\u0169 chuy\u00ean m\u00f4n v\u00e0 s\u1ef1 h\u1ed7 tr\u1ee3 c\u1ee7a trang thi\u1ebft b\u1ecb hi\u1ec7n \u0111\u1ea1i, ch\u00fang t\u00f4i ch\u1eafc ch\u1eafn s\u1ebd gi\u00fap m\u1eb9 an nh\u00e0n v\u01b0\u1ee3t c\u1ea1n, \u0111\u00f3n b\u00e9 y\u00eau kh\u1ecfe m\u1ea1nh v\u00e0 gi\u00fap ba m\u1eb9 an l\u00f2ng.","robots":{"index":"index","follow":"follow","max-snippet":"max-snippet:-1","max-image-preview":"max-image-preview:large","max-video-preview":"max-video-preview:-1"},"canonical":"https:\/\/hoanmy.com\/binhphuoc\/thai-san\/","og_locale":"vi_VN","og_type":"article","og_title":"SINH CON TR\u1eccN G\u00d3I - B\u1ec7nh vi\u1ec7n Ho\u00e0n M\u1ef9 B\u00ecnh Ph\u01b0\u1edbc","og_description":"Tr\u1ecdn v\u1eb9n h\u00e0nh tr\u00ecnh \u0111\u00f3n b\u00e9 Ho\u00e0n M\u1ef9. \u201cSinh con tr\u1ecdn g\u00f3i\" t\u1ea1i B\u1ec7nh vi\u1ec7n Ho\u00e0n M\u1ef9 B\u00ecnh Ph\u01b0\u1edbc l\u00e0 m\u1ed9t l\u1ef1a ch\u1ecdn uy t\u00edn v\u00e0 ch\u1ea5t l\u01b0\u1ee3ng h\u00e0ng \u0111\u1ea7u cho r\u1ea5t nhi\u1ec1u gia \u0111\u00ecnh t\u1ea1i t\u1ec9nh nh\u00e0. Ch\u00fang t\u00f4i hi\u1ec3u r\u1eb1ng b\u1ea5t k\u1ef3 ng\u01b0\u1eddi ba, ng\u01b0\u1eddi m\u1eb9 n\u00e0o c\u0169ng \u0111\u1ec1u mong mu\u1ed1n cho con c\u00f3 m\u1ed9t kh\u1edfi \u0111\u1ea7u tr\u1ecdn v\u1eb9n nh\u1ea5t. V\u00ec v\u1eady, b\u1eb1ng t\u1ea5t c\u1ea3 s\u1ef1 t\u1eadn t\u00e2m c\u1ee7a \u0111\u1ed9i ng\u0169 chuy\u00ean m\u00f4n v\u00e0 s\u1ef1 h\u1ed7 tr\u1ee3 c\u1ee7a trang thi\u1ebft b\u1ecb hi\u1ec7n \u0111\u1ea1i, ch\u00fang t\u00f4i ch\u1eafc ch\u1eafn s\u1ebd gi\u00fap m\u1eb9 an nh\u00e0n v\u01b0\u1ee3t c\u1ea1n, \u0111\u00f3n b\u00e9 y\u00eau kh\u1ecfe m\u1ea1nh v\u00e0 gi\u00fap ba m\u1eb9 an l\u00f2ng.","og_url":"https:\/\/hoanmy.com\/binhphuoc\/thai-san\/","og_site_name":"Hoan My","article_modified_time":"2023-12-20T02:31:21+00:00","og_image":[{"width":786,"height":544,"url":"https:\/\/hoanmy.com\/binhphuoc\/thai-san\/wp-content\/uploads\/2023\/04\/thumbnail.png","type":"image\/png"}],"twitter_card":"summary_large_image","twitter_title":"SINH CON TR\u1eccN G\u00d3I - B\u1ec7nh vi\u1ec7n Ho\u00e0n M\u1ef9 B\u00ecnh Ph\u01b0\u1edbc","twitter_description":"Tr\u1ecdn v\u1eb9n h\u00e0nh tr\u00ecnh \u0111\u00f3n b\u00e9 Ho\u00e0n M\u1ef9. \u201cSinh con tr\u1ecdn g\u00f3i\" t\u1ea1i B\u1ec7nh vi\u1ec7n Ho\u00e0n M\u1ef9 B\u00ecnh Ph\u01b0\u1edbc l\u00e0 m\u1ed9t l\u1ef1a ch\u1ecdn uy t\u00edn v\u00e0 ch\u1ea5t l\u01b0\u1ee3ng h\u00e0ng \u0111\u1ea7u cho r\u1ea5t nhi\u1ec1u gia \u0111\u00ecnh t\u1ea1i t\u1ec9nh nh\u00e0. Ch\u00fang t\u00f4i hi\u1ec3u r\u1eb1ng b\u1ea5t k\u1ef3 ng\u01b0\u1eddi ba, ng\u01b0\u1eddi m\u1eb9 n\u00e0o c\u0169ng \u0111\u1ec1u mong mu\u1ed1n cho con c\u00f3 m\u1ed9t kh\u1edfi \u0111\u1ea7u tr\u1ecdn v\u1eb9n nh\u1ea5t. V\u00ec v\u1eady, b\u1eb1ng t\u1ea5t c\u1ea3 s\u1ef1 t\u1eadn t\u00e2m c\u1ee7a \u0111\u1ed9i ng\u0169 chuy\u00ean m\u00f4n v\u00e0 s\u1ef1 h\u1ed7 tr\u1ee3 c\u1ee7a trang thi\u1ebft b\u1ecb hi\u1ec7n \u0111\u1ea1i, ch\u00fang t\u00f4i ch\u1eafc ch\u1eafn s\u1ebd gi\u00fap m\u1eb9 an nh\u00e0n v\u01b0\u1ee3t c\u1ea1n, \u0111\u00f3n b\u00e9 y\u00eau kh\u1ecfe m\u1ea1nh v\u00e0 gi\u00fap ba m\u1eb9 an l\u00f2ng.","twitter_image":"https:\/\/hoanmy.com\/binhphuoc\/thai-san\/wp-content\/uploads\/2023\/04\/thumbnail.png","schema":{"@context":"https:\/\/schema.org","@graph":[{"@type":"WebPage","@id":"https:\/\/hoanmy.com\/binhphuoc\/thai-san\/","url":"https:\/\/hoanmy.com\/binhphuoc\/thai-san\/","name":"SINH CON TR\u1eccN G\u00d3I - B\u1ec7nh vi\u1ec7n Ho\u00e0n M\u1ef9 B\u00ecnh Ph\u01b0\u1edbc","isPartOf":{"@id":"https:\/\/hoanmy.com\/binhphuoc\/thai-san\/#website"},"datePublished":"2023-08-22T02:47:23+00:00","dateModified":"2023-12-20T02:31:21+00:00","description":"Tr\u1ecdn v\u1eb9n h\u00e0nh tr\u00ecnh \u0111\u00f3n b\u00e9 Ho\u00e0n M\u1ef9. \u201cSinh con tr\u1ecdn g\u00f3i\" t\u1ea1i B\u1ec7nh vi\u1ec7n Ho\u00e0n M\u1ef9 B\u00ecnh Ph\u01b0\u1edbc l\u00e0 m\u1ed9t l\u1ef1a ch\u1ecdn uy t\u00edn v\u00e0 ch\u1ea5t l\u01b0\u1ee3ng h\u00e0ng \u0111\u1ea7u cho r\u1ea5t nhi\u1ec1u gia \u0111\u00ecnh t\u1ea1i t\u1ec9nh nh\u00e0. Ch\u00fang t\u00f4i hi\u1ec3u r\u1eb1ng b\u1ea5t k\u1ef3 ng\u01b0\u1eddi ba, ng\u01b0\u1eddi m\u1eb9 n\u00e0o c\u0169ng \u0111\u1ec1u mong mu\u1ed1n cho con c\u00f3 m\u1ed9t kh\u1edfi \u0111\u1ea7u tr\u1ecdn v\u1eb9n nh\u1ea5t. V\u00ec v\u1eady, b\u1eb1ng t\u1ea5t c\u1ea3 s\u1ef1 t\u1eadn t\u00e2m c\u1ee7a \u0111\u1ed9i ng\u0169 chuy\u00ean m\u00f4n v\u00e0 s\u1ef1 h\u1ed7 tr\u1ee3 c\u1ee7a trang thi\u1ebft b\u1ecb hi\u1ec7n \u0111\u1ea1i, ch\u00fang t\u00f4i ch\u1eafc ch\u1eafn s\u1ebd gi\u00fap m\u1eb9 an nh\u00e0n v\u01b0\u1ee3t c\u1ea1n, \u0111\u00f3n b\u00e9 y\u00eau kh\u1ecfe m\u1ea1nh v\u00e0 gi\u00fap ba m\u1eb9 an l\u00f2ng.","breadcrumb":{"@id":"https:\/\/hoanmy.com\/binhphuoc\/thai-san\/#breadcrumb"},"inLanguage":"vi","potentialAction":[{"@type":"ReadAction","target":["https:\/\/hoanmy.com\/binhphuoc\/thai-san\/"]}]},{"@type":"BreadcrumbList","@id":"https:\/\/hoanmy.com\/binhphuoc\/thai-san\/#breadcrumb","itemListElement":[{"@type":"ListItem","position":1,"name":"Trang ch\u1ee7","item":"https:\/\/hoanmy.com\/binhphuoc\/thai-san\/"},{"@type":"ListItem","position":2,"name":"Trang ch\u1ee7"}]},{"@type":"WebSite","@id":"https:\/\/hoanmy.com\/binhphuoc\/thai-san\/#website","url":"https:\/\/hoanmy.com\/binhphuoc\/thai-san\/","name":"Hoan My","description":"M\u1ed9t trang web m\u1edbi s\u1eed d\u1ee5ng WordPress","potentialAction":[{"@type":"SearchAction","target":{"@type":"EntryPoint","urlTemplate":"https:\/\/hoanmy.com\/binhphuoc\/thai-san\/?s={search_term_string}"},"query-input":"required name=search_term_string"}],"inLanguage":"vi"}]}},"_links":{"self":[{"href":"https:\/\/hoanmy.com\/binhphuoc\/thai-san\/wp-json\/wp\/v2\/pages\/434"}],"collection":[{"href":"https:\/\/hoanmy.com\/binhphuoc\/thai-san\/wp-json\/wp\/v2\/pages"}],"about":[{"href":"https:\/\/hoanmy.com\/binhphuoc\/thai-san\/wp-json\/wp\/v2\/types\/page"}],"author":[{"embeddable":true,"href":"https:\/\/hoanmy.com\/binhphuoc\/thai-san\/wp-json\/wp\/v2\/users\/1"}],"replies":[{"embeddable":true,"href":"https:\/\/hoanmy.com\/binhphuoc\/thai-san\/wp-json\/wp\/v2\/comments?post=434"}],"version-history":[{"count":160,"href":"https:\/\/hoanmy.com\/binhphuoc\/thai-san\/wp-json\/wp\/v2\/pages\/434\/revisions"}],"predecessor-version":[{"id":1063,"href":"https:\/\/hoanmy.com\/binhphuoc\/thai-san\/wp-json\/wp\/v2\/pages\/434\/revisions\/1063"}],"wp:attachment":[{"href":"https:\/\/hoanmy.com\/binhphuoc\/thai-san\/wp-json\/wp\/v2\/media?parent=434"}],"curies":[{"name":"wp","href":"https:\/\/api.w.org\/{rel}","templated":true}]}}