{"id":434,"date":"2023-08-22T02:47:23","date_gmt":"2023-08-22T02:47:23","guid":{"rendered":"https:\/\/hoanmy.com\/dongnai\/phaco\/?page_id=434"},"modified":"2023-12-19T09:48:16","modified_gmt":"2023-12-19T09:48:16","slug":"trang-chu","status":"publish","type":"page","link":"https:\/\/hoanmy.com\/binhduong\/thai-san\/","title":{"rendered":"Trang ch\u1ee7"},"content":{"rendered":"","protected":false},"excerpt":{"rendered":"","protected":false},"author":1,"featured_media":0,"parent":0,"menu_order":0,"comment_status":"closed","ping_status":"closed","template":"page-templates\/page-template-3.php","meta":{"inline_featured_image":false,"footnotes":""},"class_list":["post-434","page","type-page","status-publish","hentry"],"acf":[],"yoast_head":"<!-- This site is optimized with the Yoast SEO plugin v23.1 - https:\/\/yoast.com\/wordpress\/plugins\/seo\/ -->\n<title>THAI S\u1ea2N TR\u1eccN G\u00d3I - B\u1ec7nh vi\u1ec7n Ho\u00e0n M\u1ef9 B\u00ecnh D\u01b0\u01a1ng<\/title>\n<meta name=\"description\" content=\"G\u00f3i tr\u1ecdn an t\u00e2m, \u0111\u00f3n b\u00e9 Ho\u00e0n M\u1ef9. N\u1ebfu mang thai l\u00e0 \u0111i\u1ec1u di\u1ec7u k\u1ef3 th\u00ec sinh con l\u1ea1i l\u00e0 kho\u1ea3nh kh\u1eafc thi\u00eang li\u00eang nh\u1ea5t \u0111\u1ed1i v\u1edbi m\u1ed7i ng\u01b0\u1eddi m\u1eb9. \u0110\u00e2y l\u00e0 giai \u0111o\u1ea1n chuy\u1ec3n m\u00ecnh, l\u00e0 b\u01b0\u1edbc \u0111\u00e1nh d\u1ea5u s\u1ef1 ti\u1ebfp n\u1ed1i y\u00eau th\u01b0\u01a1ng c\u1ee7a thi\u00ean th\u1ea7n nh\u1ecf. Tuy v\u1eady, \u201csinh n\u1edf\u201d ch\u01b0a bao gi\u1edd l\u00e0 m\u1ed9t h\u00e0nh tr\u00ecnh d\u1ec5 d\u00e0ng, nh\u1ea5t l\u00e0 v\u1edbi nh\u1eefng ng\u01b0\u1eddi l\u1ea7n \u0111\u1ea7u l\u00e0m ba, l\u00e0m m\u1eb9. V\u00ec v\u1eady, v\u1edbi mong mu\u1ed1n \u0111\u1ed3ng h\u00e0nh c\u00f9ng ba m\u1eb9 cho b\u00e9 m\u1ed9t kh\u1edfi \u0111\u1ea7u ho\u00e0n h\u1ea3o, B\u1ec7nh vi\u1ec7n Ho\u00e0n M\u1ef9 B\u00ecnh D\u01b0\u01a1ng \u0111\u00e3 tri\u1ec3n khai g\u00f3i d\u1ecbch v\u1ee5 \u201cThai s\u1ea3n tr\u1ecdn g\u00f3i\u201d. Theo \u0111\u00f3, ba m\u1eb9 kh\u00f4ng ph\u1ea3i \u0111\u1eafn \u0111o \u0111i\u1ec1u chi m\u00e0 ch\u1ec9 c\u1ea7n chu\u1ea9n b\u1ecb th\u1eadt s\u1eb5n s\u00e0ng \u0111\u00f3n ch\u1edd kho\u1ea3nh kh\u1eafc b\u00e9 ch\u00e0o \u0111\u1eddi.\" \/>\n<meta name=\"robots\" content=\"index, follow, max-snippet:-1, max-image-preview:large, max-video-preview:-1\" \/>\n<link rel=\"canonical\" href=\"https:\/\/hoanmy.com\/binhduong\/thai-san\/\" \/>\n<meta property=\"og:locale\" content=\"vi_VN\" \/>\n<meta property=\"og:type\" content=\"article\" \/>\n<meta property=\"og:title\" content=\"THAI S\u1ea2N TR\u1eccN G\u00d3I - B\u1ec7nh vi\u1ec7n Ho\u00e0n M\u1ef9 B\u00ecnh D\u01b0\u01a1ng\" \/>\n<meta property=\"og:description\" content=\"G\u00f3i tr\u1ecdn an t\u00e2m, \u0111\u00f3n b\u00e9 Ho\u00e0n M\u1ef9. N\u1ebfu mang thai l\u00e0 \u0111i\u1ec1u di\u1ec7u k\u1ef3 th\u00ec sinh con l\u1ea1i l\u00e0 kho\u1ea3nh kh\u1eafc thi\u00eang li\u00eang nh\u1ea5t \u0111\u1ed1i v\u1edbi m\u1ed7i ng\u01b0\u1eddi m\u1eb9. \u0110\u00e2y l\u00e0 giai \u0111o\u1ea1n chuy\u1ec3n m\u00ecnh, l\u00e0 b\u01b0\u1edbc \u0111\u00e1nh d\u1ea5u s\u1ef1 ti\u1ebfp n\u1ed1i y\u00eau th\u01b0\u01a1ng c\u1ee7a thi\u00ean th\u1ea7n nh\u1ecf. Tuy v\u1eady, \u201csinh n\u1edf\u201d ch\u01b0a bao gi\u1edd l\u00e0 m\u1ed9t h\u00e0nh tr\u00ecnh d\u1ec5 d\u00e0ng, nh\u1ea5t l\u00e0 v\u1edbi nh\u1eefng ng\u01b0\u1eddi l\u1ea7n \u0111\u1ea7u l\u00e0m ba, l\u00e0m m\u1eb9. V\u00ec v\u1eady, v\u1edbi mong mu\u1ed1n \u0111\u1ed3ng h\u00e0nh c\u00f9ng ba m\u1eb9 cho b\u00e9 m\u1ed9t kh\u1edfi \u0111\u1ea7u ho\u00e0n h\u1ea3o, B\u1ec7nh vi\u1ec7n Ho\u00e0n M\u1ef9 B\u00ecnh D\u01b0\u01a1ng \u0111\u00e3 tri\u1ec3n khai g\u00f3i d\u1ecbch v\u1ee5 \u201cThai s\u1ea3n tr\u1ecdn g\u00f3i\u201d. Theo \u0111\u00f3, ba m\u1eb9 kh\u00f4ng ph\u1ea3i \u0111\u1eafn \u0111o \u0111i\u1ec1u chi m\u00e0 ch\u1ec9 c\u1ea7n chu\u1ea9n b\u1ecb th\u1eadt s\u1eb5n s\u00e0ng \u0111\u00f3n ch\u1edd kho\u1ea3nh kh\u1eafc b\u00e9 ch\u00e0o \u0111\u1eddi.\" \/>\n<meta property=\"og:url\" content=\"https:\/\/hoanmy.com\/binhduong\/thai-san\/\" \/>\n<meta property=\"og:site_name\" content=\"Hoan My\" \/>\n<meta property=\"article:modified_time\" content=\"2023-12-19T09:48:16+00:00\" \/>\n<meta property=\"og:image\" content=\"https:\/\/hoanmy.com\/binhduong\/thai-san\/wp-content\/uploads\/2023\/04\/thumbnail.png\" \/>\n\t<meta property=\"og:image:width\" content=\"786\" \/>\n\t<meta property=\"og:image:height\" content=\"544\" \/>\n\t<meta property=\"og:image:type\" content=\"image\/png\" \/>\n<meta name=\"twitter:card\" content=\"summary_large_image\" \/>\n<meta name=\"twitter:title\" content=\"THAI S\u1ea2N TR\u1eccN G\u00d3I - B\u1ec7nh vi\u1ec7n Ho\u00e0n M\u1ef9 B\u00ecnh D\u01b0\u01a1ng\" \/>\n<meta name=\"twitter:description\" content=\"G\u00f3i tr\u1ecdn an t\u00e2m, \u0111\u00f3n b\u00e9 Ho\u00e0n M\u1ef9. N\u1ebfu mang thai l\u00e0 \u0111i\u1ec1u di\u1ec7u k\u1ef3 th\u00ec sinh con l\u1ea1i l\u00e0 kho\u1ea3nh kh\u1eafc thi\u00eang li\u00eang nh\u1ea5t \u0111\u1ed1i v\u1edbi m\u1ed7i ng\u01b0\u1eddi m\u1eb9. \u0110\u00e2y l\u00e0 giai \u0111o\u1ea1n chuy\u1ec3n m\u00ecnh, l\u00e0 b\u01b0\u1edbc \u0111\u00e1nh d\u1ea5u s\u1ef1 ti\u1ebfp n\u1ed1i y\u00eau th\u01b0\u01a1ng c\u1ee7a thi\u00ean th\u1ea7n nh\u1ecf. Tuy v\u1eady, \u201csinh n\u1edf\u201d ch\u01b0a bao gi\u1edd l\u00e0 m\u1ed9t h\u00e0nh tr\u00ecnh d\u1ec5 d\u00e0ng, nh\u1ea5t l\u00e0 v\u1edbi nh\u1eefng ng\u01b0\u1eddi l\u1ea7n \u0111\u1ea7u l\u00e0m ba, l\u00e0m m\u1eb9. V\u00ec v\u1eady, v\u1edbi mong mu\u1ed1n \u0111\u1ed3ng h\u00e0nh c\u00f9ng ba m\u1eb9 cho b\u00e9 m\u1ed9t kh\u1edfi \u0111\u1ea7u ho\u00e0n h\u1ea3o, B\u1ec7nh vi\u1ec7n Ho\u00e0n M\u1ef9 B\u00ecnh D\u01b0\u01a1ng \u0111\u00e3 tri\u1ec3n khai g\u00f3i d\u1ecbch v\u1ee5 \u201cThai s\u1ea3n tr\u1ecdn g\u00f3i\u201d. Theo \u0111\u00f3, ba m\u1eb9 kh\u00f4ng ph\u1ea3i \u0111\u1eafn \u0111o \u0111i\u1ec1u chi m\u00e0 ch\u1ec9 c\u1ea7n chu\u1ea9n b\u1ecb th\u1eadt s\u1eb5n s\u00e0ng \u0111\u00f3n ch\u1edd kho\u1ea3nh kh\u1eafc b\u00e9 ch\u00e0o \u0111\u1eddi.\" \/>\n<meta name=\"twitter:image\" content=\"https:\/\/hoanmy.com\/binhduong\/thai-san\/wp-content\/uploads\/2023\/04\/thumbnail.png\" \/>\n<script type=\"application\/ld+json\" class=\"yoast-schema-graph\">{\"@context\":\"https:\/\/schema.org\",\"@graph\":[{\"@type\":\"WebPage\",\"@id\":\"https:\/\/hoanmy.com\/binhduong\/thai-san\/\",\"url\":\"https:\/\/hoanmy.com\/binhduong\/thai-san\/\",\"name\":\"THAI S\u1ea2N TR\u1eccN G\u00d3I - B\u1ec7nh vi\u1ec7n Ho\u00e0n M\u1ef9 B\u00ecnh D\u01b0\u01a1ng\",\"isPartOf\":{\"@id\":\"https:\/\/hoanmy.com\/binhduong\/thai-san\/#website\"},\"datePublished\":\"2023-08-22T02:47:23+00:00\",\"dateModified\":\"2023-12-19T09:48:16+00:00\",\"description\":\"G\u00f3i tr\u1ecdn an t\u00e2m, \u0111\u00f3n b\u00e9 Ho\u00e0n M\u1ef9. N\u1ebfu mang thai l\u00e0 \u0111i\u1ec1u di\u1ec7u k\u1ef3 th\u00ec sinh con l\u1ea1i l\u00e0 kho\u1ea3nh kh\u1eafc thi\u00eang li\u00eang nh\u1ea5t \u0111\u1ed1i v\u1edbi m\u1ed7i ng\u01b0\u1eddi m\u1eb9. \u0110\u00e2y l\u00e0 giai \u0111o\u1ea1n chuy\u1ec3n m\u00ecnh, l\u00e0 b\u01b0\u1edbc \u0111\u00e1nh d\u1ea5u s\u1ef1 ti\u1ebfp n\u1ed1i y\u00eau th\u01b0\u01a1ng c\u1ee7a thi\u00ean th\u1ea7n nh\u1ecf. Tuy v\u1eady, \u201csinh n\u1edf\u201d ch\u01b0a bao gi\u1edd l\u00e0 m\u1ed9t h\u00e0nh tr\u00ecnh d\u1ec5 d\u00e0ng, nh\u1ea5t l\u00e0 v\u1edbi nh\u1eefng ng\u01b0\u1eddi l\u1ea7n \u0111\u1ea7u l\u00e0m ba, l\u00e0m m\u1eb9. V\u00ec v\u1eady, v\u1edbi mong mu\u1ed1n \u0111\u1ed3ng h\u00e0nh c\u00f9ng ba m\u1eb9 cho b\u00e9 m\u1ed9t kh\u1edfi \u0111\u1ea7u ho\u00e0n h\u1ea3o, B\u1ec7nh vi\u1ec7n Ho\u00e0n M\u1ef9 B\u00ecnh D\u01b0\u01a1ng \u0111\u00e3 tri\u1ec3n khai g\u00f3i d\u1ecbch v\u1ee5 \u201cThai s\u1ea3n tr\u1ecdn g\u00f3i\u201d. Theo \u0111\u00f3, ba m\u1eb9 kh\u00f4ng ph\u1ea3i \u0111\u1eafn \u0111o \u0111i\u1ec1u chi m\u00e0 ch\u1ec9 c\u1ea7n chu\u1ea9n b\u1ecb th\u1eadt s\u1eb5n s\u00e0ng \u0111\u00f3n ch\u1edd kho\u1ea3nh kh\u1eafc b\u00e9 ch\u00e0o \u0111\u1eddi.\",\"breadcrumb\":{\"@id\":\"https:\/\/hoanmy.com\/binhduong\/thai-san\/#breadcrumb\"},\"inLanguage\":\"vi\",\"potentialAction\":[{\"@type\":\"ReadAction\",\"target\":[\"https:\/\/hoanmy.com\/binhduong\/thai-san\/\"]}]},{\"@type\":\"BreadcrumbList\",\"@id\":\"https:\/\/hoanmy.com\/binhduong\/thai-san\/#breadcrumb\",\"itemListElement\":[{\"@type\":\"ListItem\",\"position\":1,\"name\":\"Trang ch\u1ee7\",\"item\":\"https:\/\/hoanmy.com\/binhduong\/thai-san\/\"},{\"@type\":\"ListItem\",\"position\":2,\"name\":\"Trang ch\u1ee7\"}]},{\"@type\":\"WebSite\",\"@id\":\"https:\/\/hoanmy.com\/binhduong\/thai-san\/#website\",\"url\":\"https:\/\/hoanmy.com\/binhduong\/thai-san\/\",\"name\":\"Hoan My\",\"description\":\"M\u1ed9t trang web m\u1edbi s\u1eed d\u1ee5ng WordPress\",\"potentialAction\":[{\"@type\":\"SearchAction\",\"target\":{\"@type\":\"EntryPoint\",\"urlTemplate\":\"https:\/\/hoanmy.com\/binhduong\/thai-san\/?s={search_term_string}\"},\"query-input\":\"required name=search_term_string\"}],\"inLanguage\":\"vi\"}]}<\/script>\n<!-- \/ Yoast SEO plugin. -->","yoast_head_json":{"title":"THAI S\u1ea2N TR\u1eccN G\u00d3I - B\u1ec7nh vi\u1ec7n Ho\u00e0n M\u1ef9 B\u00ecnh D\u01b0\u01a1ng","description":"G\u00f3i tr\u1ecdn an t\u00e2m, \u0111\u00f3n b\u00e9 Ho\u00e0n M\u1ef9. N\u1ebfu mang thai l\u00e0 \u0111i\u1ec1u di\u1ec7u k\u1ef3 th\u00ec sinh con l\u1ea1i l\u00e0 kho\u1ea3nh kh\u1eafc thi\u00eang li\u00eang nh\u1ea5t \u0111\u1ed1i v\u1edbi m\u1ed7i ng\u01b0\u1eddi m\u1eb9. \u0110\u00e2y l\u00e0 giai \u0111o\u1ea1n chuy\u1ec3n m\u00ecnh, l\u00e0 b\u01b0\u1edbc \u0111\u00e1nh d\u1ea5u s\u1ef1 ti\u1ebfp n\u1ed1i y\u00eau th\u01b0\u01a1ng c\u1ee7a thi\u00ean th\u1ea7n nh\u1ecf. Tuy v\u1eady, \u201csinh n\u1edf\u201d ch\u01b0a bao gi\u1edd l\u00e0 m\u1ed9t h\u00e0nh tr\u00ecnh d\u1ec5 d\u00e0ng, nh\u1ea5t l\u00e0 v\u1edbi nh\u1eefng ng\u01b0\u1eddi l\u1ea7n \u0111\u1ea7u l\u00e0m ba, l\u00e0m m\u1eb9. V\u00ec v\u1eady, v\u1edbi mong mu\u1ed1n \u0111\u1ed3ng h\u00e0nh c\u00f9ng ba m\u1eb9 cho b\u00e9 m\u1ed9t kh\u1edfi \u0111\u1ea7u ho\u00e0n h\u1ea3o, B\u1ec7nh vi\u1ec7n Ho\u00e0n M\u1ef9 B\u00ecnh D\u01b0\u01a1ng \u0111\u00e3 tri\u1ec3n khai g\u00f3i d\u1ecbch v\u1ee5 \u201cThai s\u1ea3n tr\u1ecdn g\u00f3i\u201d. Theo \u0111\u00f3, ba m\u1eb9 kh\u00f4ng ph\u1ea3i \u0111\u1eafn \u0111o \u0111i\u1ec1u chi m\u00e0 ch\u1ec9 c\u1ea7n chu\u1ea9n b\u1ecb th\u1eadt s\u1eb5n s\u00e0ng \u0111\u00f3n ch\u1edd kho\u1ea3nh kh\u1eafc b\u00e9 ch\u00e0o \u0111\u1eddi.","robots":{"index":"index","follow":"follow","max-snippet":"max-snippet:-1","max-image-preview":"max-image-preview:large","max-video-preview":"max-video-preview:-1"},"canonical":"https:\/\/hoanmy.com\/binhduong\/thai-san\/","og_locale":"vi_VN","og_type":"article","og_title":"THAI S\u1ea2N TR\u1eccN G\u00d3I - B\u1ec7nh vi\u1ec7n Ho\u00e0n M\u1ef9 B\u00ecnh D\u01b0\u01a1ng","og_description":"G\u00f3i tr\u1ecdn an t\u00e2m, \u0111\u00f3n b\u00e9 Ho\u00e0n M\u1ef9. N\u1ebfu mang thai l\u00e0 \u0111i\u1ec1u di\u1ec7u k\u1ef3 th\u00ec sinh con l\u1ea1i l\u00e0 kho\u1ea3nh kh\u1eafc thi\u00eang li\u00eang nh\u1ea5t \u0111\u1ed1i v\u1edbi m\u1ed7i ng\u01b0\u1eddi m\u1eb9. \u0110\u00e2y l\u00e0 giai \u0111o\u1ea1n chuy\u1ec3n m\u00ecnh, l\u00e0 b\u01b0\u1edbc \u0111\u00e1nh d\u1ea5u s\u1ef1 ti\u1ebfp n\u1ed1i y\u00eau th\u01b0\u01a1ng c\u1ee7a thi\u00ean th\u1ea7n nh\u1ecf. Tuy v\u1eady, \u201csinh n\u1edf\u201d ch\u01b0a bao gi\u1edd l\u00e0 m\u1ed9t h\u00e0nh tr\u00ecnh d\u1ec5 d\u00e0ng, nh\u1ea5t l\u00e0 v\u1edbi nh\u1eefng ng\u01b0\u1eddi l\u1ea7n \u0111\u1ea7u l\u00e0m ba, l\u00e0m m\u1eb9. V\u00ec v\u1eady, v\u1edbi mong mu\u1ed1n \u0111\u1ed3ng h\u00e0nh c\u00f9ng ba m\u1eb9 cho b\u00e9 m\u1ed9t kh\u1edfi \u0111\u1ea7u ho\u00e0n h\u1ea3o, B\u1ec7nh vi\u1ec7n Ho\u00e0n M\u1ef9 B\u00ecnh D\u01b0\u01a1ng \u0111\u00e3 tri\u1ec3n khai g\u00f3i d\u1ecbch v\u1ee5 \u201cThai s\u1ea3n tr\u1ecdn g\u00f3i\u201d. Theo \u0111\u00f3, ba m\u1eb9 kh\u00f4ng ph\u1ea3i \u0111\u1eafn \u0111o \u0111i\u1ec1u chi m\u00e0 ch\u1ec9 c\u1ea7n chu\u1ea9n b\u1ecb th\u1eadt s\u1eb5n s\u00e0ng \u0111\u00f3n ch\u1edd kho\u1ea3nh kh\u1eafc b\u00e9 ch\u00e0o \u0111\u1eddi.","og_url":"https:\/\/hoanmy.com\/binhduong\/thai-san\/","og_site_name":"Hoan My","article_modified_time":"2023-12-19T09:48:16+00:00","og_image":[{"width":786,"height":544,"url":"https:\/\/hoanmy.com\/binhduong\/thai-san\/wp-content\/uploads\/2023\/04\/thumbnail.png","type":"image\/png"}],"twitter_card":"summary_large_image","twitter_title":"THAI S\u1ea2N TR\u1eccN G\u00d3I - B\u1ec7nh vi\u1ec7n Ho\u00e0n M\u1ef9 B\u00ecnh D\u01b0\u01a1ng","twitter_description":"G\u00f3i tr\u1ecdn an t\u00e2m, \u0111\u00f3n b\u00e9 Ho\u00e0n M\u1ef9. N\u1ebfu mang thai l\u00e0 \u0111i\u1ec1u di\u1ec7u k\u1ef3 th\u00ec sinh con l\u1ea1i l\u00e0 kho\u1ea3nh kh\u1eafc thi\u00eang li\u00eang nh\u1ea5t \u0111\u1ed1i v\u1edbi m\u1ed7i ng\u01b0\u1eddi m\u1eb9. \u0110\u00e2y l\u00e0 giai \u0111o\u1ea1n chuy\u1ec3n m\u00ecnh, l\u00e0 b\u01b0\u1edbc \u0111\u00e1nh d\u1ea5u s\u1ef1 ti\u1ebfp n\u1ed1i y\u00eau th\u01b0\u01a1ng c\u1ee7a thi\u00ean th\u1ea7n nh\u1ecf. Tuy v\u1eady, \u201csinh n\u1edf\u201d ch\u01b0a bao gi\u1edd l\u00e0 m\u1ed9t h\u00e0nh tr\u00ecnh d\u1ec5 d\u00e0ng, nh\u1ea5t l\u00e0 v\u1edbi nh\u1eefng ng\u01b0\u1eddi l\u1ea7n \u0111\u1ea7u l\u00e0m ba, l\u00e0m m\u1eb9. V\u00ec v\u1eady, v\u1edbi mong mu\u1ed1n \u0111\u1ed3ng h\u00e0nh c\u00f9ng ba m\u1eb9 cho b\u00e9 m\u1ed9t kh\u1edfi \u0111\u1ea7u ho\u00e0n h\u1ea3o, B\u1ec7nh vi\u1ec7n Ho\u00e0n M\u1ef9 B\u00ecnh D\u01b0\u01a1ng \u0111\u00e3 tri\u1ec3n khai g\u00f3i d\u1ecbch v\u1ee5 \u201cThai s\u1ea3n tr\u1ecdn g\u00f3i\u201d. Theo \u0111\u00f3, ba m\u1eb9 kh\u00f4ng ph\u1ea3i \u0111\u1eafn \u0111o \u0111i\u1ec1u chi m\u00e0 ch\u1ec9 c\u1ea7n chu\u1ea9n b\u1ecb th\u1eadt s\u1eb5n s\u00e0ng \u0111\u00f3n ch\u1edd kho\u1ea3nh kh\u1eafc b\u00e9 ch\u00e0o \u0111\u1eddi.","twitter_image":"https:\/\/hoanmy.com\/binhduong\/thai-san\/wp-content\/uploads\/2023\/04\/thumbnail.png","schema":{"@context":"https:\/\/schema.org","@graph":[{"@type":"WebPage","@id":"https:\/\/hoanmy.com\/binhduong\/thai-san\/","url":"https:\/\/hoanmy.com\/binhduong\/thai-san\/","name":"THAI S\u1ea2N TR\u1eccN G\u00d3I - B\u1ec7nh vi\u1ec7n Ho\u00e0n M\u1ef9 B\u00ecnh D\u01b0\u01a1ng","isPartOf":{"@id":"https:\/\/hoanmy.com\/binhduong\/thai-san\/#website"},"datePublished":"2023-08-22T02:47:23+00:00","dateModified":"2023-12-19T09:48:16+00:00","description":"G\u00f3i tr\u1ecdn an t\u00e2m, \u0111\u00f3n b\u00e9 Ho\u00e0n M\u1ef9. N\u1ebfu mang thai l\u00e0 \u0111i\u1ec1u di\u1ec7u k\u1ef3 th\u00ec sinh con l\u1ea1i l\u00e0 kho\u1ea3nh kh\u1eafc thi\u00eang li\u00eang nh\u1ea5t \u0111\u1ed1i v\u1edbi m\u1ed7i ng\u01b0\u1eddi m\u1eb9. \u0110\u00e2y l\u00e0 giai \u0111o\u1ea1n chuy\u1ec3n m\u00ecnh, l\u00e0 b\u01b0\u1edbc \u0111\u00e1nh d\u1ea5u s\u1ef1 ti\u1ebfp n\u1ed1i y\u00eau th\u01b0\u01a1ng c\u1ee7a thi\u00ean th\u1ea7n nh\u1ecf. Tuy v\u1eady, \u201csinh n\u1edf\u201d ch\u01b0a bao gi\u1edd l\u00e0 m\u1ed9t h\u00e0nh tr\u00ecnh d\u1ec5 d\u00e0ng, nh\u1ea5t l\u00e0 v\u1edbi nh\u1eefng ng\u01b0\u1eddi l\u1ea7n \u0111\u1ea7u l\u00e0m ba, l\u00e0m m\u1eb9. V\u00ec v\u1eady, v\u1edbi mong mu\u1ed1n \u0111\u1ed3ng h\u00e0nh c\u00f9ng ba m\u1eb9 cho b\u00e9 m\u1ed9t kh\u1edfi \u0111\u1ea7u ho\u00e0n h\u1ea3o, B\u1ec7nh vi\u1ec7n Ho\u00e0n M\u1ef9 B\u00ecnh D\u01b0\u01a1ng \u0111\u00e3 tri\u1ec3n khai g\u00f3i d\u1ecbch v\u1ee5 \u201cThai s\u1ea3n tr\u1ecdn g\u00f3i\u201d. Theo \u0111\u00f3, ba m\u1eb9 kh\u00f4ng ph\u1ea3i \u0111\u1eafn \u0111o \u0111i\u1ec1u chi m\u00e0 ch\u1ec9 c\u1ea7n chu\u1ea9n b\u1ecb th\u1eadt s\u1eb5n s\u00e0ng \u0111\u00f3n ch\u1edd kho\u1ea3nh kh\u1eafc b\u00e9 ch\u00e0o \u0111\u1eddi.","breadcrumb":{"@id":"https:\/\/hoanmy.com\/binhduong\/thai-san\/#breadcrumb"},"inLanguage":"vi","potentialAction":[{"@type":"ReadAction","target":["https:\/\/hoanmy.com\/binhduong\/thai-san\/"]}]},{"@type":"BreadcrumbList","@id":"https:\/\/hoanmy.com\/binhduong\/thai-san\/#breadcrumb","itemListElement":[{"@type":"ListItem","position":1,"name":"Trang ch\u1ee7","item":"https:\/\/hoanmy.com\/binhduong\/thai-san\/"},{"@type":"ListItem","position":2,"name":"Trang ch\u1ee7"}]},{"@type":"WebSite","@id":"https:\/\/hoanmy.com\/binhduong\/thai-san\/#website","url":"https:\/\/hoanmy.com\/binhduong\/thai-san\/","name":"Hoan My","description":"M\u1ed9t trang web m\u1edbi s\u1eed d\u1ee5ng WordPress","potentialAction":[{"@type":"SearchAction","target":{"@type":"EntryPoint","urlTemplate":"https:\/\/hoanmy.com\/binhduong\/thai-san\/?s={search_term_string}"},"query-input":"required name=search_term_string"}],"inLanguage":"vi"}]}},"_links":{"self":[{"href":"https:\/\/hoanmy.com\/binhduong\/thai-san\/wp-json\/wp\/v2\/pages\/434"}],"collection":[{"href":"https:\/\/hoanmy.com\/binhduong\/thai-san\/wp-json\/wp\/v2\/pages"}],"about":[{"href":"https:\/\/hoanmy.com\/binhduong\/thai-san\/wp-json\/wp\/v2\/types\/page"}],"author":[{"embeddable":true,"href":"https:\/\/hoanmy.com\/binhduong\/thai-san\/wp-json\/wp\/v2\/users\/1"}],"replies":[{"embeddable":true,"href":"https:\/\/hoanmy.com\/binhduong\/thai-san\/wp-json\/wp\/v2\/comments?post=434"}],"version-history":[{"count":162,"href":"https:\/\/hoanmy.com\/binhduong\/thai-san\/wp-json\/wp\/v2\/pages\/434\/revisions"}],"predecessor-version":[{"id":1062,"href":"https:\/\/hoanmy.com\/binhduong\/thai-san\/wp-json\/wp\/v2\/pages\/434\/revisions\/1062"}],"wp:attachment":[{"href":"https:\/\/hoanmy.com\/binhduong\/thai-san\/wp-json\/wp\/v2\/media?parent=434"}],"curies":[{"name":"wp","href":"https:\/\/api.w.org\/{rel}","templated":true}]}}